{"id":1004,"date":"2021-03-18T11:01:08","date_gmt":"2021-03-18T11:01:08","guid":{"rendered":"https:\/\/www.leadproadvisors.es\/aviso-legal\/"},"modified":"2021-05-06T07:32:29","modified_gmt":"2021-05-06T07:32:29","slug":"legal-advice","status":"publish","type":"page","link":"https:\/\/www.leadproadvisors.es\/en\/legal-advice\/","title":{"rendered":"Legal Advice"},"content":{"rendered":"<div class=\"wpb-content-wrapper\"><p>[vc_row css_animation=&#8221;&#8221; row_type=&#8221;row&#8221; use_row_as_full_screen_section=&#8221;no&#8221; type=&#8221;full_width&#8221; angled_section=&#8221;no&#8221; text_align=&#8221;left&#8221; background_image_as_pattern=&#8221;without_pattern&#8221;][vc_column width=&#8221;1\/6&#8243;][\/vc_column][vc_column width=&#8221;2\/3&#8243;][vc_empty_space height=&#8221;100px&#8221;][vc_column_text]<\/p>\n<h1>Aviso Legal<\/h1>\n<p>[\/vc_column_text][vc_column_text el_class=&#8221;txt-legal&#8221;]<\/p>\n<h5 class=\"p1\"><span class=\"s1\"><b>IDENTIFICACI\u00d3N DE LAS PARTES<\/b><\/span><\/h5>\n<p class=\"p2\">El presente Aviso Legal de los servicios ofrecidos en esta URL (en adelante el PORTAL) es suscrito, por LEADPRO ADVISORS, S.L., titular de dicha URL, con C.I.F. n\u00fam. B82216623, con domicilio Social en la calle Doctor G\u00f3mez Ulla, 2, 2C 28028 Madrid (Espa\u00f1a)<\/p>\n<p class=\"p2\">En cualquier momento, el interesado podr\u00e1 guardar o imprimir este Aviso Legal y se aconseja al usuario hacerlo. Y, de otra parte, el USUARIO, quien navega a trav\u00e9s del portal y puede, si as\u00ed lo desea, enviar un e-mail a la direcci\u00f3n electr\u00f3nica <a href=\"mailto:mcnavarro@lpadvisors.es\">mcnavarro@lpadvisors.es<\/a>, siendo los datos facilitados a trav\u00e9s de ese correo electr\u00f3nico, utilizados \u00fanicamente para atender las solicitudes que realice el USUARIO. Para la utilizaci\u00f3n del presente PORTAL es requerida la aceptaci\u00f3n expresa por el USUARIO de todas y cada una de las cl\u00e1usulas del presente Aviso Legal. En caso de no aceptar el presente Aviso Legal, el USUARIO deber\u00e1 abstenerse de acceder y\/o utilizar los servicios ofertados por LEADPRO ADVISORS, debiendo a abandonar el PORTAL<\/p>\n<h5 class=\"p3\"><span class=\"s1\"><b>DEFINICIONES<\/b><\/span><\/h5>\n<p class=\"p2\">Usuario: Persona f\u00edsica o jur\u00eddica que visita el PORTAL y hace uso de sus servicios, pudiendo remitir solicitudes de informaci\u00f3n a trav\u00e9s de la direcci\u00f3n de correo electr\u00f3nica facilitada en el portal.<\/p>\n<p class=\"p2\">Datos de car\u00e1cter personal: cualquier informaci\u00f3n concerniente a personas f\u00edsicas identificadas o identificables que pudieran facilitar los usuarios en caso de enviar un email a la direcci\u00f3n general de correo electr\u00f3nico del portal.<\/p>\n<p class=\"p2\">Cookies: cadena de texto que se instala en el disco duro del ordenador del Usuario y cada vez que el mismo accede al Portal env\u00eda informaci\u00f3n que se utilizar\u00e1 para identificar a dicho usuario y sus preferencias de navegaci\u00f3n.<\/p>\n<h5 class=\"p1\"><span class=\"s1\"><b>OBJETO Y DEFINICI\u00d3N DE LOS SERVICIOS OFRECIDOS<\/b><\/span><\/h5>\n<p class=\"p2\">LEADPRO ADVISORS es un PORTAL de Internet cuya actividad principal consiste en ofrecer informaci\u00f3n sobre los servicios propios de su actividad, as\u00ed como informaci\u00f3n sobre la compa\u00f1\u00eda. A trav\u00e9s del Portal, los USUARIOS acceden a los diversos contenidos puestos a su disposici\u00f3n a trav\u00e9s de este medio. De este modo, el PORTAL se configura como un instrumento de presentaci\u00f3n y difusi\u00f3n de los servicios de LEADPRO ADVISORS. Por tanto, las cl\u00e1usulas del presente Aviso Legal se aplicar\u00e1n a todos los servicios ofrecidos en la web. Las caracter\u00edsticas de cada uno de estos servicios vienen determinadas en el PORTAL. No obstante, lo anterior, LEADPRO ADVISORS se reserva el derecho a proceder a la modificaci\u00f3n de las circunstancias y condiciones del servicio, sin previo aviso al usuario y siempre que estas no afecten a la naturaleza de la relaci\u00f3n jur\u00eddica mantenida y al presente Aviso Legal<\/p>\n<h5 class=\"p1\"><span class=\"s1\"><b>USUARIOS Y SERVICIOS OFRECIDOS POR EL PORTAL<\/b><\/span><\/h5>\n<p class=\"p2\">El PORTAL presenta servicios abiertos a la totalidad de los usuarios que lo visita. Los citados usuarios s\u00f3lo est\u00e1n autorizados al uso del PORTAL previa aceptaci\u00f3n y cumplimiento de las condiciones aqu\u00ed recogidas y deber\u00e1n abandonar el web site en caso contrario. El uso de estos servicios de informaci\u00f3n es gratuito.<\/p>\n<h5 class=\"p1\"><span class=\"s1\"><b>RESPONSABILIDADES:<\/b><\/span><\/h5>\n<p class=\"p2\"><b>Del portal:<\/b><\/p>\n<p class=\"p2\">No se har\u00e1 responsable, directa ni subsidiariamente de: La calidad del servicio, la velocidad de acceso, el correcto funcionamiento ni la disponibilidad ni continuidad de funcionamiento del portal. Los da\u00f1os que puedan causarse en los equipos del usuario por la utilizaci\u00f3n del portal. El incumplimiento de la ley, la moral y las buenas costumbres generalmente aceptadas o el orden p\u00fablico como consecuencia de la transmisi\u00f3n, difusi\u00f3n, almacenamiento, puesta a disposici\u00f3n, recepci\u00f3n, obtenci\u00f3n o acceso a los contenidos. Los vicios y defectos de toda clase de los contenidos transmitidos, difundidos, almacenados o puestos a disposici\u00f3n. De la desactualizaci\u00f3n de los datos facilitados por el USUARIO, as\u00ed como de la facilitaci\u00f3n de datos err\u00f3neos o no veraces facilitados haciendo uso de los servicios del PORTAL. Si LEADPRO ADVISORS llevara a cabo un cambio en las presentes cl\u00e1usulas que a\u00fan no hubieran sido informados en el web site, se notificar\u00e1 a los USUARIOS en el plazo m\u00e1s breve posible por comunicaci\u00f3n personal o a trav\u00e9s de la actualizaci\u00f3n de los contenidos del PORTAL.<\/p>\n<p class=\"p2\"><b>Del usuario\/USUARlO:<\/b><\/p>\n<p class=\"p2\">El USUARIO ser\u00e1 responsable: De los contenidos introducidos por ellos, especialmente de los datos e informaciones introducidos y enviados a LEADPRO ADVISORS. De la realizaci\u00f3n de cualquier tipo de actuaci\u00f3n il\u00edcita, lesiva de derechos, nociva y\/o perjudicial. De la introducci\u00f3n, almacenamiento o difusi\u00f3n en o desde el PORTAL, de cualquier informaci\u00f3n o material que fuera difamatorio, injurioso, obsceno, amenazador, xen\u00f3fobo, incite a la violencia a la discriminaci\u00f3n por raz\u00f3n de raza, sexo, ideolog\u00eda, religi\u00f3n o que de cualquier forma atente contra la moral, el orden p\u00fablico, los derechos fundamentales, las libertas p\u00fablicas, el honor, la intimidad ola imagen de terceros y, en general, la normativa vigente. De la introducci\u00f3n almacenamiento o difusi\u00f3n mediante el PORTAL de programas de ordenador, datos, virus, c\u00f3digo, equipo de hardware o de telecomunicaciones o cualquier otro instrumento o dispositivo electr\u00f3nico o f\u00edsico que sea susceptible de causar da\u00f1os en el PORTAL, en cualquiera de los Servicios, o en cualquiera de los equipos, sistemas o redes del PORTAL o, en general, de cualquier tercero, o que, de cualquier otra forma, sea capaz de causarles cualquier tipo de alteraci\u00f3n o impedir el normal funcionamiento de los mismos.<\/p>\n<h5 class=\"p1\"><span class=\"s1\"><b>PROPIEDAD INTELECTUAL E INDUSTRIAL<\/b><\/span><\/h5>\n<p class=\"p2\">El texto, im\u00e1genes, marcas, gr\u00e1ficos y logotipos del portal se encuentran protegidos por las leyes sobre Propiedad Intelectual e Industrial, quedando prohibida su reproducci\u00f3n, distribuci\u00f3n, comunicaci\u00f3n p\u00fablica y transformaci\u00f3n, salvo para uso personal y privado, El PORTAL no garantiza que los contenidos sean precisos o libres de error o que el libre uso de estos por el usuario no infrinja los derechos de terceras partes. El buen o mal uso de esta Web y de sus contenidos est\u00e1 bajo la responsabilidad del usuario. Asimismo, queda prohibida la reproducci\u00f3n, retransmisi\u00f3n, copia, cesi\u00f3n o redifusi\u00f3n, total o parcial, de la informaci\u00f3n contenida en estas p\u00e1ginas, cualquiera que fuera su finalidad y el medio utilizado para ello, as\u00ed como de los productos adquiridos a trav\u00e9s del web site.<\/p>\n<h5 class=\"p1\"><span class=\"s1\"><b>USO DE TECNOLOG\u00cdA COOKIE<\/b><\/span><\/h5>\n<p class=\"p2\">LEADPRO ADVISORS se reserva el derecho de utilizaci\u00f3n de las denominadas &#8220;cookies&#8221;, en cualquier tipo de utilizaci\u00f3n del Portal. No obstante, se informa a los Usuarios de la posibilidad de desechar esa utilizaci\u00f3n en su ordenador.<\/p>\n<h5 class=\"p1\"><span class=\"s1\"><b>ENLACES O LINKS<\/b><\/span><\/h5>\n<p class=\"p2\">El PORTAL puede incluir enlaces o links a sitios de terceros. Las antedichas webs no han sido revisadas ni son objeto de controles sobre los mismos por el PORTAL. LEADPRO ADVISORS no podr\u00e1 ser considerada en ning\u00fan caso responsable de los contenidos de estos sitios Web ni de las medidas que se adopten relativas a su privacidad o al tratamiento de sus datos de car\u00e1cter personal. LEADPRO ADVISORS recomienda la lectura detenida de las condiciones de uso y la pol\u00edtica de privacidad de estos sitios. En caso de que usted est\u00e9 interesado en activar un enlace a nuestra p\u00e1gina web deber\u00e1 comunicarlo a LEADPRO ADVISORS, obteniendo el consentimiento expreso para crear el enlace. LEADPRO ADVISORS se reserva el derecho de oposici\u00f3n a la activaci\u00f3n de enlaces con su sitio Web.<\/p>\n<h5 class=\"p1\"><span class=\"s1\"><b>FUERO<\/b><\/span><\/h5>\n<p class=\"p4\">Las cl\u00e1usulas del presente Aviso Legal est\u00e1n redactadas en espa\u00f1ol, y se encuentran sometidas a la legislaci\u00f3n espa\u00f1ola vigente. Para cualquier tipo de controversia derivada de la utilizaci\u00f3n de los servicios ofrecidos o productos ofertados en el PORTAL, las partes, con la aceptaci\u00f3n de este Aviso Legal, se someter\u00e1n a los Tribunales y Juzgados competentes de Madrid, salvo que una Ley establezca un fuero diferente, en atenci\u00f3n a la naturaleza de la relaci\u00f3n.<\/p>\n<p>[\/vc_column_text][vc_empty_space height=&#8221;100px&#8221;][\/vc_column][vc_column width=&#8221;1\/6&#8243;][\/vc_column][\/vc_row]<\/p>\n<\/div>","protected":false},"excerpt":{"rendered":"<p>[vc_row css_animation=&#8221;&#8221; row_type=&#8221;row&#8221; use_row_as_full_screen_section=&#8221;no&#8221; type=&#8221;full_width&#8221; angled_section=&#8221;no&#8221; text_align=&#8221;left&#8221; background_image_as_pattern=&#8221;without_pattern&#8221;][vc_column width=&#8221;1\/6&#8243;][\/vc_column][vc_column width=&#8221;2\/3&#8243;][vc_empty_space height=&#8221;100px&#8221;][vc_column_text] Aviso Legal [\/vc_column_text][vc_column_text el_class=&#8221;txt-legal&#8221;] IDENTIFICACI\u00d3N DE LAS PARTES El presente Aviso Legal de los servicios ofrecidos en esta URL (en adelante el PORTAL) es suscrito, por LEADPRO ADVISORS, S.L., titular de dicha URL, con&#8230;<\/p>\n","protected":false},"author":1,"featured_media":0,"parent":0,"menu_order":0,"comment_status":"closed","ping_status":"closed","template":"","meta":{"footnotes":""},"class_list":["post-1004","page","type-page","status-publish","hentry"],"yoast_head":"<!-- This site is optimized with the Yoast SEO plugin v25.9 - https:\/\/yoast.com\/wordpress\/plugins\/seo\/ -->\n<title>Legal Advice - LeadPro Advisors<\/title>\n<meta name=\"robots\" content=\"noindex, follow\" \/>\n<meta property=\"og:locale\" content=\"en_US\" \/>\n<meta property=\"og:type\" content=\"article\" \/>\n<meta property=\"og:title\" content=\"Legal Advice - LeadPro Advisors\" \/>\n<meta property=\"og:description\" content=\"[vc_row css_animation=&#8221;&#8221; row_type=&#8221;row&#8221; use_row_as_full_screen_section=&#8221;no&#8221; type=&#8221;full_width&#8221; angled_section=&#8221;no&#8221; text_align=&#8221;left&#8221; background_image_as_pattern=&#8221;without_pattern&#8221;][vc_column width=&#8221;1\/6&#8243;][\/vc_column][vc_column width=&#8221;2\/3&#8243;][vc_empty_space height=&#8221;100px&#8221;][vc_column_text] Aviso Legal [\/vc_column_text][vc_column_text el_class=&#8221;txt-legal&#8221;] IDENTIFICACI\u00d3N DE LAS PARTES El presente Aviso Legal de los servicios ofrecidos en esta URL (en adelante el PORTAL) es suscrito, por LEADPRO ADVISORS, S.L., titular de dicha URL, con...\" \/>\n<meta property=\"og:url\" content=\"https:\/\/www.leadproadvisors.es\/en\/legal-advice\/\" \/>\n<meta property=\"og:site_name\" content=\"LeadPro Advisors\" \/>\n<meta property=\"article:modified_time\" content=\"2021-05-06T07:32:29+00:00\" \/>\n<meta name=\"twitter:card\" content=\"summary_large_image\" \/>\n<meta name=\"twitter:label1\" content=\"Est. reading time\" \/>\n\t<meta name=\"twitter:data1\" content=\"6 minutes\" \/>\n<script type=\"application\/ld+json\" class=\"yoast-schema-graph\">{\"@context\":\"https:\/\/schema.org\",\"@graph\":[{\"@type\":\"WebPage\",\"@id\":\"https:\/\/www.leadproadvisors.es\/en\/legal-advice\/\",\"url\":\"https:\/\/www.leadproadvisors.es\/en\/legal-advice\/\",\"name\":\"Legal Advice - LeadPro Advisors\",\"isPartOf\":{\"@id\":\"https:\/\/www.leadproadvisors.es\/en\/#website\"},\"datePublished\":\"2021-03-18T11:01:08+00:00\",\"dateModified\":\"2021-05-06T07:32:29+00:00\",\"breadcrumb\":{\"@id\":\"https:\/\/www.leadproadvisors.es\/en\/legal-advice\/#breadcrumb\"},\"inLanguage\":\"en-US\",\"potentialAction\":[{\"@type\":\"ReadAction\",\"target\":[\"https:\/\/www.leadproadvisors.es\/en\/legal-advice\/\"]}]},{\"@type\":\"BreadcrumbList\",\"@id\":\"https:\/\/www.leadproadvisors.es\/en\/legal-advice\/#breadcrumb\",\"itemListElement\":[{\"@type\":\"ListItem\",\"position\":1,\"name\":\"Portada\",\"item\":\"https:\/\/www.leadproadvisors.es\/en\/\"},{\"@type\":\"ListItem\",\"position\":2,\"name\":\"Legal Advice\"}]},{\"@type\":\"WebSite\",\"@id\":\"https:\/\/www.leadproadvisors.es\/en\/#website\",\"url\":\"https:\/\/www.leadproadvisors.es\/en\/\",\"name\":\"LeadPro Advisors\",\"description\":\"Asesor\u00eda LeadPro - Madrid\",\"potentialAction\":[{\"@type\":\"SearchAction\",\"target\":{\"@type\":\"EntryPoint\",\"urlTemplate\":\"https:\/\/www.leadproadvisors.es\/en\/?s={search_term_string}\"},\"query-input\":{\"@type\":\"PropertyValueSpecification\",\"valueRequired\":true,\"valueName\":\"search_term_string\"}}],\"inLanguage\":\"en-US\"}]}<\/script>\n<!-- \/ Yoast SEO plugin. -->","yoast_head_json":{"title":"Legal Advice - LeadPro Advisors","robots":{"index":"noindex","follow":"follow"},"og_locale":"en_US","og_type":"article","og_title":"Legal Advice - LeadPro Advisors","og_description":"[vc_row css_animation=&#8221;&#8221; row_type=&#8221;row&#8221; use_row_as_full_screen_section=&#8221;no&#8221; type=&#8221;full_width&#8221; angled_section=&#8221;no&#8221; text_align=&#8221;left&#8221; background_image_as_pattern=&#8221;without_pattern&#8221;][vc_column width=&#8221;1\/6&#8243;][\/vc_column][vc_column width=&#8221;2\/3&#8243;][vc_empty_space height=&#8221;100px&#8221;][vc_column_text] Aviso Legal [\/vc_column_text][vc_column_text el_class=&#8221;txt-legal&#8221;] IDENTIFICACI\u00d3N DE LAS PARTES El presente Aviso Legal de los servicios ofrecidos en esta URL (en adelante el PORTAL) es suscrito, por LEADPRO ADVISORS, S.L., titular de dicha URL, con...","og_url":"https:\/\/www.leadproadvisors.es\/en\/legal-advice\/","og_site_name":"LeadPro Advisors","article_modified_time":"2021-05-06T07:32:29+00:00","twitter_card":"summary_large_image","twitter_misc":{"Est. reading time":"6 minutes"},"schema":{"@context":"https:\/\/schema.org","@graph":[{"@type":"WebPage","@id":"https:\/\/www.leadproadvisors.es\/en\/legal-advice\/","url":"https:\/\/www.leadproadvisors.es\/en\/legal-advice\/","name":"Legal Advice - LeadPro Advisors","isPartOf":{"@id":"https:\/\/www.leadproadvisors.es\/en\/#website"},"datePublished":"2021-03-18T11:01:08+00:00","dateModified":"2021-05-06T07:32:29+00:00","breadcrumb":{"@id":"https:\/\/www.leadproadvisors.es\/en\/legal-advice\/#breadcrumb"},"inLanguage":"en-US","potentialAction":[{"@type":"ReadAction","target":["https:\/\/www.leadproadvisors.es\/en\/legal-advice\/"]}]},{"@type":"BreadcrumbList","@id":"https:\/\/www.leadproadvisors.es\/en\/legal-advice\/#breadcrumb","itemListElement":[{"@type":"ListItem","position":1,"name":"Portada","item":"https:\/\/www.leadproadvisors.es\/en\/"},{"@type":"ListItem","position":2,"name":"Legal Advice"}]},{"@type":"WebSite","@id":"https:\/\/www.leadproadvisors.es\/en\/#website","url":"https:\/\/www.leadproadvisors.es\/en\/","name":"LeadPro Advisors","description":"Asesor\u00eda LeadPro - Madrid","potentialAction":[{"@type":"SearchAction","target":{"@type":"EntryPoint","urlTemplate":"https:\/\/www.leadproadvisors.es\/en\/?s={search_term_string}"},"query-input":{"@type":"PropertyValueSpecification","valueRequired":true,"valueName":"search_term_string"}}],"inLanguage":"en-US"}]}},"_links":{"self":[{"href":"https:\/\/www.leadproadvisors.es\/en\/wp-json\/wp\/v2\/pages\/1004","targetHints":{"allow":["GET"]}}],"collection":[{"href":"https:\/\/www.leadproadvisors.es\/en\/wp-json\/wp\/v2\/pages"}],"about":[{"href":"https:\/\/www.leadproadvisors.es\/en\/wp-json\/wp\/v2\/types\/page"}],"author":[{"embeddable":true,"href":"https:\/\/www.leadproadvisors.es\/en\/wp-json\/wp\/v2\/users\/1"}],"replies":[{"embeddable":true,"href":"https:\/\/www.leadproadvisors.es\/en\/wp-json\/wp\/v2\/comments?post=1004"}],"version-history":[{"count":2,"href":"https:\/\/www.leadproadvisors.es\/en\/wp-json\/wp\/v2\/pages\/1004\/revisions"}],"predecessor-version":[{"id":1006,"href":"https:\/\/www.leadproadvisors.es\/en\/wp-json\/wp\/v2\/pages\/1004\/revisions\/1006"}],"wp:attachment":[{"href":"https:\/\/www.leadproadvisors.es\/en\/wp-json\/wp\/v2\/media?parent=1004"}],"curies":[{"name":"wp","href":"https:\/\/api.w.org\/{rel}","templated":true}]}}