{"id":1079,"date":"2021-05-06T10:16:13","date_gmt":"2021-05-06T10:16:13","guid":{"rendered":"https:\/\/www.leadproadvisors.es\/?page_id=1079"},"modified":"2021-05-06T10:16:13","modified_gmt":"2021-05-06T10:16:13","slug":"cookies-policy","status":"publish","type":"page","link":"https:\/\/www.leadproadvisors.es\/en\/cookies-policy\/","title":{"rendered":"Cookies Policy"},"content":{"rendered":"<div class=\"wpb-content-wrapper\"><p>[vc_row css_animation=&#8221;&#8221; row_type=&#8221;row&#8221; use_row_as_full_screen_section=&#8221;no&#8221; type=&#8221;full_width&#8221; angled_section=&#8221;no&#8221; text_align=&#8221;left&#8221; background_image_as_pattern=&#8221;without_pattern&#8221;][vc_column width=&#8221;1\/6&#8243;][\/vc_column][vc_column width=&#8221;2\/3&#8243;][vc_empty_space height=&#8221;100px&#8221;][vc_column_text]<\/p>\n<h1 class=\"p1\"><b>Pol\u00edtica de Cookies<\/b><\/h1>\n<p>[\/vc_column_text][vc_empty_space height=&#8221;40px&#8221;][vc_column_text el_class=&#8221;txt-legal&#8221;]<\/p>\n<p class=\"p1\">Una cookie es un fichero inform\u00e1tico inofensivo que se almacena en su navegador y en los archivos temporales de su equipo cuando visita cualquier p\u00e1gina web. Sirve, entre otras cosas, para que la web sea capaz de recordar su visita anterior cuando vuelva a navegar por la misma. Las cookies suelen almacenar informaci\u00f3n t\u00e9cnica (navegador, entorno&#8230;), preferencias personales, personalizaci\u00f3n, estad\u00edsticas, enlaces a redes sociales&#8230;. El objetivo es adaptar el contenido a su perfil y necesidades.<\/p>\n<p class=\"p2\">Una cookie ni es un virus, ni es un troyano, ni abre ventanas emergentes (pop-up) ni almacena datos de car\u00e1cter personal (DNI, cuentas bancarias&#8230;) ni realiza labores de espionaje inform\u00e1tico. Es m\u00e1s, las cookies no le identifican a usted personalmente, identifican la conjunci\u00f3n navegador-sistema operativo con la que accede a la web. Cada navegador puede soportar cookies distintas y almacenar informaci\u00f3n distinta en funci\u00f3n de su configuraci\u00f3n.<\/p>\n<p class=\"p2\">El navegador es el software encargado de procesar las cookies, almacenarlas y, en su caso, borrarlas o evitar su instalaci\u00f3n. En consecuencia, esta web no puede garantizar el correcto proceso de las mismas por parte del software utilizado para acceder a la misma.<\/p>\n<p class=\"p2\">Usted puede eliminar, e incluso bloquear completamente o por dominio, las cookies que almacena su navegador. Recuerde que este bloqueo puede provocar efectos no deseados como que no pueda acceder a las \u00e1reas privadas de la web, compartir informaci\u00f3n a trav\u00e9s de redes sociales, comentar en las noticias o, incluso, no poder realizar compras a trav\u00e9s de internet al no poder acceder satisfactoriamente al carrito de la compra.<\/p>\n<p class=\"p1\">Esta web no se hace responsable de las pol\u00edticas de privacidad de terceros con los que comparta informaci\u00f3n a trav\u00e9s de la misma o sus botones sociales como son los proveedores de redes sociales (Facebook, Twitter&#8230;). En caso de dudas sobre esta pol\u00edtica de privacidad contacte con nosotros.<\/p>\n<h5 class=\"p3\"><strong><span class=\"s1\">Cookies utilizadas<\/span><\/strong><\/h5>\n<p class=\"p2\">Este sitio web utiliza las siguientes cookies propias:<\/p>\n<p class=\"p2\"><span class=\"s1\">Cookies de sesi\u00f3n:<\/span> Tienen como finalidad evitar el spam y garantizar que quien interact\u00faa con la web es un humano y no un robot.<\/p>\n<p class=\"p2\"><span class=\"s1\">Cookies de usuario:<\/span> Tienen como finalidad permitir el acceso a la web a trav\u00e9s de usuario y contrase\u00f1a, recordando sus preferencias.<\/p>\n<p class=\"p2\">Este sitio web utiliza las siguientes cookies de terceros.<\/p>\n<p class=\"p1\"><span class=\"s1\">Cookies anal\u00edticas:<\/span> Tienen como finalidad poder elaborar estad\u00edsticas sobre tr\u00e1fico y visitas a esta web. Dichas cookies son titularidad de Google y para cualquier acci\u00f3n sobre las mismas habr\u00e1 de contactar con esta empresa. Google tiene suscritos acuerdos de Puerto Seguro para que sus datos, a pesar de que puedan estar almacenados en servidores fuera de la Uni\u00f3n Europea, sean tratados conforme a la normativa comunitaria de protecci\u00f3n de datos<\/p>\n<p class=\"p2\"><span class=\"s1\">Redes sociales:<\/span> Las redes sociales utilizan cookies propias para compartir el contenido y proveedores de video como YouTube hacen uso de cookies para permitirle el visionado de los mismos<\/p>\n<p class=\"p2\"><span class=\"s1\">Cookies Publicitarias: <\/span>Tienen como finalidad detectar el n\u00famero de impresiones de los anuncios que acompa\u00f1an a nuestra web para proveer estad\u00edsticas sobre el n\u00famero de pulsaciones que se realizan en los mismos. Dichos anuncios usan cookies titularidad de Google (Adsense)<\/p>\n<h5 class=\"p3\"><strong><span class=\"s1\">Desactivaci\u00f3n o eliminaci\u00f3n de cookies<\/span><\/strong><\/h5>\n<p class=\"p1\">Puede deshabilitar las cookies en las preferencias de navegaci\u00f3n de su navegador en cualquier momento. A continuaci\u00f3n, le facilitamos, de forma gen\u00e9rica y teniendo en cuenta que puede variar en funci\u00f3n de la versi\u00f3n instalada, los lugares m\u00e1s habituales donde puede encontrar la configuraci\u00f3n de cookies en los navegadores m\u00e1s populares:<\/p>\n<ul class=\"ul1\">\n<li class=\"li4\" style=\"text-align: left;\"><strong>Internet Explorer<\/strong>: Herramientas -&gt; Opciones de Internet -&gt; Privacidad -&gt; Configuraci\u00f3n.<\/li>\n<li class=\"li4\" style=\"text-align: left;\"><strong>Mozilla Firefox<\/strong>: Herramientas -&gt; Opciones -&gt; Privacidad -&gt; Historial -&gt; Configuraci\u00f3n Personalizada.<\/li>\n<li class=\"li4\" style=\"text-align: left;\"><strong>Google Chrome<\/strong>: Configuraci\u00f3n -&gt; Mostrar opciones avanzadas -&gt; Privacidad -&gt; Configuraci\u00f3n de contenido.<\/li>\n<li class=\"li4\" style=\"text-align: left;\"><strong>Opera<\/strong>: Configuraci\u00f3n -&gt; Opciones -&gt; Avanzado -&gt; Cookies.<span class=\"Apple-converted-space\">\u00a0 <\/span>Safari: Preferencias -&gt; Seguridad.<\/li>\n<\/ul>\n<p class=\"p5\">As\u00ed mismo lo recordamos que muchos de los navegadores existentes en la actualidad permiten el modo de navegaci\u00f3n privada, borrando las cookies y el historial de navegaci\u00f3n una vez que cierra el navegador. Contacte con su proveedor de software para m\u00e1s informaci\u00f3n.<\/p>\n<p>[\/vc_column_text][vc_empty_space height=&#8221;100px&#8221;][\/vc_column][vc_column width=&#8221;1\/6&#8243;][\/vc_column][\/vc_row]<\/p>\n<\/div>","protected":false},"excerpt":{"rendered":"<p>[vc_row css_animation=&#8221;&#8221; row_type=&#8221;row&#8221; use_row_as_full_screen_section=&#8221;no&#8221; type=&#8221;full_width&#8221; angled_section=&#8221;no&#8221; text_align=&#8221;left&#8221; background_image_as_pattern=&#8221;without_pattern&#8221;][vc_column width=&#8221;1\/6&#8243;][\/vc_column][vc_column width=&#8221;2\/3&#8243;][vc_empty_space height=&#8221;100px&#8221;][vc_column_text] Pol\u00edtica de Cookies [\/vc_column_text][vc_empty_space height=&#8221;40px&#8221;][vc_column_text el_class=&#8221;txt-legal&#8221;] Una cookie es un fichero inform\u00e1tico inofensivo que se almacena en su navegador y en los archivos temporales de su equipo cuando visita cualquier p\u00e1gina web. Sirve, entre&#8230;<\/p>\n","protected":false},"author":1,"featured_media":0,"parent":0,"menu_order":0,"comment_status":"closed","ping_status":"closed","template":"","meta":{"footnotes":""},"class_list":["post-1079","page","type-page","status-publish","hentry"],"yoast_head":"<!-- This site is optimized with the Yoast SEO plugin v25.9 - https:\/\/yoast.com\/wordpress\/plugins\/seo\/ -->\n<title>Cookies Policy - LeadPro Advisors<\/title>\n<meta name=\"robots\" content=\"noindex, follow\" \/>\n<meta property=\"og:locale\" content=\"en_US\" \/>\n<meta property=\"og:type\" content=\"article\" \/>\n<meta property=\"og:title\" content=\"Cookies Policy - LeadPro Advisors\" \/>\n<meta property=\"og:description\" content=\"[vc_row css_animation=&#8221;&#8221; row_type=&#8221;row&#8221; use_row_as_full_screen_section=&#8221;no&#8221; type=&#8221;full_width&#8221; angled_section=&#8221;no&#8221; text_align=&#8221;left&#8221; background_image_as_pattern=&#8221;without_pattern&#8221;][vc_column width=&#8221;1\/6&#8243;][\/vc_column][vc_column width=&#8221;2\/3&#8243;][vc_empty_space height=&#8221;100px&#8221;][vc_column_text] Pol\u00edtica de Cookies [\/vc_column_text][vc_empty_space height=&#8221;40px&#8221;][vc_column_text el_class=&#8221;txt-legal&#8221;] Una cookie es un fichero inform\u00e1tico inofensivo que se almacena en su navegador y en los archivos temporales de su equipo cuando visita cualquier p\u00e1gina web. Sirve, entre...\" \/>\n<meta property=\"og:url\" content=\"https:\/\/www.leadproadvisors.es\/en\/cookies-policy\/\" \/>\n<meta property=\"og:site_name\" content=\"LeadPro Advisors\" \/>\n<meta name=\"twitter:card\" content=\"summary_large_image\" \/>\n<meta name=\"twitter:label1\" content=\"Est. reading time\" \/>\n\t<meta name=\"twitter:data1\" content=\"3 minutes\" \/>\n<script type=\"application\/ld+json\" class=\"yoast-schema-graph\">{\"@context\":\"https:\/\/schema.org\",\"@graph\":[{\"@type\":\"WebPage\",\"@id\":\"https:\/\/www.leadproadvisors.es\/en\/cookies-policy\/\",\"url\":\"https:\/\/www.leadproadvisors.es\/en\/cookies-policy\/\",\"name\":\"Cookies Policy - LeadPro Advisors\",\"isPartOf\":{\"@id\":\"https:\/\/www.leadproadvisors.es\/en\/#website\"},\"datePublished\":\"2021-05-06T10:16:13+00:00\",\"breadcrumb\":{\"@id\":\"https:\/\/www.leadproadvisors.es\/en\/cookies-policy\/#breadcrumb\"},\"inLanguage\":\"en-US\",\"potentialAction\":[{\"@type\":\"ReadAction\",\"target\":[\"https:\/\/www.leadproadvisors.es\/en\/cookies-policy\/\"]}]},{\"@type\":\"BreadcrumbList\",\"@id\":\"https:\/\/www.leadproadvisors.es\/en\/cookies-policy\/#breadcrumb\",\"itemListElement\":[{\"@type\":\"ListItem\",\"position\":1,\"name\":\"Portada\",\"item\":\"https:\/\/www.leadproadvisors.es\/en\/\"},{\"@type\":\"ListItem\",\"position\":2,\"name\":\"Cookies Policy\"}]},{\"@type\":\"WebSite\",\"@id\":\"https:\/\/www.leadproadvisors.es\/en\/#website\",\"url\":\"https:\/\/www.leadproadvisors.es\/en\/\",\"name\":\"LeadPro Advisors\",\"description\":\"Asesor\u00eda LeadPro - Madrid\",\"potentialAction\":[{\"@type\":\"SearchAction\",\"target\":{\"@type\":\"EntryPoint\",\"urlTemplate\":\"https:\/\/www.leadproadvisors.es\/en\/?s={search_term_string}\"},\"query-input\":{\"@type\":\"PropertyValueSpecification\",\"valueRequired\":true,\"valueName\":\"search_term_string\"}}],\"inLanguage\":\"en-US\"}]}<\/script>\n<!-- \/ Yoast SEO plugin. -->","yoast_head_json":{"title":"Cookies Policy - LeadPro Advisors","robots":{"index":"noindex","follow":"follow"},"og_locale":"en_US","og_type":"article","og_title":"Cookies Policy - LeadPro Advisors","og_description":"[vc_row css_animation=&#8221;&#8221; row_type=&#8221;row&#8221; use_row_as_full_screen_section=&#8221;no&#8221; type=&#8221;full_width&#8221; angled_section=&#8221;no&#8221; text_align=&#8221;left&#8221; background_image_as_pattern=&#8221;without_pattern&#8221;][vc_column width=&#8221;1\/6&#8243;][\/vc_column][vc_column width=&#8221;2\/3&#8243;][vc_empty_space height=&#8221;100px&#8221;][vc_column_text] Pol\u00edtica de Cookies [\/vc_column_text][vc_empty_space height=&#8221;40px&#8221;][vc_column_text el_class=&#8221;txt-legal&#8221;] Una cookie es un fichero inform\u00e1tico inofensivo que se almacena en su navegador y en los archivos temporales de su equipo cuando visita cualquier p\u00e1gina web. Sirve, entre...","og_url":"https:\/\/www.leadproadvisors.es\/en\/cookies-policy\/","og_site_name":"LeadPro Advisors","twitter_card":"summary_large_image","twitter_misc":{"Est. reading time":"3 minutes"},"schema":{"@context":"https:\/\/schema.org","@graph":[{"@type":"WebPage","@id":"https:\/\/www.leadproadvisors.es\/en\/cookies-policy\/","url":"https:\/\/www.leadproadvisors.es\/en\/cookies-policy\/","name":"Cookies Policy - LeadPro Advisors","isPartOf":{"@id":"https:\/\/www.leadproadvisors.es\/en\/#website"},"datePublished":"2021-05-06T10:16:13+00:00","breadcrumb":{"@id":"https:\/\/www.leadproadvisors.es\/en\/cookies-policy\/#breadcrumb"},"inLanguage":"en-US","potentialAction":[{"@type":"ReadAction","target":["https:\/\/www.leadproadvisors.es\/en\/cookies-policy\/"]}]},{"@type":"BreadcrumbList","@id":"https:\/\/www.leadproadvisors.es\/en\/cookies-policy\/#breadcrumb","itemListElement":[{"@type":"ListItem","position":1,"name":"Portada","item":"https:\/\/www.leadproadvisors.es\/en\/"},{"@type":"ListItem","position":2,"name":"Cookies Policy"}]},{"@type":"WebSite","@id":"https:\/\/www.leadproadvisors.es\/en\/#website","url":"https:\/\/www.leadproadvisors.es\/en\/","name":"LeadPro Advisors","description":"Asesor\u00eda LeadPro - Madrid","potentialAction":[{"@type":"SearchAction","target":{"@type":"EntryPoint","urlTemplate":"https:\/\/www.leadproadvisors.es\/en\/?s={search_term_string}"},"query-input":{"@type":"PropertyValueSpecification","valueRequired":true,"valueName":"search_term_string"}}],"inLanguage":"en-US"}]}},"_links":{"self":[{"href":"https:\/\/www.leadproadvisors.es\/en\/wp-json\/wp\/v2\/pages\/1079","targetHints":{"allow":["GET"]}}],"collection":[{"href":"https:\/\/www.leadproadvisors.es\/en\/wp-json\/wp\/v2\/pages"}],"about":[{"href":"https:\/\/www.leadproadvisors.es\/en\/wp-json\/wp\/v2\/types\/page"}],"author":[{"embeddable":true,"href":"https:\/\/www.leadproadvisors.es\/en\/wp-json\/wp\/v2\/users\/1"}],"replies":[{"embeddable":true,"href":"https:\/\/www.leadproadvisors.es\/en\/wp-json\/wp\/v2\/comments?post=1079"}],"version-history":[{"count":1,"href":"https:\/\/www.leadproadvisors.es\/en\/wp-json\/wp\/v2\/pages\/1079\/revisions"}],"predecessor-version":[{"id":1086,"href":"https:\/\/www.leadproadvisors.es\/en\/wp-json\/wp\/v2\/pages\/1079\/revisions\/1086"}],"wp:attachment":[{"href":"https:\/\/www.leadproadvisors.es\/en\/wp-json\/wp\/v2\/media?parent=1079"}],"curies":[{"name":"wp","href":"https:\/\/api.w.org\/{rel}","templated":true}]}}