{"id":1333,"date":"2018-02-06T16:35:21","date_gmt":"2018-02-06T16:35:21","guid":{"rendered":"https:\/\/www.leadproadvisors.es\/sobre-nosotros\/"},"modified":"2025-05-20T14:57:23","modified_gmt":"2025-05-20T14:57:23","slug":"rreth-nesh","status":"publish","type":"page","link":"https:\/\/www.leadproadvisors.es\/sq\/rreth-nesh\/","title":{"rendered":"Rreth nesh"},"content":{"rendered":"<div class=\"wpb-content-wrapper\"><p>[vc_row css_animation=&#8221;&#8221; row_type=&#8221;row&#8221; use_row_as_full_screen_section=&#8221;no&#8221; type=&#8221;full_width&#8221; angled_section=&#8221;no&#8221; text_align=&#8221;left&#8221; background_image_as_pattern=&#8221;without_pattern&#8221; z_index=&#8221;&#8221; el_class=&#8221;max-1300&#8243;][vc_column][vc_empty_space height=&#8221;100px&#8221;][qode_elements_holder number_of_columns=&#8221;two_columns&#8221;][qode_elements_holder_item vertical_alignment=&#8221;top&#8221; advanced_animations=&#8221;no&#8221; item_padding=&#8221;0 50px 0 50px&#8221;][vc_column_text css=&#8221;&#8221; el_class=&#8221;txt-justify&#8221;]<strong>LeadPro Advisors<\/strong>\u00a0\u00ebsht\u00eb nj\u00eb firm\u00eb konsulence gjith\u00ebp\u00ebrfshir\u00ebse, e themeluar mbi 30 vite m\u00eb par\u00eb, q\u00eb vepron n\u00eb t\u00eb gjitha fushat e k\u00ebshillimit profesional p\u00ebr sip\u00ebrmarrjet, e p\u00ebrb\u00ebr\u00eb nga nj\u00eb ekip shum\u00eb-disiplinor me nj\u00eb histori t\u00eb gjat\u00eb suksesi.[\/vc_column_text][\/qode_elements_holder_item][qode_elements_holder_item vertical_alignment=&#8221;top&#8221; advanced_animations=&#8221;no&#8221; item_padding=&#8221;0 50px 0 50px&#8221;][vc_column_text css=&#8221;&#8221; el_class=&#8221;txt-justify&#8221;]Pavar\u00ebsisht se LeadPro Advisors vepron n\u00eb nj\u00eb s\u00ebr\u00eb sektor\u00ebsh, ne kemi nj\u00eb shkall\u00eb t\u00eb <strong>lart\u00eb specializimi<\/strong> n\u00eb Turiz\u00ebm, Aeronautik\u00eb, Pasuri t\u00eb Paluajtshme dhe Industrin\u00eb Muzikore, t\u00eb cil\u00ebn e drejton divizioni yn\u00eb <a href=\"https:\/\/www.leadproadvisors.es\/sq\/sherbimet\/leadpro-music\/\">LeadPro Music<\/a>, duke u udh\u00ebhequr nga <strong>profesionalizmi, af\u00ebrsia me klientin, p\u00ebrvoja dhe angazhimi.<\/strong>[\/vc_column_text][\/qode_elements_holder_item][\/qode_elements_holder][vc_empty_space height=&#8221;60px&#8221;][vc_row_inner row_type=&#8221;row&#8221; type=&#8221;full_width&#8221; text_align=&#8221;center&#8221; css_animation=&#8221;&#8221;][vc_column_inner]\n\n\t<a href=\"https:\/\/vimeo.com\/656119675\" target=\"_blank\" style=\"background-color: #000000;font-size: 20px;font-weight: 400;text-transform: capitalize;font-style: normal\" class=\"qode-btn qode-btn-medium qode-btn-solid qode-btn-custom-hover-bg vp-a qode-btn-shadow-hover\" data-hover-bg-color=\"#f3bd07\" >\n\t    <span class=\"qode-btn-text\">Na njih m\u00eb mir\u00eb - video<\/span>\t<\/a>\n\n[\/vc_column_inner][\/vc_row_inner][vc_empty_space height=&#8221;100px&#8221;][\/vc_column][\/vc_row][vc_row css_animation=&#8221;&#8221; row_type=&#8221;row&#8221; use_row_as_full_screen_section=&#8221;no&#8221; type=&#8221;full_width&#8221; angled_section=&#8221;no&#8221; text_align=&#8221;left&#8221; background_image_as_pattern=&#8221;without_pattern&#8221; video_bg=&#8221;yes&#8221; video_bg_url=&#8221;&#8221; z_index=&#8221;&#8221; css=&#8221;.vc_custom_1617790807754{background-image: url(https:\/\/www.leadproadvisors.es\/wp-content\/uploads\/2021\/04\/bg-about-us.png?id=914) !important;background-position: center !important;background-repeat: no-repeat !important;background-size: cover !important;}&#8221; el_class=&#8221;bg-fixed&#8221;][vc_column width=&#8221;1\/6&#8243;][\/vc_column][vc_column width=&#8221;2\/3&#8243; css=&#8221;.vc_custom_1617865414866{padding-right: 50px !important;padding-left: 50px !important;}&#8221;][vc_empty_space height=&#8221;125px&#8221;][vc_column_text css=&#8221;&#8221;]<\/p>\n<h2 style=\"text-align: center;\"><span style=\"color: #ffffff;\">Ofrojm\u00eb nj\u00eb nivel shkall\u00ebzueshm\u00ebrie dhe p\u00ebrshtatshm\u00ebrie q\u00eb na lejon t\u00eb jemi <strong>efikas n\u00eb \u00e7mim<\/strong>, duke garantuar nj\u00eb <strong>sh\u00ebrbim t\u00eb shk\u00eblqyer<\/strong>.<\/span><\/h2>\n<p>[\/vc_column_text][vc_empty_space height=&#8221;125px&#8221;][\/vc_column][vc_column width=&#8221;1\/6&#8243;][\/vc_column][\/vc_row][vc_row css_animation=&#8221;&#8221; row_type=&#8221;row&#8221; use_row_as_full_screen_section=&#8221;no&#8221; type=&#8221;grid&#8221; angled_section=&#8221;no&#8221; text_align=&#8221;left&#8221; background_image_as_pattern=&#8221;without_pattern&#8221; z_index=&#8221;&#8221; css=&#8221;.vc_custom_1613985353190{padding-top: 120px !important;padding-bottom: 100px !important;}&#8221;][vc_column width=&#8221;1\/3&#8243;][vc_single_image image=&#8221;1339&#8243; img_size=&#8221;full&#8221; qode_css_animation=&#8221;&#8221;][vc_empty_space height=&#8221;50px&#8221;][\/vc_column][vc_column css_animation=&#8221;bottom-to-top&#8221; width=&#8221;2\/3&#8243;][qode_elements_holder number_of_columns=&#8221;two_columns&#8221; columns_proportion=&#8221;66_33&#8243;][qode_elements_holder_item vertical_alignment=&#8221;top&#8221; advanced_animations=&#8221;yes&#8221; start_position=&#8221;bottom&#8221; end_position=&#8221;center&#8221;]<div class=\"q_icon_list\"><i class=\"qodef-icon-linea-icon icon-arrows-right-double qode-ili-icon-holder circle\" style=\"font-size: 28px;color: #f3bd07;background-color: rgba(0,0,0,0.01);border-color:rgba(255,255,255,0.01);border-style:solid;border-width:1px;\" ><\/i><p style=\"color:#000000;font-size: 24px;font-weight: 300;\">Ekip shum\u00eb-disiplinor, i kualifikuar me nivel t\u00eb lart\u00eb dhe me p\u00ebrvoj\u00eb t\u00eb gjer\u00eb.<\/p><\/div><div class=\"q_icon_list\"><i class=\"qodef-icon-linea-icon icon-arrows-right-double qode-ili-icon-holder circle\" style=\"font-size: 28px;color: #f3bd07;background-color: rgba(0,0,0,0.01);border-color:rgba(255,255,255,0.01);border-style:solid;border-width:1px;\" ><\/i><p style=\"color:#000000;font-size: 24px;font-weight: 300;\">Fleksibilitet dhe p\u00ebrshtatje ndaj nevojave t\u00eb tua<\/p><\/div><div class=\"q_icon_list\"><i class=\"qodef-icon-linea-icon icon-arrows-right-double qode-ili-icon-holder circle\" style=\"font-size: 28px;color: #f3bd07;background-color: rgba(0,0,0,0.01);border-color:rgba(255,255,255,0.01);border-style:solid;border-width:1px;\" ><\/i><p style=\"color:#000000;font-size: 24px;font-weight: 300;\">Efikasitet n\u00eb \u00e7mime<\/p><\/div><div class=\"q_icon_list\"><i class=\"qodef-icon-linea-icon icon-arrows-right-double qode-ili-icon-holder circle\" style=\"font-size: 28px;color: #f3bd07;background-color: rgba(0,0,0,0.01);border-color:rgba(255,255,255,0.01);border-style:solid;border-width:1px;\" ><\/i><p style=\"color:#000000;font-size: 24px;font-weight: 300;\">Shkall\u00ebzueshm\u00ebri n\u00eb kontraktim<\/p><\/div>[\/qode_elements_holder_item][qode_elements_holder_item vertical_alignment=&#8221;top&#8221; advanced_animations=&#8221;yes&#8221; start_position=&#8221;bottom&#8221; end_position=&#8221;center&#8221;]<div class=\"q_icon_list\"><i class=\"qodef-icon-linea-icon icon-arrows-right-double qode-ili-icon-holder circle\" style=\"font-size: 28px;color: #f3bd07;background-color: rgba(0,0,0,0.01);border-color:rgba(255,255,255,0.01);border-style:solid;border-width:1px;\" ><\/i><p style=\"color:#000000;font-size: 24px;font-weight: 300;\">Sh\u00ebrbim gjith\u00ebp\u00ebrfshir\u00ebs i shk\u00eblqyer<\/p><\/div><div class=\"q_icon_list\"><i class=\"qodef-icon-linea-icon icon-arrows-right-double qode-ili-icon-holder circle\" style=\"font-size: 28px;color: #f3bd07;background-color: rgba(0,0,0,0.01);border-color:rgba(255,255,255,0.01);border-style:solid;border-width:1px;\" ><\/i><p style=\"color:#000000;font-size: 24px;font-weight: 300;\">Angazhim<\/p><\/div><div class=\"q_icon_list\"><i class=\"qodef-icon-linea-icon icon-arrows-right-double qode-ili-icon-holder circle\" style=\"font-size: 28px;color: #f3bd07;background-color: rgba(0,0,0,0.01);border-color:rgba(255,255,255,0.01);border-style:solid;border-width:1px;\" ><\/i><p style=\"color:#000000;font-size: 24px;font-weight: 300;\">Afrimitet<\/p><\/div><div class=\"q_icon_list\"><i class=\"qodef-icon-linea-icon icon-arrows-right-double qode-ili-icon-holder circle\" style=\"font-size: 28px;color: #f3bd07;background-color: rgba(0,0,0,0.01);border-color:rgba(255,255,255,0.01);border-style:solid;border-width:1px;\" ><\/i><p style=\"color:#000000;font-size: 24px;font-weight: 300;\">Rigorozitet<\/p><\/div>[\/qode_elements_holder_item][\/qode_elements_holder][\/vc_column][\/vc_row][vc_row css_animation=&#8221;&#8221; row_type=&#8221;row&#8221; use_row_as_full_screen_section=&#8221;no&#8221; type=&#8221;full_width&#8221; angled_section=&#8221;no&#8221; text_align=&#8221;left&#8221; background_image_as_pattern=&#8221;without_pattern&#8221; css=&#8221;.vc_custom_1615816877811{background-color: #f3bd07 !important;}&#8221; z_index=&#8221;&#8221;][vc_column offset=&#8221;vc_hidden-lg vc_hidden-md vc_hidden-sm vc_hidden-xs&#8221;][vc_empty_space height=&#8221;100px&#8221;][vc_column_text css=&#8221;.vc_custom_1615827555985{margin-bottom: 0px !important;padding-bottom: 0px !important;}&#8221;]<\/p>\n<h2 class=\"p1\" style=\"text-align: center;\">Ne jemi nj\u00eb ekip q\u00eb i sjell sip\u00ebrmarrjes t\u00ebnde:<\/h2>\n<p>[\/vc_column_text][vc_empty_space height=&#8221;50px&#8221;][vc_row_inner row_type=&#8221;row&#8221; type=&#8221;full_width&#8221; text_align=&#8221;left&#8221; css_animation=&#8221;&#8221;][vc_column_inner width=&#8221;1\/6&#8243;][\/vc_column_inner][vc_column_inner width=&#8221;2\/3&#8243;][qode_content_slider enable_drag=&#8221;yes&#8221; direction_nav=&#8221;yes&#8221; control_nav=&#8221;yes&#8221; control_nav_justify=&#8221;no&#8221;][qode_content_slider_item][vc_column_text]<\/p>\n<h3 style=\"text-align: center;\"><span data-sheets-root=\"1\">Eksperienc\u00eb t\u00eb gjer\u00eb n\u00eb fusha shum\u00eb t\u00eb ndryshme<\/span><\/h3>\n<p>[\/vc_column_text][\/qode_content_slider_item][qode_content_slider_item][vc_column_text]<\/p>\n<h3 style=\"text-align: center;\">Fleksibilitet dhe dinamiz\u00ebm n\u00eb nj\u00eb mjedis q\u00eb ndryshon<\/h3>\n<p>[\/vc_column_text][\/qode_content_slider_item][qode_content_slider_item][vc_column_text]<\/p>\n<div class=\"qode-np-item\">\n<h3 class=\"qode-np-title\" style=\"text-align: center;\">Qart\u00ebsi dhe komunikim t\u00eb af\u00ebrt<\/h3>\n<\/div>\n<div class=\"qode-np-item\">\n<div class=\"qode-np-item-image-holder\">\n<div class=\"qode-np-item-image-inner\">\n<h3 class=\"qode-np-item-image-table\" style=\"text-align: center;\"><\/h3>\n<\/div>\n<\/div>\n<\/div>\n<p>[\/vc_column_text][\/qode_content_slider_item][qode_content_slider_item][vc_column_text]<\/p>\n<h3 class=\"qode-np-title\" style=\"text-align: center;\"><span data-sheets-root=\"1\">Angazhim<\/span><\/h3>\n<p>[\/vc_column_text][\/qode_content_slider_item][\/qode_content_slider][\/vc_column_inner][vc_column_inner width=&#8221;1\/6&#8243;][\/vc_column_inner][\/vc_row_inner][vc_empty_space height=&#8221;100px&#8221;][\/vc_column][\/vc_row][vc_row css_animation=&#8221;&#8221; row_type=&#8221;row&#8221; use_row_as_full_screen_section=&#8221;no&#8221; type=&#8221;full_width&#8221; angled_section=&#8221;no&#8221; text_align=&#8221;left&#8221; background_image_as_pattern=&#8221;without_pattern&#8221; css=&#8221;.vc_custom_1615823315668{background-color: #ffffff !important;}&#8221; z_index=&#8221;&#8221;][vc_column][vc_empty_space height=&#8221;100px&#8221;][vc_column_text css=&#8221;.vc_custom_1617872999821{margin-bottom: 0px !important;padding-right: 50px !important;padding-bottom: 0px !important;padding-left: 50px !important;}&#8221;]<\/p>\n<h2 class=\"p1\" style=\"text-align: center;\"><span data-sheets-root=\"1\">Ne jemi nj\u00eb ekip q\u00eb i sjell sip\u00ebrmarrjes t\u00ebnde:<\/span><\/h2>\n<p>[\/vc_column_text][vc_empty_space height=&#8221;50px&#8221;][vc_row_inner row_type=&#8221;row&#8221; type=&#8221;full_width&#8221; text_align=&#8221;left&#8221; css_animation=&#8221;&#8221; el_class=&#8221;max-1300&#8243;][vc_column_inner width=&#8221;1\/4&#8243;][vc_single_image image=&#8221;521&#8243; img_size=&#8221;600&#215;600&#8243; qode_css_animation=&#8221;&#8221;][vc_empty_space height=&#8221;25px&#8221;][vc_column_text]<\/p>\n<h4 style=\"text-align: center;\"><span data-sheets-root=\"1\">Eksperienc\u00eb t\u00eb gjer\u00eb n\u00eb fusha shum\u00eb t\u00eb ndryshme<\/span><\/h4>\n<p>[\/vc_column_text][vc_empty_space height=&#8221;50px&#8221;][\/vc_column_inner][vc_column_inner width=&#8221;1\/4&#8243;][vc_single_image image=&#8221;1303&#8243; img_size=&#8221;600&#215;600&#8243; qode_css_animation=&#8221;&#8221;][vc_empty_space height=&#8221;25px&#8221;][vc_column_text]<\/p>\n<h4 style=\"text-align: center;\"><span data-sheets-root=\"1\">Fleksibilitet dhe dinamiz\u00ebm n\u00eb nj\u00eb mjedis q\u00eb ndryshon<\/span><\/h4>\n<p>[\/vc_column_text][vc_empty_space height=&#8221;50px&#8221;][\/vc_column_inner][vc_column_inner width=&#8221;1\/4&#8243;][vc_single_image image=&#8221;1336&#8243; img_size=&#8221;600&#215;600&#8243; qode_css_animation=&#8221;&#8221;][vc_empty_space height=&#8221;25px&#8221;][vc_column_text]<\/p>\n<div class=\"qode-np-item\">\n<h4 class=\"qode-np-title\" style=\"text-align: center;\"><span data-sheets-root=\"1\">Qart\u00ebsi dhe komunikim t\u00eb af\u00ebrt<\/span><\/h4>\n<\/div>\n<p>[\/vc_column_text][vc_empty_space height=&#8221;50px&#8221;][\/vc_column_inner][vc_column_inner width=&#8221;1\/4&#8243;][vc_single_image image=&#8221;531&#8243; img_size=&#8221;600&#215;600&#8243; qode_css_animation=&#8221;&#8221;][vc_empty_space height=&#8221;25px&#8221;][vc_column_text]<\/p>\n<h4 class=\"qode-np-title\" style=\"text-align: center;\"><span data-sheets-root=\"1\">Angazhim<\/span><\/h4>\n<p>[\/vc_column_text][vc_empty_space height=&#8221;50px&#8221;][\/vc_column_inner][\/vc_row_inner][vc_empty_space height=&#8221;50px&#8221;][\/vc_column][\/vc_row][vc_row css_animation=&#8221;&#8221; row_type=&#8221;row&#8221; use_row_as_full_screen_section=&#8221;no&#8221; type=&#8221;full_width&#8221; angled_section=&#8221;no&#8221; text_align=&#8221;center&#8221; background_image_as_pattern=&#8221;without_pattern&#8221; full_width=&#8221;stretch_row&#8221; z_index=&#8221;&#8221; css=&#8221;.vc_custom_1615816240195{background-image: url(https:\/\/www.leadproadvisors.es\/wp-content\/uploads\/2021\/03\/bg_contacta_consultoria.jpg?id=588) !important;background-position: center !important;background-repeat: no-repeat !important;background-size: cover !important;}&#8221; el_class=&#8221;bg-fixed&#8221;][vc_column width=&#8221;1\/4&#8243;][\/vc_column][vc_column width=&#8221;1\/2&#8243; css=&#8221;.vc_custom_1613998915558{padding-right: 20px !important;padding-left: 20px !important;}&#8221;][vc_empty_space height=&#8221;150px&#8221;]<a  itemprop=\"url\" href=\"\/sq\/kontakto\" target=\"_self\"  class=\"qbutton  center default\" style=\"\">Kontakto me ne<\/a>[vc_empty_space height=&#8221;150px&#8221;][\/vc_column][vc_column width=&#8221;1\/4&#8243;][\/vc_column][\/vc_row]<\/p>\n<\/div>","protected":false},"excerpt":{"rendered":"<p>[vc_row css_animation=&#8221;&#8221; row_type=&#8221;row&#8221; use_row_as_full_screen_section=&#8221;no&#8221; type=&#8221;full_width&#8221; angled_section=&#8221;no&#8221; text_align=&#8221;left&#8221; background_image_as_pattern=&#8221;without_pattern&#8221; z_index=&#8221;&#8221; el_class=&#8221;max-1300&#8243;][vc_column][vc_empty_space height=&#8221;100px&#8221;][qode_elements_holder number_of_columns=&#8221;two_columns&#8221;][qode_elements_holder_item vertical_alignment=&#8221;top&#8221; advanced_animations=&#8221;no&#8221; item_padding=&#8221;0 50px 0 50px&#8221;][vc_column_text css=&#8221;&#8221; el_class=&#8221;txt-justify&#8221;]LeadPro Advisors\u00a0\u00ebsht\u00eb nj\u00eb firm\u00eb konsulence gjith\u00ebp\u00ebrfshir\u00ebse, e themeluar mbi 30 vite m\u00eb par\u00eb, q\u00eb vepron n\u00eb t\u00eb gjitha fushat e k\u00ebshillimit profesional p\u00ebr sip\u00ebrmarrjet, e p\u00ebrb\u00ebr\u00eb&#8230;<\/p>\n","protected":false},"author":1,"featured_media":0,"parent":0,"menu_order":0,"comment_status":"closed","ping_status":"closed","template":"full_width.php","meta":{"footnotes":""},"class_list":["post-1333","page","type-page","status-publish","hentry"],"yoast_head":"<!-- This site is optimized with the Yoast SEO plugin v25.9 - https:\/\/yoast.com\/wordpress\/plugins\/seo\/ -->\n<title>Rreth nesh - LeadPro Advisors<\/title>\n<meta name=\"description\" content=\"En LeadPro Advisors trabajamos m\u00faltiples sectores y tenemos una alta especializaci\u00f3n en Turismo, Aeron\u00e1utico, Real Estate y la Industria Musical \u2013 liderada por nuestra divisi\u00f3n LeadPro Music, siendo el hilo conductor la profesionalidad, cercan\u00eda, saber hacer y compromiso.\" \/>\n<meta name=\"robots\" content=\"index, follow, max-snippet:-1, max-image-preview:large, max-video-preview:-1\" \/>\n<link rel=\"canonical\" href=\"https:\/\/www.leadproadvisors.es\/sq\/rreth-nesh\/\" \/>\n<meta property=\"og:locale\" content=\"sq_AL\" \/>\n<meta property=\"og:type\" content=\"article\" \/>\n<meta property=\"og:title\" content=\"Rreth nesh - LeadPro Advisors\" \/>\n<meta property=\"og:description\" content=\"En LeadPro Advisors trabajamos m\u00faltiples sectores y tenemos una alta especializaci\u00f3n en Turismo, Aeron\u00e1utico, Real Estate y la Industria Musical \u2013 liderada por nuestra divisi\u00f3n LeadPro Music, siendo el hilo conductor la profesionalidad, cercan\u00eda, saber hacer y compromiso.\" \/>\n<meta property=\"og:url\" content=\"https:\/\/www.leadproadvisors.es\/sq\/rreth-nesh\/\" \/>\n<meta property=\"og:site_name\" content=\"LeadPro Advisors\" \/>\n<meta property=\"article:modified_time\" content=\"2025-05-20T14:57:23+00:00\" \/>\n<meta name=\"twitter:card\" content=\"summary_large_image\" \/>\n<meta name=\"twitter:label1\" content=\"Est. reading time\" \/>\n\t<meta name=\"twitter:data1\" content=\"3 minutes\" \/>\n<script type=\"application\/ld+json\" class=\"yoast-schema-graph\">{\"@context\":\"https:\/\/schema.org\",\"@graph\":[{\"@type\":\"WebPage\",\"@id\":\"https:\/\/www.leadproadvisors.es\/sq\/rreth-nesh\/\",\"url\":\"https:\/\/www.leadproadvisors.es\/sq\/rreth-nesh\/\",\"name\":\"Rreth nesh - LeadPro Advisors\",\"isPartOf\":{\"@id\":\"https:\/\/www.leadproadvisors.es\/sq\/#website\"},\"datePublished\":\"2018-02-06T16:35:21+00:00\",\"dateModified\":\"2025-05-20T14:57:23+00:00\",\"description\":\"En LeadPro Advisors trabajamos m\u00faltiples sectores y tenemos una alta especializaci\u00f3n en Turismo, Aeron\u00e1utico, Real Estate y la Industria Musical \u2013 liderada por nuestra divisi\u00f3n LeadPro Music, siendo el hilo conductor la profesionalidad, cercan\u00eda, saber hacer y compromiso.\",\"breadcrumb\":{\"@id\":\"https:\/\/www.leadproadvisors.es\/sq\/rreth-nesh\/#breadcrumb\"},\"inLanguage\":\"sq-AL\",\"potentialAction\":[{\"@type\":\"ReadAction\",\"target\":[\"https:\/\/www.leadproadvisors.es\/sq\/rreth-nesh\/\"]}]},{\"@type\":\"BreadcrumbList\",\"@id\":\"https:\/\/www.leadproadvisors.es\/sq\/rreth-nesh\/#breadcrumb\",\"itemListElement\":[{\"@type\":\"ListItem\",\"position\":1,\"name\":\"Portada\",\"item\":\"https:\/\/www.leadproadvisors.es\/sq\/\"},{\"@type\":\"ListItem\",\"position\":2,\"name\":\"Rreth nesh\"}]},{\"@type\":\"WebSite\",\"@id\":\"https:\/\/www.leadproadvisors.es\/sq\/#website\",\"url\":\"https:\/\/www.leadproadvisors.es\/sq\/\",\"name\":\"LeadPro Advisors\",\"description\":\"Asesor\u00eda LeadPro - Madrid\",\"potentialAction\":[{\"@type\":\"SearchAction\",\"target\":{\"@type\":\"EntryPoint\",\"urlTemplate\":\"https:\/\/www.leadproadvisors.es\/sq\/?s={search_term_string}\"},\"query-input\":{\"@type\":\"PropertyValueSpecification\",\"valueRequired\":true,\"valueName\":\"search_term_string\"}}],\"inLanguage\":\"sq-AL\"}]}<\/script>\n<!-- \/ Yoast SEO plugin. -->","yoast_head_json":{"title":"Rreth nesh - LeadPro Advisors","description":"En LeadPro Advisors trabajamos m\u00faltiples sectores y tenemos una alta especializaci\u00f3n en Turismo, Aeron\u00e1utico, Real Estate y la Industria Musical \u2013 liderada por nuestra divisi\u00f3n LeadPro Music, siendo el hilo conductor la profesionalidad, cercan\u00eda, saber hacer y compromiso.","robots":{"index":"index","follow":"follow","max-snippet":"max-snippet:-1","max-image-preview":"max-image-preview:large","max-video-preview":"max-video-preview:-1"},"canonical":"https:\/\/www.leadproadvisors.es\/sq\/rreth-nesh\/","og_locale":"sq_AL","og_type":"article","og_title":"Rreth nesh - LeadPro Advisors","og_description":"En LeadPro Advisors trabajamos m\u00faltiples sectores y tenemos una alta especializaci\u00f3n en Turismo, Aeron\u00e1utico, Real Estate y la Industria Musical \u2013 liderada por nuestra divisi\u00f3n LeadPro Music, siendo el hilo conductor la profesionalidad, cercan\u00eda, saber hacer y compromiso.","og_url":"https:\/\/www.leadproadvisors.es\/sq\/rreth-nesh\/","og_site_name":"LeadPro Advisors","article_modified_time":"2025-05-20T14:57:23+00:00","twitter_card":"summary_large_image","twitter_misc":{"Est. reading time":"3 minutes"},"schema":{"@context":"https:\/\/schema.org","@graph":[{"@type":"WebPage","@id":"https:\/\/www.leadproadvisors.es\/sq\/rreth-nesh\/","url":"https:\/\/www.leadproadvisors.es\/sq\/rreth-nesh\/","name":"Rreth nesh - LeadPro Advisors","isPartOf":{"@id":"https:\/\/www.leadproadvisors.es\/sq\/#website"},"datePublished":"2018-02-06T16:35:21+00:00","dateModified":"2025-05-20T14:57:23+00:00","description":"En LeadPro Advisors trabajamos m\u00faltiples sectores y tenemos una alta especializaci\u00f3n en Turismo, Aeron\u00e1utico, Real Estate y la Industria Musical \u2013 liderada por nuestra divisi\u00f3n LeadPro Music, siendo el hilo conductor la profesionalidad, cercan\u00eda, saber hacer y compromiso.","breadcrumb":{"@id":"https:\/\/www.leadproadvisors.es\/sq\/rreth-nesh\/#breadcrumb"},"inLanguage":"sq-AL","potentialAction":[{"@type":"ReadAction","target":["https:\/\/www.leadproadvisors.es\/sq\/rreth-nesh\/"]}]},{"@type":"BreadcrumbList","@id":"https:\/\/www.leadproadvisors.es\/sq\/rreth-nesh\/#breadcrumb","itemListElement":[{"@type":"ListItem","position":1,"name":"Portada","item":"https:\/\/www.leadproadvisors.es\/sq\/"},{"@type":"ListItem","position":2,"name":"Rreth nesh"}]},{"@type":"WebSite","@id":"https:\/\/www.leadproadvisors.es\/sq\/#website","url":"https:\/\/www.leadproadvisors.es\/sq\/","name":"LeadPro Advisors","description":"Asesor\u00eda LeadPro - Madrid","potentialAction":[{"@type":"SearchAction","target":{"@type":"EntryPoint","urlTemplate":"https:\/\/www.leadproadvisors.es\/sq\/?s={search_term_string}"},"query-input":{"@type":"PropertyValueSpecification","valueRequired":true,"valueName":"search_term_string"}}],"inLanguage":"sq-AL"}]}},"_links":{"self":[{"href":"https:\/\/www.leadproadvisors.es\/sq\/wp-json\/wp\/v2\/pages\/1333","targetHints":{"allow":["GET"]}}],"collection":[{"href":"https:\/\/www.leadproadvisors.es\/sq\/wp-json\/wp\/v2\/pages"}],"about":[{"href":"https:\/\/www.leadproadvisors.es\/sq\/wp-json\/wp\/v2\/types\/page"}],"author":[{"embeddable":true,"href":"https:\/\/www.leadproadvisors.es\/sq\/wp-json\/wp\/v2\/users\/1"}],"replies":[{"embeddable":true,"href":"https:\/\/www.leadproadvisors.es\/sq\/wp-json\/wp\/v2\/comments?post=1333"}],"version-history":[{"count":6,"href":"https:\/\/www.leadproadvisors.es\/sq\/wp-json\/wp\/v2\/pages\/1333\/revisions"}],"predecessor-version":[{"id":1350,"href":"https:\/\/www.leadproadvisors.es\/sq\/wp-json\/wp\/v2\/pages\/1333\/revisions\/1350"}],"wp:attachment":[{"href":"https:\/\/www.leadproadvisors.es\/sq\/wp-json\/wp\/v2\/media?parent=1333"}],"curies":[{"name":"wp","href":"https:\/\/api.w.org\/{rel}","templated":true}]}}