{"id":1353,"date":"2018-02-07T08:36:28","date_gmt":"2018-02-07T08:36:28","guid":{"rendered":"https:\/\/www.leadproadvisors.es\/contacto\/"},"modified":"2025-09-17T07:15:28","modified_gmt":"2025-09-17T07:15:28","slug":"kontakto","status":"publish","type":"page","link":"https:\/\/www.leadproadvisors.es\/sq\/kontakto\/","title":{"rendered":"Kontakti"},"content":{"rendered":"<div class=\"wpb-content-wrapper\"><p>[vc_row css_animation=&#8221;&#8221; row_type=&#8221;row&#8221; use_row_as_full_screen_section=&#8221;no&#8221; type=&#8221;full_width&#8221; angled_section=&#8221;no&#8221; text_align=&#8221;left&#8221; background_image_as_pattern=&#8221;without_pattern&#8221;][vc_column][qode_elements_holder number_of_columns=&#8221;two_columns&#8221;][qode_elements_holder_item vertical_alignment=&#8221;top&#8221; advanced_animations=&#8221;no&#8221; item_padding=&#8221;100px 50px 100px 50px&#8221; item_padding_1280_1440=&#8221;100px 50px 100px 50px&#8221; item_padding_1024_1280=&#8221;100px 50px 100px 50px&#8221; custom_class=&#8221;slogan-contact&#8221;][vc_column_text el_class=&#8221;slogan-contact&#8221;]<\/p>\n<h2><img decoding=\"async\" class=\"alignnone size-medium wp-image-721\" style=\"height: 35px;\" role=\"img\" src=\"https:\/\/www.leadproadvisors.es\/wp-content\/uploads\/\/2021\/03\/logo_horizontal.svg\" alt=\"\" width=\"auto\" height=\"40\" \/>, duam t\u00eb jemi pika jote e mb\u00ebshtetjes.<\/h2>\n<p>[\/vc_column_text][vc_empty_space height=&#8221;39px&#8221;][vc_column_text el_class=&#8221;border-left&#8221;]<\/p>\n<h3>Mund t\u00eb t\u00eb ndihmojm\u00eb \u2014 p\u00ebr ta b\u00ebr\u00eb k\u00ebt\u00eb, do t\u00eb na p\u00eblqente t\u00eb t\u00eb njohim.<\/h3>\n<p>[\/vc_column_text][vc_empty_space height=&#8221;100px&#8221;]<span data-type=\"normal\"  class=\"qode_icon_shortcode  q_font_awsome_icon fa-3x pull-center \" style=\" \"><i class=\"qodef-icon-linea-icon icon-basic-geolocalize-01 qode_icon_element\" style=\"\" ><\/i><\/span>[vc_empty_space height=&#8221;20px&#8221;][vc_column_text css=&#8221;&#8221;]<\/p>\n<h5 class=\"p1\" style=\"text-align: center;\">Rr. Ibrahim Rugova P.8, Kati 1,<\/p>\n<p>Hyrja Tirane<\/h5>\n<p>[\/vc_column_text][vc_empty_space height=&#8221;50px&#8221;]<span data-type=\"normal\"  class=\"qode_icon_shortcode  q_font_awsome_icon fa-3x pull-center \" style=\" \"><i class=\"qodef-icon-linea-icon icon-basic-mail qode_icon_element\" style=\"\" ><\/i><\/span>[vc_empty_space height=&#8221;20px&#8221;][vc_column_text]<\/p>\n<h5 style=\"text-align: center;\"><a href=\"mailto:info@lpadvisors.es\">info@lpadvisors.es<\/a><\/h5>\n<p>[\/vc_column_text][vc_empty_space height=&#8221;50px&#8221;]<span data-type=\"normal\"  class=\"qode_icon_shortcode  q_font_awsome_icon fa-3x pull-center \" style=\" \"><i class=\"qodef-icon-linea-icon icon-basic-smartphone qode_icon_element\" style=\"\" ><\/i><\/span>[vc_empty_space height=&#8221;20px&#8221;][vc_column_text css=&#8221;&#8221;]<\/p>\n<h5 class=\"p1\" style=\"text-align: center;\">0035 569 606 1555<\/h5>\n<p>[\/vc_column_text][vc_empty_space height=&#8221;50px&#8221;]<span data-type=\"square\" data-hover-bg-color=\"#f7f7f7\" data-hover-icon-color=\"#000000\" class=\"qode_icon_shortcode fa-stack q_font_awsome_icon_square fa-2x pull-center \" style=\"background-color: #f7f7f7;border: 2px solid #f3bd07;font-size: 30px; \"><a   itemprop=\"url\" href=\"https:\/\/www.linkedin.com\/company\/leadpro-advisors-sl\/\" target=\"_blank\"><i class=\"qode_icon_font_awesome fa fa-linkedin qode_icon_element\" style=\"color: #f3bd07;\" ><\/i><\/a><\/span>[vc_empty_space height=&#8221;50px&#8221;][\/qode_elements_holder_item][qode_elements_holder_item advanced_animations=&#8221;no&#8221; background_color=&#8221;#ffffff&#8221; item_padding=&#8221;100px 50px 100px 50px&#8221; item_padding_1280_1440=&#8221;100px 50px 100px 50px&#8221; item_padding_1024_1280=&#8221;100px 50px 100px 50px&#8221;][vc_column_text]<\/p>\n<h3 class=\"p1\">Formulari<\/h3>\n<p>[\/vc_column_text][vc_empty_space height=&#8221;30px&#8221;][vc_column_text]<\/p>\n<h5 class=\"p1\">Personi m\u00eb i p\u00ebrshtatsh\u00ebm nga ekipi yn\u00eb, q\u00eb i p\u00ebrgjigjet m\u00eb mir\u00eb nevojave tuaja, do t\u00eb lidhet me ju sa m\u00eb shpejt t\u00eb jet\u00eb e mundur.<\/h5>\n<p>[\/vc_column_text][vc_empty_space height=&#8221;50px&#8221;]\n<div class=\"wpcf7 no-js\" id=\"wpcf7-f1358-o1\" lang=\"sq-AL\" dir=\"ltr\" data-wpcf7-id=\"1358\">\n<div class=\"screen-reader-response\"><p role=\"status\" aria-live=\"polite\" aria-atomic=\"true\"><\/p> <ul><\/ul><\/div>\n<form action=\"\/sq\/wp-json\/wp\/v2\/pages\/1353#wpcf7-f1358-o1\" method=\"post\" class=\"wpcf7-form init cf7_custom_style_3\" aria-label=\"Contact form\" novalidate=\"novalidate\" data-status=\"init\">\n<fieldset class=\"hidden-fields-container\"><input type=\"hidden\" name=\"_wpcf7\" value=\"1358\" \/><input type=\"hidden\" name=\"_wpcf7_version\" value=\"6.1.1\" \/><input type=\"hidden\" name=\"_wpcf7_locale\" value=\"sq_AL\" \/><input type=\"hidden\" name=\"_wpcf7_unit_tag\" value=\"wpcf7-f1358-o1\" \/><input type=\"hidden\" name=\"_wpcf7_container_post\" value=\"0\" \/><input type=\"hidden\" name=\"_wpcf7_posted_data_hash\" value=\"\" \/><input type=\"hidden\" name=\"_wpcf7_recaptcha_response\" value=\"\" \/>\n<\/fieldset>\n<p><label><span class=\"wpcf7-form-control-wrap\" data-name=\"your-name\"><input size=\"40\" maxlength=\"400\" class=\"wpcf7-form-control wpcf7-text wpcf7-validates-as-required\" aria-required=\"true\" aria-invalid=\"false\" placeholder=\"Emri\" value=\"\" type=\"text\" name=\"your-name\" \/><\/span> <\/label><br \/>\n<label><span class=\"wpcf7-form-control-wrap\" data-name=\"your-surname\"><input size=\"40\" maxlength=\"400\" class=\"wpcf7-form-control wpcf7-text wpcf7-validates-as-required\" aria-required=\"true\" aria-invalid=\"false\" placeholder=\"Mbiemrat\" value=\"\" type=\"text\" name=\"your-surname\" \/><\/span> <\/label><br \/>\n<label><span class=\"wpcf7-form-control-wrap\" data-name=\"your-email\"><input size=\"40\" maxlength=\"400\" class=\"wpcf7-form-control wpcf7-email wpcf7-validates-as-required wpcf7-text wpcf7-validates-as-email\" aria-required=\"true\" aria-invalid=\"false\" placeholder=\"Email\" value=\"\" type=\"email\" name=\"your-email\" \/><\/span> <\/label><br \/>\n<label><span class=\"wpcf7-form-control-wrap\" data-name=\"your-phone\"><input size=\"40\" maxlength=\"400\" class=\"wpcf7-form-control wpcf7-tel wpcf7-validates-as-required wpcf7-text wpcf7-validates-as-tel\" aria-required=\"true\" aria-invalid=\"false\" placeholder=\"Telefon\" value=\"\" type=\"tel\" name=\"your-phone\" \/><\/span><\/label><br \/>\n<label><span class=\"wpcf7-form-control-wrap\" data-name=\"your-subject\"><input size=\"40\" maxlength=\"400\" class=\"wpcf7-form-control wpcf7-text wpcf7-validates-as-required\" aria-required=\"true\" aria-invalid=\"false\" placeholder=\"Sip\u00ebrmarrja\" value=\"\" type=\"text\" name=\"your-subject\" \/><\/span> <\/label>\n<\/p>\n<p><label>Cila fush\u00eb t\u00eb intereson ve\u00e7an\u00ebrisht?<br \/>\n<span class=\"wpcf7-form-control-wrap\" data-name=\"your-area\"><select class=\"wpcf7-form-control wpcf7-select\" aria-invalid=\"false\" name=\"your-area\"><option value=\"Zgjidh nj\u00eb opsion\">Zgjidh nj\u00eb opsion<\/option><option value=\"T\u00eb p\u00ebrgjithshme\">T\u00eb p\u00ebrgjithshme<\/option><option value=\"Sh\u00ebrbime k\u00ebshillimi\">Sh\u00ebrbime k\u00ebshillimi<\/option><option value=\"Ligjore\">Ligjore<\/option><option value=\"Investim\">Investim<\/option><option value=\"LPM\">LPM<\/option><\/select><\/span><\/label>\n<\/p>\n<p><label> N\u00ebse na p\u00ebrshkruan shkurtimisht nevojat e tua, do t\u00eb mund t\u00eb ndihmojm\u00eb n\u00eb m\u00ebnyr\u00eb m\u00eb t\u00eb sakt\u00eb.<br \/>\n<span class=\"wpcf7-form-control-wrap\" data-name=\"your-message\"><textarea cols=\"40\" rows=\"10\" maxlength=\"2000\" class=\"wpcf7-form-control wpcf7-textarea\" aria-invalid=\"false\" placeholder=\"Shkruaj k\u00ebtu mesazhin t\u00ebnd...\" name=\"your-message\"><\/textarea><\/span> <\/label><br \/>\n<label><span class=\"wpcf7-form-control-wrap\" data-name=\"acceptance-992\"><span class=\"wpcf7-form-control wpcf7-acceptance\"><span class=\"wpcf7-list-item\"><label><input type=\"checkbox\" name=\"acceptance-992\" value=\"1\" aria-invalid=\"false\" \/><span class=\"wpcf7-list-item-label\">Kam lexuar dhe pranoj  <a href=\"\/sq\/politikat-e-Privatesise\">Politikat e Privat\u00ebsis\u00eb<\/a><\/span><\/label><\/span><\/span><\/span> <\/label>\n<\/p>\n<p><input class=\"wpcf7-form-control wpcf7-submit has-spinner\" type=\"submit\" value=\"D\u00ebrgo\" \/>\n<\/p><p style=\"display: none !important;\" class=\"akismet-fields-container\" data-prefix=\"_wpcf7_ak_\"><label>&#916;<textarea name=\"_wpcf7_ak_hp_textarea\" cols=\"45\" rows=\"8\" maxlength=\"100\"><\/textarea><\/label><input type=\"hidden\" id=\"ak_js_1\" name=\"_wpcf7_ak_js\" value=\"82\"\/><script>document.getElementById( \"ak_js_1\" ).setAttribute( \"value\", ( new Date() ).getTime() );<\/script><\/p><div class=\"wpcf7-response-output\" aria-hidden=\"true\"><\/div>\n<\/form>\n<\/div>\n[vc_empty_space height=&#8221;50px&#8221;][\/qode_elements_holder_item][\/qode_elements_holder][\/vc_column][\/vc_row][vc_row css_animation=&#8221;&#8221; row_type=&#8221;row&#8221; use_row_as_full_screen_section=&#8221;no&#8221; type=&#8221;full_width&#8221; angled_section=&#8221;no&#8221; text_align=&#8221;left&#8221; background_image_as_pattern=&#8221;without_pattern&#8221;][vc_column][vc_raw_html css=&#8221;.vc_custom_1758093326126{margin-bottom: -7px !important;}&#8221;]JTNDaWZyYW1lJTIwc3JjJTNEJTIyaHR0cHMlM0ElMkYlMkZ3d3cuZ29vZ2xlLmNvbSUyRm1hcHMlMkZlbWJlZCUzRnBiJTNEJTIxMW0xOCUyMTFtMTIlMjExbTMlMjExZDI5OTYuMjYwNDkzMzc0MjkyOCUyMTJkMTkuODE0MzMyNjc3MjIyMjU0JTIxM2Q0MS4zMjQ5NDg1OTk4NjQxMSUyMTJtMyUyMTFmMCUyMTJmMCUyMTNmMCUyMTNtMiUyMTFpMTAyNCUyMTJpNzY4JTIxNGYxMy4xJTIxM20zJTIxMW0yJTIxMXMweDEzNTAzMTA0ZTVkZmJhZTUlMjUzQTB4NzEwMzFkNjBkZTU3MGMzMSUyMTJzUnJ1Z2ElMjUyMElicmFoaW0lMjUyMFJ1Z292YSUyNTIwOCUyNTJDJTI1MjBUaXJhbiUyNUMzJTI1QUIlMjUyQyUyNTIwQWxiYW5pYSUyMTVlMCUyMTNtMiUyMTFzZXMlMjEyc2VzJTIxNHYxNzU4MDkzMjk4MjUzJTIxNW0yJTIxMXNlcyUyMTJzZXMlMjIlMjB3aWR0aCUzRCUyMjEwMCUyNSUyMiUyMGhlaWdodCUzRCUyMjUwMCUyMiUyMHN0eWxlJTNEJTIyYm9yZGVyJTNBMCUzQiUyMiUyMGFsbG93ZnVsbHNjcmVlbiUzRCUyMnllcyUyMiUyMGxvYWRpbmclM0QlMjJsYXp5JTIyJTNFJTNDJTJGaWZyYW1lJTNF[\/vc_raw_html][\/vc_column][\/vc_row]<\/p>\n<\/div>","protected":false},"excerpt":{"rendered":"<p>[vc_row css_animation=&#8221;&#8221; row_type=&#8221;row&#8221; use_row_as_full_screen_section=&#8221;no&#8221; type=&#8221;full_width&#8221; angled_section=&#8221;no&#8221; text_align=&#8221;left&#8221; background_image_as_pattern=&#8221;without_pattern&#8221;][vc_column][qode_elements_holder number_of_columns=&#8221;two_columns&#8221;][qode_elements_holder_item vertical_alignment=&#8221;top&#8221; advanced_animations=&#8221;no&#8221; item_padding=&#8221;100px 50px 100px 50px&#8221; item_padding_1280_1440=&#8221;100px 50px 100px 50px&#8221; item_padding_1024_1280=&#8221;100px 50px 100px 50px&#8221; custom_class=&#8221;slogan-contact&#8221;][vc_column_text el_class=&#8221;slogan-contact&#8221;] , duam t\u00eb jemi pika jote e mb\u00ebshtetjes. [\/vc_column_text][vc_empty_space height=&#8221;39px&#8221;][vc_column_text el_class=&#8221;border-left&#8221;] Mund t\u00eb t\u00eb ndihmojm\u00eb \u2014 p\u00ebr ta b\u00ebr\u00eb k\u00ebt\u00eb,&#8230;<\/p>\n","protected":false},"author":1,"featured_media":0,"parent":0,"menu_order":0,"comment_status":"closed","ping_status":"closed","template":"full_width.php","meta":{"footnotes":""},"class_list":["post-1353","page","type-page","status-publish","hentry"],"yoast_head":"<!-- This site is optimized with the Yoast SEO plugin v25.9 - https:\/\/yoast.com\/wordpress\/plugins\/seo\/ -->\n<title>Kontakti - LeadPro Advisors<\/title>\n<meta name=\"description\" content=\"Kontaktoni K\u00ebshilltar\u00ebt LeadPro, ne duam t\u00eb jemi mb\u00ebshtetja juaj. Ne mund t&#039;ju ndihmojm\u00eb dhe p\u00ebr ta b\u00ebr\u00eb k\u00ebt\u00eb do t\u00eb d\u00ebshironim t&#039;ju takojm\u00eb.\" \/>\n<meta name=\"robots\" content=\"index, follow, max-snippet:-1, max-image-preview:large, max-video-preview:-1\" \/>\n<link rel=\"canonical\" href=\"https:\/\/www.leadproadvisors.es\/sq\/kontakto\/\" \/>\n<meta property=\"og:locale\" content=\"sq_AL\" \/>\n<meta property=\"og:type\" content=\"article\" \/>\n<meta property=\"og:title\" content=\"Kontakti - LeadPro Advisors\" \/>\n<meta property=\"og:description\" content=\"Kontaktoni K\u00ebshilltar\u00ebt LeadPro, ne duam t\u00eb jemi mb\u00ebshtetja juaj. Ne mund t&#039;ju ndihmojm\u00eb dhe p\u00ebr ta b\u00ebr\u00eb k\u00ebt\u00eb do t\u00eb d\u00ebshironim t&#039;ju takojm\u00eb.\" \/>\n<meta property=\"og:url\" content=\"https:\/\/www.leadproadvisors.es\/sq\/kontakto\/\" \/>\n<meta property=\"og:site_name\" content=\"LeadPro Advisors\" \/>\n<meta property=\"article:modified_time\" content=\"2025-09-17T07:15:28+00:00\" \/>\n<meta name=\"twitter:card\" content=\"summary_large_image\" \/>\n<meta name=\"twitter:label1\" content=\"Est. reading time\" \/>\n\t<meta name=\"twitter:data1\" content=\"1 minute\" \/>\n<script type=\"application\/ld+json\" class=\"yoast-schema-graph\">{\"@context\":\"https:\/\/schema.org\",\"@graph\":[{\"@type\":\"WebPage\",\"@id\":\"https:\/\/www.leadproadvisors.es\/sq\/kontakto\/\",\"url\":\"https:\/\/www.leadproadvisors.es\/sq\/kontakto\/\",\"name\":\"Kontakti - LeadPro Advisors\",\"isPartOf\":{\"@id\":\"https:\/\/www.leadproadvisors.es\/sq\/#website\"},\"primaryImageOfPage\":{\"@id\":\"https:\/\/www.leadproadvisors.es\/sq\/kontakto\/#primaryimage\"},\"image\":{\"@id\":\"https:\/\/www.leadproadvisors.es\/sq\/kontakto\/#primaryimage\"},\"thumbnailUrl\":\"https:\/\/www.leadproadvisors.es\/wp-content\/uploads\/\/2021\/03\/logo_horizontal.svg\",\"datePublished\":\"2018-02-07T08:36:28+00:00\",\"dateModified\":\"2025-09-17T07:15:28+00:00\",\"description\":\"Kontaktoni K\u00ebshilltar\u00ebt LeadPro, ne duam t\u00eb jemi mb\u00ebshtetja juaj. Ne mund t'ju ndihmojm\u00eb dhe p\u00ebr ta b\u00ebr\u00eb k\u00ebt\u00eb do t\u00eb d\u00ebshironim t'ju takojm\u00eb.\",\"breadcrumb\":{\"@id\":\"https:\/\/www.leadproadvisors.es\/sq\/kontakto\/#breadcrumb\"},\"inLanguage\":\"sq-AL\",\"potentialAction\":[{\"@type\":\"ReadAction\",\"target\":[\"https:\/\/www.leadproadvisors.es\/sq\/kontakto\/\"]}]},{\"@type\":\"ImageObject\",\"inLanguage\":\"sq-AL\",\"@id\":\"https:\/\/www.leadproadvisors.es\/sq\/kontakto\/#primaryimage\",\"url\":\"https:\/\/www.leadproadvisors.es\/wp-content\/uploads\/\/2021\/03\/logo_horizontal.svg\",\"contentUrl\":\"https:\/\/www.leadproadvisors.es\/wp-content\/uploads\/\/2021\/03\/logo_horizontal.svg\"},{\"@type\":\"BreadcrumbList\",\"@id\":\"https:\/\/www.leadproadvisors.es\/sq\/kontakto\/#breadcrumb\",\"itemListElement\":[{\"@type\":\"ListItem\",\"position\":1,\"name\":\"Portada\",\"item\":\"https:\/\/www.leadproadvisors.es\/sq\/\"},{\"@type\":\"ListItem\",\"position\":2,\"name\":\"Kontakti\"}]},{\"@type\":\"WebSite\",\"@id\":\"https:\/\/www.leadproadvisors.es\/sq\/#website\",\"url\":\"https:\/\/www.leadproadvisors.es\/sq\/\",\"name\":\"LeadPro Advisors\",\"description\":\"Asesor\u00eda LeadPro - Madrid\",\"potentialAction\":[{\"@type\":\"SearchAction\",\"target\":{\"@type\":\"EntryPoint\",\"urlTemplate\":\"https:\/\/www.leadproadvisors.es\/sq\/?s={search_term_string}\"},\"query-input\":{\"@type\":\"PropertyValueSpecification\",\"valueRequired\":true,\"valueName\":\"search_term_string\"}}],\"inLanguage\":\"sq-AL\"}]}<\/script>\n<!-- \/ Yoast SEO plugin. -->","yoast_head_json":{"title":"Kontakti - LeadPro Advisors","description":"Kontaktoni K\u00ebshilltar\u00ebt LeadPro, ne duam t\u00eb jemi mb\u00ebshtetja juaj. Ne mund t'ju ndihmojm\u00eb dhe p\u00ebr ta b\u00ebr\u00eb k\u00ebt\u00eb do t\u00eb d\u00ebshironim t'ju takojm\u00eb.","robots":{"index":"index","follow":"follow","max-snippet":"max-snippet:-1","max-image-preview":"max-image-preview:large","max-video-preview":"max-video-preview:-1"},"canonical":"https:\/\/www.leadproadvisors.es\/sq\/kontakto\/","og_locale":"sq_AL","og_type":"article","og_title":"Kontakti - LeadPro Advisors","og_description":"Kontaktoni K\u00ebshilltar\u00ebt LeadPro, ne duam t\u00eb jemi mb\u00ebshtetja juaj. Ne mund t'ju ndihmojm\u00eb dhe p\u00ebr ta b\u00ebr\u00eb k\u00ebt\u00eb do t\u00eb d\u00ebshironim t'ju takojm\u00eb.","og_url":"https:\/\/www.leadproadvisors.es\/sq\/kontakto\/","og_site_name":"LeadPro Advisors","article_modified_time":"2025-09-17T07:15:28+00:00","twitter_card":"summary_large_image","twitter_misc":{"Est. reading time":"1 minute"},"schema":{"@context":"https:\/\/schema.org","@graph":[{"@type":"WebPage","@id":"https:\/\/www.leadproadvisors.es\/sq\/kontakto\/","url":"https:\/\/www.leadproadvisors.es\/sq\/kontakto\/","name":"Kontakti - LeadPro Advisors","isPartOf":{"@id":"https:\/\/www.leadproadvisors.es\/sq\/#website"},"primaryImageOfPage":{"@id":"https:\/\/www.leadproadvisors.es\/sq\/kontakto\/#primaryimage"},"image":{"@id":"https:\/\/www.leadproadvisors.es\/sq\/kontakto\/#primaryimage"},"thumbnailUrl":"https:\/\/www.leadproadvisors.es\/wp-content\/uploads\/\/2021\/03\/logo_horizontal.svg","datePublished":"2018-02-07T08:36:28+00:00","dateModified":"2025-09-17T07:15:28+00:00","description":"Kontaktoni K\u00ebshilltar\u00ebt LeadPro, ne duam t\u00eb jemi mb\u00ebshtetja juaj. Ne mund t'ju ndihmojm\u00eb dhe p\u00ebr ta b\u00ebr\u00eb k\u00ebt\u00eb do t\u00eb d\u00ebshironim t'ju takojm\u00eb.","breadcrumb":{"@id":"https:\/\/www.leadproadvisors.es\/sq\/kontakto\/#breadcrumb"},"inLanguage":"sq-AL","potentialAction":[{"@type":"ReadAction","target":["https:\/\/www.leadproadvisors.es\/sq\/kontakto\/"]}]},{"@type":"ImageObject","inLanguage":"sq-AL","@id":"https:\/\/www.leadproadvisors.es\/sq\/kontakto\/#primaryimage","url":"https:\/\/www.leadproadvisors.es\/wp-content\/uploads\/\/2021\/03\/logo_horizontal.svg","contentUrl":"https:\/\/www.leadproadvisors.es\/wp-content\/uploads\/\/2021\/03\/logo_horizontal.svg"},{"@type":"BreadcrumbList","@id":"https:\/\/www.leadproadvisors.es\/sq\/kontakto\/#breadcrumb","itemListElement":[{"@type":"ListItem","position":1,"name":"Portada","item":"https:\/\/www.leadproadvisors.es\/sq\/"},{"@type":"ListItem","position":2,"name":"Kontakti"}]},{"@type":"WebSite","@id":"https:\/\/www.leadproadvisors.es\/sq\/#website","url":"https:\/\/www.leadproadvisors.es\/sq\/","name":"LeadPro Advisors","description":"Asesor\u00eda LeadPro - Madrid","potentialAction":[{"@type":"SearchAction","target":{"@type":"EntryPoint","urlTemplate":"https:\/\/www.leadproadvisors.es\/sq\/?s={search_term_string}"},"query-input":{"@type":"PropertyValueSpecification","valueRequired":true,"valueName":"search_term_string"}}],"inLanguage":"sq-AL"}]}},"_links":{"self":[{"href":"https:\/\/www.leadproadvisors.es\/sq\/wp-json\/wp\/v2\/pages\/1353","targetHints":{"allow":["GET"]}}],"collection":[{"href":"https:\/\/www.leadproadvisors.es\/sq\/wp-json\/wp\/v2\/pages"}],"about":[{"href":"https:\/\/www.leadproadvisors.es\/sq\/wp-json\/wp\/v2\/types\/page"}],"author":[{"embeddable":true,"href":"https:\/\/www.leadproadvisors.es\/sq\/wp-json\/wp\/v2\/users\/1"}],"replies":[{"embeddable":true,"href":"https:\/\/www.leadproadvisors.es\/sq\/wp-json\/wp\/v2\/comments?post=1353"}],"version-history":[{"count":7,"href":"https:\/\/www.leadproadvisors.es\/sq\/wp-json\/wp\/v2\/pages\/1353\/revisions"}],"predecessor-version":[{"id":1443,"href":"https:\/\/www.leadproadvisors.es\/sq\/wp-json\/wp\/v2\/pages\/1353\/revisions\/1443"}],"wp:attachment":[{"href":"https:\/\/www.leadproadvisors.es\/sq\/wp-json\/wp\/v2\/media?parent=1353"}],"curies":[{"name":"wp","href":"https:\/\/api.w.org\/{rel}","templated":true}]}}