{"id":1380,"date":"2025-05-21T08:32:41","date_gmt":"2025-05-21T08:32:41","guid":{"rendered":"https:\/\/www.leadproadvisors.es\/?page_id=1380"},"modified":"2025-05-21T09:15:05","modified_gmt":"2025-05-21T09:15:05","slug":"sherbimet","status":"publish","type":"page","link":"https:\/\/www.leadproadvisors.es\/sq\/sherbimet\/","title":{"rendered":"Sh\u00ebrbimet"},"content":{"rendered":"<div class=\"wpb-content-wrapper\"><p>[vc_row css_animation=&#8221;&#8221; row_type=&#8221;row&#8221; use_row_as_full_screen_section=&#8221;no&#8221; type=&#8221;full_width&#8221; angled_section=&#8221;no&#8221; text_align=&#8221;left&#8221; background_image_as_pattern=&#8221;without_pattern&#8221; css=&#8221;.vc_custom_1614783834012{background-color: #f3bd07 !important;}&#8221; z_index=&#8221;&#8221;][vc_column width=&#8221;1\/6&#8243;][\/vc_column][vc_column width=&#8221;2\/3&#8243; css=&#8221;.vc_custom_1620302199584{padding-right: 20px !important;padding-left: 20px !important;}&#8221;][vc_empty_space][vc_column_text]<\/p>\n<h2 class=\"p1\" style=\"text-align: center;\"><span style=\"color: #ffffff;\"><strong>Sh\u00ebrbimi gjith\u00ebp\u00ebrfshir\u00ebs<\/strong> q\u00eb i nevojitet sip\u00ebrmarrjes t\u00ebnde<\/span><\/h2>\n<p>[\/vc_column_text][vc_empty_space][\/vc_column][vc_column width=&#8221;1\/6&#8243;][\/vc_column][\/vc_row][vc_row css_animation=&#8221;&#8221; row_type=&#8221;row&#8221; use_row_as_full_screen_section=&#8221;no&#8221; type=&#8221;full_width&#8221; angled_section=&#8221;no&#8221; text_align=&#8221;left&#8221; background_image_as_pattern=&#8221;without_pattern&#8221;][vc_column width=&#8221;1\/4&#8243;][\/vc_column][vc_column css=&#8221;.vc_custom_1617869873193{padding-right: 50px !important;padding-left: 50px !important;}&#8221; offset=&#8221;vc_col-lg-6 vc_col-md-6 vc_col-xs-12&#8243;][vc_empty_space height=&#8221;75px&#8221;][vc_column_text el_class=&#8221;txt-justify&#8221;]<\/p>\n<p>\u00c7do sip\u00ebrmarrje ka nevoja t\u00eb ndryshme n\u00eb faza t\u00eb ndryshme t\u00eb ciklit t\u00eb saj t\u00eb jet\u00ebs &#8211; q\u00eb nga krijimi dhe themelimi, e deri te rritja, konsolidimi dhe maturimi. N\u00eb secil\u00ebn prej tyre shfaqen rreziqe q\u00eb duhen zbutur, kalon p\u00ebrmes pengesash q\u00eb duhen kap\u00ebrcyer dhe sfidash q\u00eb duhen p\u00ebrballuar.<\/p>\n<p><span data-sheets-root=\"1\">N\u00eb momente t\u00eb caktuara, mund t\u00eb ket\u00eb nevoj\u00eb p\u00ebr nj\u00eb mb\u00ebshtetje nga jasht\u00eb q\u00eb ta ndihmoj\u00eb t\u00eb kap\u00ebrcej\u00eb v\u00ebshtir\u00ebsit\u00eb dhe t\u00eb arrij\u00eb suksesin.<\/span><\/p>\n<p>[\/vc_column_text][vc_empty_space height=&#8221;75px&#8221;][vc_column_text]<\/p>\n<h3 style=\"text-align: center;\">N\u00eb LeadPro Advisors t\u00eb ofrojm\u00eb nj\u00eb sh\u00ebrbim t\u00eb personalizuar, nj\u00eb <span style=\"color: #f3bd07;\"><u>propozim t\u00eb personalizuar<\/u><\/span> q\u00eb i p\u00ebrshtatet sip\u00ebrmarrjes t\u00ebnde, i cili <span style=\"color: #f3bd07;\"><u>p\u00ebrmbush nevojat tuaja konkrete n\u00eb m\u00ebnyr\u00ebn m\u00eb efektive dhe efikase t\u00eb mundshme<\/u><\/span>.<\/h3>\n<p>[\/vc_column_text][vc_empty_space height=&#8221;120px&#8221;][\/vc_column][vc_column width=&#8221;1\/4&#8243;][\/vc_column][\/vc_row][vc_row css_animation=&#8221;&#8221; row_type=&#8221;row&#8221; use_row_as_full_screen_section=&#8221;no&#8221; type=&#8221;grid&#8221; angled_section=&#8221;no&#8221; text_align=&#8221;center&#8221; background_image_as_pattern=&#8221;without_pattern&#8221; z_index=&#8221;&#8221; css=&#8221;.vc_custom_1617090333633{background-position: center !important;background-repeat: no-repeat !important;background-size: cover !important;}&#8221;][vc_column]\n\t\t\t<!-- START Servicios SQ REVOLUTION SLIDER 6.3.9 --><p class=\"rs-p-wp-fix\"><\/p>\n\t\t\t<rs-module-wrap id=\"rev_slider_13_1_wrapper\" data-source=\"gallery\" style=\"background:transparent;padding:0;margin:0px auto;margin-top:0;margin-bottom:0;\">\n\t\t\t\t<rs-module id=\"rev_slider_13_1\" style=\"\" data-version=\"6.3.9\">\n\t\t\t\t\t<rs-slides>\n\t\t\t\t\t\t<rs-slide data-key=\"rs-13\" data-title=\"home\" data-anim=\"ei:d;eo:d;s:1000;r:0;t:fade;sl:0;\">\n\t\t\t\t\t\t\t<img decoding=\"async\" src=\"\/\/www.leadproadvisors.es\/wp-content\/plugins\/revslider\/public\/assets\/assets\/transparent.png\" title=\"Sh\u00ebrbimet\" class=\"rev-slidebg\" data-no-retina>\n\t\t\t\t\t\t\t<rs-bgvideo \n\t\t\t\t\t\t\t\tdata-video=\"w:100%;h:100%;nse:false;rwd:false;l:true;ptimer:false;\"\n\t\t\t\t\t\t\t\tdata-mp4=\"\/\/www.leadproadvisors.es\/wp-content\/uploads\/2021\/03\/bg-video-servicios.mp4\"\n\t\t\t\t\t\t\t><\/rs-bgvideo>\n<!--\n\t\t\t\t\t\t\t--><rs-layer\n\t\t\t\t\t\t\t\tid=\"slider-13-slide-13-layer-4\" \n\t\t\t\t\t\t\t\tdata-type=\"text\"\n\t\t\t\t\t\t\t\tdata-rsp_ch=\"on\"\n\t\t\t\t\t\t\t\tdata-xy=\"x:c;y:m;\"\n\t\t\t\t\t\t\t\tdata-text=\"w:normal;s:45,45,45,40;l:50,50,50,45;a:center;\"\n\t\t\t\t\t\t\t\tdata-dim=\"w:60%,60%,60%,90%;\"\n\t\t\t\t\t\t\t\tdata-frame_0=\"y:100%;\"\n\t\t\t\t\t\t\t\tdata-frame_0_mask=\"u:t;\"\n\t\t\t\t\t\t\t\tdata-frame_1=\"sp:0;\"\n\t\t\t\t\t\t\t\tdata-frame_1_mask=\"u:t;\"\n\t\t\t\t\t\t\t\tdata-frame_999=\"o:0;st:w;sR:1800;\"\n\t\t\t\t\t\t\t\tstyle=\"z-index:9;font-family:Raleway;\"\n\t\t\t\t\t\t\t>T\u00eb propozojm\u00eb nj\u00eb marr\u00ebdh\u00ebnie <b>t\u00eb af\u00ebrt, dinamike, fleksib\u00ebl dhe t\u00eb p\u00ebrshtatur<\/b>  me \u00e7do situat\u00eb<br \/>\n \n\t\t\t\t\t\t\t<\/rs-layer><!--\n-->\t\t\t\t\t\t<\/rs-slide>\n\t\t\t\t\t<\/rs-slides>\n\t\t\t\t<\/rs-module>\n\t\t\t\t<script type=\"text\/javascript\">\n\t\t\t\t\tsetREVStartSize({c: 'rev_slider_13_1',rl:[1240,1240,1240,480],el:[450,450,450,420],gw:[1920,1920,1920,480],gh:[450,450,450,420],type:'standard',justify:'',layout:'fullwidth',mh:\"0\"});\n\t\t\t\t\tvar\trevapi13,\n\t\t\t\t\t\ttpj;\n\t\t\t\t\tfunction revinit_revslider131() {\n\t\t\t\t\tjQuery(function() {\n\t\t\t\t\t\ttpj = jQuery;\n\t\t\t\t\t\trevapi13 = tpj(\"#rev_slider_13_1\");\n\t\t\t\t\t\tif(revapi13==undefined || revapi13.revolution == undefined){\n\t\t\t\t\t\t\trevslider_showDoubleJqueryError(\"rev_slider_13_1\");\n\t\t\t\t\t\t}else{\n\t\t\t\t\t\t\trevapi13.revolution({\n\t\t\t\t\t\t\t\tsliderLayout:\"fullwidth\",\n\t\t\t\t\t\t\t\tduration:\"3000ms\",\n\t\t\t\t\t\t\t\tvisibilityLevels:\"1240,1240,1240,480\",\n\t\t\t\t\t\t\t\tgridwidth:\"1920,1920,1920,480\",\n\t\t\t\t\t\t\t\tgridheight:\"450,450,450,420\",\n\t\t\t\t\t\t\t\tperspective:600,\n\t\t\t\t\t\t\t\tperspectiveType:\"global\",\n\t\t\t\t\t\t\t\teditorheight:\"450,768,960,420\",\n\t\t\t\t\t\t\t\tresponsiveLevels:\"1240,1240,1240,480\",\n\t\t\t\t\t\t\t\tprogressBar:{disableProgressBar:true},\n\t\t\t\t\t\t\t\tnavigation: {\n\t\t\t\t\t\t\t\t\tonHoverStop:false\n\t\t\t\t\t\t\t\t},\n\t\t\t\t\t\t\t\tfallbacks: {\n\t\t\t\t\t\t\t\t\tallowHTML5AutoPlayOnAndroid:true\n\t\t\t\t\t\t\t\t},\n\t\t\t\t\t\t\t});\n\t\t\t\t\t\t}\n\t\t\t\t\t\t\n\t\t\t\t\t});\n\t\t\t\t\t} \/\/ End of RevInitScript\n\t\t\t\tvar once_revslider131 = false;\n\t\t\t\tif (document.readyState === \"loading\") {document.addEventListener('readystatechange',function() { if((document.readyState === \"interactive\" || document.readyState === \"complete\") && !once_revslider131 ) { once_revslider131 = true; revinit_revslider131();}});} else {once_revslider131 = true; revinit_revslider131();}\n\t\t\t\t<\/script>\n\t\t\t<\/rs-module-wrap>\n\t\t\t<!-- END REVOLUTION SLIDER -->\n[\/vc_column][\/vc_row][vc_row css_animation=&#8221;&#8221; row_type=&#8221;row&#8221; use_row_as_full_screen_section=&#8221;no&#8221; type=&#8221;full_width&#8221; angled_section=&#8221;no&#8221; text_align=&#8221;left&#8221; background_image_as_pattern=&#8221;without_pattern&#8221; gap=&#8221;35&#8243; css=&#8221;.vc_custom_1614709842874{padding-top: 25px !important;padding-right: 50px !important;padding-bottom: 25px !important;padding-left: 50px !important;background-color: #222222 !important;}&#8221; z_index=&#8221;&#8221;][vc_column width=&#8221;1\/6&#8243;][\/vc_column][vc_column width=&#8221;2\/3&#8243;][vc_column_text]<\/p>\n<h4 class=\"p1\" style=\"text-align: center;\"><span style=\"color: #ffffff;\">V\u00ebm\u00eb n\u00eb dispozicionin t\u00ebnd nj\u00eb gam\u00eb t\u00eb gjer\u00eb sh\u00ebrbimesh q\u00eb mbulojn\u00eb fusha t\u00eb ndryshme. Sidoqoft\u00eb, ne jemi ve\u00e7an\u00ebrisht t\u00eb specializuar n\u00eb:<\/span><\/h4>\n<p>[\/vc_column_text][\/vc_column][vc_column width=&#8221;1\/6&#8243;][\/vc_column][\/vc_row][vc_row css_animation=&#8221;&#8221; row_type=&#8221;row&#8221; use_row_as_full_screen_section=&#8221;no&#8221; type=&#8221;full_width&#8221; angled_section=&#8221;no&#8221; text_align=&#8221;left&#8221; background_image_as_pattern=&#8221;without_pattern&#8221; z_index=&#8221;&#8221;][vc_column][qode_elements_holder number_of_columns=&#8221;three_columns&#8221; custom_class=&#8221;icons_services&#8221;][qode_elements_holder_item vertical_alignment=&#8221;top&#8221; advanced_animations=&#8221;no&#8221; background_color=&#8221;#f7f7f7&#8243; item_padding=&#8221;100px 40px 100px 40px&#8221;][vc_single_image image=&#8221;1310&#8243; img_size=&#8221;80&#215;80&#8243; alignment=&#8221;center&#8221; onclick=&#8221;custom_link&#8221; qode_css_animation=&#8221;&#8221; link=&#8221;https:\/\/www.leadproadvisors.es\/servicios\/consultoria\/&#8221;][vc_empty_space height=&#8221;25px&#8221;][vc_column_text]<\/p>\n<h2 style=\"text-align: center;\"><a href=\"https:\/\/www.leadproadvisors.es\/sq\/sherbimet\/Sherbime-keshillimi\/\">Sh\u00ebrbime k\u00ebshillimi<\/a><\/h2>\n<p>[\/vc_column_text][vc_empty_space height=&#8221;50px&#8221;][vc_column_text]<\/p>\n<h5 style=\"text-align: center;\">Transaksione<\/h5>\n<h5 style=\"text-align: center;\">Strategji<\/h5>\n<h5 style=\"text-align: center;\">Sip\u00ebrmarrje dhe Start Up<\/h5>\n<p>[\/vc_column_text][\/qode_elements_holder_item][qode_elements_holder_item vertical_alignment=&#8221;top&#8221; advanced_animations=&#8221;no&#8221; background_color=&#8221;#ffffff&#8221; item_padding=&#8221;100px 40px 100px 40px&#8221;][vc_single_image image=&#8221;1309&#8243; img_size=&#8221;80&#215;80&#8243; alignment=&#8221;center&#8221; onclick=&#8221;custom_link&#8221; qode_css_animation=&#8221;&#8221; link=&#8221;https:\/\/www.leadproadvisors.es\/sq\/sherbimet\/legal\/&#8221;][vc_empty_space height=&#8221;25px&#8221;][vc_column_text css=&#8221;&#8221;]<\/p>\n<h2 style=\"text-align: center;\"><a href=\"https:\/\/www.leadproadvisors.es\/sq\/sherbimet\/sektori-ligjor\/\">Sektorin ligjor<\/a><\/h2>\n<p>[\/vc_column_text][vc_empty_space height=&#8221;50px&#8221;][vc_column_text]<\/p>\n<h5 style=\"text-align: center;\">Tregtar<\/h5>\n<h5 style=\"text-align: center;\">Civil<\/h5>\n<h5 style=\"text-align: center;\">Aeronautik\u00eb<\/h5>\n<h5 style=\"text-align: center;\">Administrativ<\/h5>\n<p>[\/vc_column_text][\/qode_elements_holder_item][qode_elements_holder_item vertical_alignment=&#8221;top&#8221; advanced_animations=&#8221;no&#8221; background_color=&#8221;#f3bd07&#8243; item_padding=&#8221;100px 40px 100px 40px&#8221;][vc_single_image image=&#8221;1383&#8243; img_size=&#8221;80&#215;80&#8243; alignment=&#8221;center&#8221; onclick=&#8221;custom_link&#8221; qode_css_animation=&#8221;&#8221; link=&#8221;https:\/\/www.leadproadvisors.es\/sq\/sherbimet\/inversiones\/&#8221;][vc_empty_space height=&#8221;25px&#8221;][vc_column_text css=&#8221;&#8221;]<\/p>\n<h2 style=\"text-align: center;\"><a href=\"https:\/\/www.leadproadvisors.es\/sq\/sherbimet\/sektori-i-investimeve\/\">Sektorin e Investimeve<\/a><\/h2>\n<p>[\/vc_column_text][vc_empty_space height=&#8221;50px&#8221;][vc_column_text]<\/p>\n<h5 style=\"text-align: center;\">Gjenerojm\u00eb vler\u00eb p\u00ebr biznesin<\/h5>\n<h5 style=\"text-align: center;\">Hartojm\u00eb struktur\u00eb optimale t\u00eb kapitalit<\/h5>\n<h5 style=\"text-align: center;\">Ofrojm\u00eb financim<\/h5>\n<h5 style=\"text-align: center;\">Gjejm\u00eb partnerin ideal p\u00ebr rrug\u00ebtimin t\u00ebnd<\/h5>\n<p>[\/vc_column_text][\/qode_elements_holder_item][\/qode_elements_holder][\/vc_column][\/vc_row][vc_row css_animation=&#8221;&#8221; row_type=&#8221;row&#8221; use_row_as_full_screen_section=&#8221;no&#8221; type=&#8221;full_width&#8221; angled_section=&#8221;no&#8221; text_align=&#8221;left&#8221; background_image_as_pattern=&#8221;without_pattern&#8221; css=&#8221;.vc_custom_1613722646448{background-color: #ffffff !important;}&#8221; z_index=&#8221;&#8221;][vc_column][qode_elements_holder number_of_columns=&#8221;two_columns&#8221;][qode_elements_holder_item vertical_alignment=&#8221;middle&#8221; advanced_animations=&#8221;no&#8221; item_padding_600_768=&#8221;0 0 0 0&#8243; item_padding_480_600=&#8221;0 0 0 0&#8243; item_padding_480=&#8221;0 0 0 0&#8243; item_padding=&#8221;0 0 0 50px&#8221;][vc_empty_space height=&#8221;100px&#8221;][vc_column_text css=&#8221;.vc_custom_1747754994434{padding-right: 50px !important;padding-left: 50px !important;}&#8221;]<\/p>\n<h3>Jemi nj\u00eb firm\u00eb n\u00eb progres t\u00eb vazhduesh\u00ebm p\u00ebr t\u00eb arritur rezultate optimale n\u00eb fusha t\u00eb reja, sipas k\u00ebrkesave t\u00eb klient\u00ebve tan\u00eb.<\/h3>\n<p>[\/vc_column_text][vc_empty_space height=&#8221;30px&#8221;][vc_column_text css=&#8221;.vc_custom_1747755015103{padding-right: 50px !important;padding-left: 50px !important;}&#8221;]<\/p>\n<h3><span data-sheets-root=\"1\"><strong>Sjellim risi<\/strong> p\u00ebr t\u00eb arritur suksese p\u00ebrball\u00eb sfidave t\u00eb reja, n\u00eb nj\u00eb bot\u00eb q\u00eb ndryshon vazhdimisht.<\/span><\/h3>\n<p>[\/vc_column_text][vc_empty_space height=&#8221;100px&#8221;][\/qode_elements_holder_item][qode_elements_holder_item cover=&#8221;yes&#8221; horizontal_alignment=&#8221;center&#8221; advanced_animations=&#8221;no&#8221; background_image=&#8221;558&#8243; item_padding=&#8221;100px 40px 100px 40px&#8221;][vc_column_text css=&#8221;&#8221;]<\/p>\n<h2 class=\"p1\" style=\"text-align: center;\"><span style=\"color: #ffffff;\"> Na trego \u00e7far\u00eb ke nevoj\u00eb. Ekipi yn\u00eb do t\u00eb k\u00ebrkoj\u00eb<span style=\"color: #f3bd07;\"><u>zgjidhjet<\/u><\/span>.<\/span><\/h2>\n<p>[\/vc_column_text][vc_empty_space height=&#8221;50px&#8221;]<a  itemprop=\"url\" href=\"\/sq\/kontakti\/\" target=\"_self\"  class=\"qbutton  center default btn-mobile\" style=\"margin: 0 0 0 45px; \">Dua nj\u00eb plan t\u00eb personalizuar p\u00ebr sip\u00ebrmarrjen time.<\/a>[\/qode_elements_holder_item][\/qode_elements_holder][\/vc_column][\/vc_row]<\/p>\n<\/div>","protected":false},"excerpt":{"rendered":"<p>[vc_row css_animation=&#8221;&#8221; row_type=&#8221;row&#8221; use_row_as_full_screen_section=&#8221;no&#8221; type=&#8221;full_width&#8221; angled_section=&#8221;no&#8221; text_align=&#8221;left&#8221; background_image_as_pattern=&#8221;without_pattern&#8221; css=&#8221;.vc_custom_1614783834012{background-color: #f3bd07 !important;}&#8221; z_index=&#8221;&#8221;][vc_column width=&#8221;1\/6&#8243;][\/vc_column][vc_column width=&#8221;2\/3&#8243; css=&#8221;.vc_custom_1620302199584{padding-right: 20px !important;padding-left: 20px !important;}&#8221;][vc_empty_space][vc_column_text] Sh\u00ebrbimi gjith\u00ebp\u00ebrfshir\u00ebs q\u00eb i nevojitet sip\u00ebrmarrjes t\u00ebnde [\/vc_column_text][vc_empty_space][\/vc_column][vc_column width=&#8221;1\/6&#8243;][\/vc_column][\/vc_row][vc_row css_animation=&#8221;&#8221; row_type=&#8221;row&#8221; use_row_as_full_screen_section=&#8221;no&#8221; type=&#8221;full_width&#8221; angled_section=&#8221;no&#8221; text_align=&#8221;left&#8221; background_image_as_pattern=&#8221;without_pattern&#8221;][vc_column width=&#8221;1\/4&#8243;][\/vc_column][vc_column css=&#8221;.vc_custom_1617869873193{padding-right: 50px !important;padding-left: 50px !important;}&#8221; offset=&#8221;vc_col-lg-6 vc_col-md-6 vc_col-xs-12&#8243;][vc_empty_space height=&#8221;75px&#8221;][vc_column_text&#8230;<\/p>\n","protected":false},"author":1,"featured_media":0,"parent":0,"menu_order":0,"comment_status":"closed","ping_status":"closed","template":"full_width.php","meta":{"footnotes":""},"class_list":["post-1380","page","type-page","status-publish","hentry"],"yoast_head":"<!-- This site is optimized with the Yoast SEO plugin v25.9 - https:\/\/yoast.com\/wordpress\/plugins\/seo\/ -->\n<title>Sh\u00ebrbimet - LeadPro Advisors<\/title>\n<meta name=\"robots\" content=\"index, follow, max-snippet:-1, max-image-preview:large, max-video-preview:-1\" \/>\n<link rel=\"canonical\" href=\"https:\/\/www.leadproadvisors.es\/sq\/sherbimet\/\" \/>\n<meta property=\"og:locale\" content=\"sq_AL\" \/>\n<meta property=\"og:type\" content=\"article\" \/>\n<meta property=\"og:title\" content=\"Sh\u00ebrbimet - LeadPro Advisors\" \/>\n<meta property=\"og:description\" content=\"[vc_row css_animation=&#8221;&#8221; row_type=&#8221;row&#8221; use_row_as_full_screen_section=&#8221;no&#8221; type=&#8221;full_width&#8221; angled_section=&#8221;no&#8221; text_align=&#8221;left&#8221; background_image_as_pattern=&#8221;without_pattern&#8221; css=&#8221;.vc_custom_1614783834012{background-color: #f3bd07 !important;}&#8221; z_index=&#8221;&#8221;][vc_column width=&#8221;1\/6&#8243;][\/vc_column][vc_column width=&#8221;2\/3&#8243; css=&#8221;.vc_custom_1620302199584{padding-right: 20px !important;padding-left: 20px !important;}&#8221;][vc_empty_space][vc_column_text] Sh\u00ebrbimi gjith\u00ebp\u00ebrfshir\u00ebs q\u00eb i nevojitet sip\u00ebrmarrjes t\u00ebnde [\/vc_column_text][vc_empty_space][\/vc_column][vc_column width=&#8221;1\/6&#8243;][\/vc_column][\/vc_row][vc_row css_animation=&#8221;&#8221; row_type=&#8221;row&#8221; use_row_as_full_screen_section=&#8221;no&#8221; type=&#8221;full_width&#8221; angled_section=&#8221;no&#8221; text_align=&#8221;left&#8221; background_image_as_pattern=&#8221;without_pattern&#8221;][vc_column width=&#8221;1\/4&#8243;][\/vc_column][vc_column css=&#8221;.vc_custom_1617869873193{padding-right: 50px !important;padding-left: 50px !important;}&#8221; offset=&#8221;vc_col-lg-6 vc_col-md-6 vc_col-xs-12&#8243;][vc_empty_space height=&#8221;75px&#8221;][vc_column_text...\" \/>\n<meta property=\"og:url\" content=\"https:\/\/www.leadproadvisors.es\/sq\/sherbimet\/\" \/>\n<meta property=\"og:site_name\" content=\"LeadPro Advisors\" \/>\n<meta property=\"article:modified_time\" content=\"2025-05-21T09:15:05+00:00\" \/>\n<meta name=\"twitter:card\" content=\"summary_large_image\" \/>\n<meta name=\"twitter:label1\" content=\"Est. reading time\" \/>\n\t<meta name=\"twitter:data1\" content=\"3 minutes\" \/>\n<script type=\"application\/ld+json\" class=\"yoast-schema-graph\">{\"@context\":\"https:\/\/schema.org\",\"@graph\":[{\"@type\":\"WebPage\",\"@id\":\"https:\/\/www.leadproadvisors.es\/sq\/sherbimet\/\",\"url\":\"https:\/\/www.leadproadvisors.es\/sq\/sherbimet\/\",\"name\":\"Sh\u00ebrbimet - LeadPro Advisors\",\"isPartOf\":{\"@id\":\"https:\/\/www.leadproadvisors.es\/sq\/#website\"},\"datePublished\":\"2025-05-21T08:32:41+00:00\",\"dateModified\":\"2025-05-21T09:15:05+00:00\",\"breadcrumb\":{\"@id\":\"https:\/\/www.leadproadvisors.es\/sq\/sherbimet\/#breadcrumb\"},\"inLanguage\":\"sq-AL\",\"potentialAction\":[{\"@type\":\"ReadAction\",\"target\":[\"https:\/\/www.leadproadvisors.es\/sq\/sherbimet\/\"]}]},{\"@type\":\"BreadcrumbList\",\"@id\":\"https:\/\/www.leadproadvisors.es\/sq\/sherbimet\/#breadcrumb\",\"itemListElement\":[{\"@type\":\"ListItem\",\"position\":1,\"name\":\"Portada\",\"item\":\"https:\/\/www.leadproadvisors.es\/sq\/\"},{\"@type\":\"ListItem\",\"position\":2,\"name\":\"Sh\u00ebrbimet\"}]},{\"@type\":\"WebSite\",\"@id\":\"https:\/\/www.leadproadvisors.es\/sq\/#website\",\"url\":\"https:\/\/www.leadproadvisors.es\/sq\/\",\"name\":\"LeadPro Advisors\",\"description\":\"Asesor\u00eda LeadPro - Madrid\",\"potentialAction\":[{\"@type\":\"SearchAction\",\"target\":{\"@type\":\"EntryPoint\",\"urlTemplate\":\"https:\/\/www.leadproadvisors.es\/sq\/?s={search_term_string}\"},\"query-input\":{\"@type\":\"PropertyValueSpecification\",\"valueRequired\":true,\"valueName\":\"search_term_string\"}}],\"inLanguage\":\"sq-AL\"}]}<\/script>\n<!-- \/ Yoast SEO plugin. -->","yoast_head_json":{"title":"Sh\u00ebrbimet - LeadPro Advisors","robots":{"index":"index","follow":"follow","max-snippet":"max-snippet:-1","max-image-preview":"max-image-preview:large","max-video-preview":"max-video-preview:-1"},"canonical":"https:\/\/www.leadproadvisors.es\/sq\/sherbimet\/","og_locale":"sq_AL","og_type":"article","og_title":"Sh\u00ebrbimet - LeadPro Advisors","og_description":"[vc_row css_animation=&#8221;&#8221; row_type=&#8221;row&#8221; use_row_as_full_screen_section=&#8221;no&#8221; type=&#8221;full_width&#8221; angled_section=&#8221;no&#8221; text_align=&#8221;left&#8221; background_image_as_pattern=&#8221;without_pattern&#8221; css=&#8221;.vc_custom_1614783834012{background-color: #f3bd07 !important;}&#8221; z_index=&#8221;&#8221;][vc_column width=&#8221;1\/6&#8243;][\/vc_column][vc_column width=&#8221;2\/3&#8243; css=&#8221;.vc_custom_1620302199584{padding-right: 20px !important;padding-left: 20px !important;}&#8221;][vc_empty_space][vc_column_text] Sh\u00ebrbimi gjith\u00ebp\u00ebrfshir\u00ebs q\u00eb i nevojitet sip\u00ebrmarrjes t\u00ebnde [\/vc_column_text][vc_empty_space][\/vc_column][vc_column width=&#8221;1\/6&#8243;][\/vc_column][\/vc_row][vc_row css_animation=&#8221;&#8221; row_type=&#8221;row&#8221; use_row_as_full_screen_section=&#8221;no&#8221; type=&#8221;full_width&#8221; angled_section=&#8221;no&#8221; text_align=&#8221;left&#8221; background_image_as_pattern=&#8221;without_pattern&#8221;][vc_column width=&#8221;1\/4&#8243;][\/vc_column][vc_column css=&#8221;.vc_custom_1617869873193{padding-right: 50px !important;padding-left: 50px !important;}&#8221; offset=&#8221;vc_col-lg-6 vc_col-md-6 vc_col-xs-12&#8243;][vc_empty_space height=&#8221;75px&#8221;][vc_column_text...","og_url":"https:\/\/www.leadproadvisors.es\/sq\/sherbimet\/","og_site_name":"LeadPro Advisors","article_modified_time":"2025-05-21T09:15:05+00:00","twitter_card":"summary_large_image","twitter_misc":{"Est. reading time":"3 minutes"},"schema":{"@context":"https:\/\/schema.org","@graph":[{"@type":"WebPage","@id":"https:\/\/www.leadproadvisors.es\/sq\/sherbimet\/","url":"https:\/\/www.leadproadvisors.es\/sq\/sherbimet\/","name":"Sh\u00ebrbimet - LeadPro Advisors","isPartOf":{"@id":"https:\/\/www.leadproadvisors.es\/sq\/#website"},"datePublished":"2025-05-21T08:32:41+00:00","dateModified":"2025-05-21T09:15:05+00:00","breadcrumb":{"@id":"https:\/\/www.leadproadvisors.es\/sq\/sherbimet\/#breadcrumb"},"inLanguage":"sq-AL","potentialAction":[{"@type":"ReadAction","target":["https:\/\/www.leadproadvisors.es\/sq\/sherbimet\/"]}]},{"@type":"BreadcrumbList","@id":"https:\/\/www.leadproadvisors.es\/sq\/sherbimet\/#breadcrumb","itemListElement":[{"@type":"ListItem","position":1,"name":"Portada","item":"https:\/\/www.leadproadvisors.es\/sq\/"},{"@type":"ListItem","position":2,"name":"Sh\u00ebrbimet"}]},{"@type":"WebSite","@id":"https:\/\/www.leadproadvisors.es\/sq\/#website","url":"https:\/\/www.leadproadvisors.es\/sq\/","name":"LeadPro Advisors","description":"Asesor\u00eda LeadPro - Madrid","potentialAction":[{"@type":"SearchAction","target":{"@type":"EntryPoint","urlTemplate":"https:\/\/www.leadproadvisors.es\/sq\/?s={search_term_string}"},"query-input":{"@type":"PropertyValueSpecification","valueRequired":true,"valueName":"search_term_string"}}],"inLanguage":"sq-AL"}]}},"_links":{"self":[{"href":"https:\/\/www.leadproadvisors.es\/sq\/wp-json\/wp\/v2\/pages\/1380","targetHints":{"allow":["GET"]}}],"collection":[{"href":"https:\/\/www.leadproadvisors.es\/sq\/wp-json\/wp\/v2\/pages"}],"about":[{"href":"https:\/\/www.leadproadvisors.es\/sq\/wp-json\/wp\/v2\/types\/page"}],"author":[{"embeddable":true,"href":"https:\/\/www.leadproadvisors.es\/sq\/wp-json\/wp\/v2\/users\/1"}],"replies":[{"embeddable":true,"href":"https:\/\/www.leadproadvisors.es\/sq\/wp-json\/wp\/v2\/comments?post=1380"}],"version-history":[{"count":4,"href":"https:\/\/www.leadproadvisors.es\/sq\/wp-json\/wp\/v2\/pages\/1380\/revisions"}],"predecessor-version":[{"id":1423,"href":"https:\/\/www.leadproadvisors.es\/sq\/wp-json\/wp\/v2\/pages\/1380\/revisions\/1423"}],"wp:attachment":[{"href":"https:\/\/www.leadproadvisors.es\/sq\/wp-json\/wp\/v2\/media?parent=1380"}],"curies":[{"name":"wp","href":"https:\/\/api.w.org\/{rel}","templated":true}]}}