{"id":1407,"date":"2021-03-04T07:35:24","date_gmt":"2021-03-04T07:35:24","guid":{"rendered":"https:\/\/www.leadproadvisors.es\/sherbimet\/consultoria\/"},"modified":"2025-05-21T09:01:32","modified_gmt":"2025-05-21T09:01:32","slug":"sherbime-keshillimi","status":"publish","type":"page","link":"https:\/\/www.leadproadvisors.es\/sq\/sherbimet\/sherbime-keshillimi\/","title":{"rendered":"SH\u00cbRBIME K\u00cbSHILLIMI"},"content":{"rendered":"<div class=\"wpb-content-wrapper\"><p>[vc_row css_animation=&#8221;&#8221; row_type=&#8221;row&#8221; use_row_as_full_screen_section=&#8221;no&#8221; type=&#8221;full_width&#8221; angled_section=&#8221;no&#8221; text_align=&#8221;left&#8221; background_image_as_pattern=&#8221;without_pattern&#8221;][vc_column][vc_empty_space height=&#8221;120px&#8221;][qode_elements_holder number_of_columns=&#8221;two_columns&#8221;][qode_elements_holder_item vertical_alignment=&#8221;middle&#8221; advanced_animations=&#8221;no&#8221; item_padding=&#8221;0 65px 0 30px&#8221; item_padding_1280_1440=&#8221;0 45px 0 30px&#8221; item_padding_1024_1280=&#8221;0 45px 0 30px&#8221; item_padding_768_1024=&#8221;0 45px 0 30px&#8221; item_padding_600_768=&#8221;0 30px 50px 30px&#8221; item_padding_480_600=&#8221;0 50px 50px 50px&#8221; item_padding_480=&#8221;0 50px 50px 50px&#8221;][vc_column_text css=&#8221;&#8221; el_class=&#8221;txt-left-mobile&#8221;]<\/p>\n<h2 class=\"txt-left-mobile\" style=\"text-align: right;\">Ofrojm\u00eb<span style=\"color: #f3bd07;\">zgjidhje<\/span><\/h2>\n<p>[\/vc_column_text][\/qode_elements_holder_item][qode_elements_holder_item vertical_alignment=&#8221;middle&#8221; advanced_animations=&#8221;no&#8221; item_padding=&#8221;0 250px 0 30px&#8221; custom_class=&#8221;border-left&#8221; item_padding_1280_1440=&#8221;0 30px 0 0px&#8221; item_padding_1024_1280=&#8221;0 30px 0 0px&#8221; item_padding_768_1024=&#8221;0 30px 0 0px&#8221; item_padding_600_768=&#8221;0 50px 0 50px&#8221; item_padding_480_600=&#8221;0 50px 0 50px&#8221; item_padding_480=&#8221;0 50px 0 0&#8243;][vc_empty_space][vc_column_text css=&#8221;&#8221;]<\/p>\n<h4><span data-sheets-root=\"1\">N\u00eb LeadPro Advisors k\u00ebrkojm\u00eb <strong>mund\u00ebsit\u00eb<\/strong> m\u00eb t\u00eb mira p\u00ebr t\u00eb p\u00ebrmir\u00ebsuar rezultatet e biznesit t\u00ebnd, me q\u00ebllimin p\u00ebr t\u00eb krijuar vler\u00eb.<\/span><\/h4>\n<p>[\/vc_column_text][vc_empty_space][\/qode_elements_holder_item][\/qode_elements_holder][vc_empty_space height=&#8221;150px&#8221;][\/vc_column][\/vc_row][vc_row css_animation=&#8221;&#8221; row_type=&#8221;row&#8221; use_row_as_full_screen_section=&#8221;no&#8221; type=&#8221;full_width&#8221; angled_section=&#8221;no&#8221; text_align=&#8221;left&#8221; background_image_as_pattern=&#8221;without_pattern&#8221; css=&#8221;.vc_custom_1613722646448{background-color: #ffffff !important;}&#8221; z_index=&#8221;&#8221;][vc_column][qode_elements_holder number_of_columns=&#8221;two_columns&#8221;][qode_elements_holder_item vertical_alignment=&#8221;middle&#8221; advanced_animations=&#8221;no&#8221; item_padding=&#8221;50px 50px 50px 50px&#8221;]<div class=\"qode-accordion-holder clearfix qode-accordion qode-initial \">\n\t<h4 class=\"clearfix qode-title-holder\">\n<span class=\"qode-tab-title\">\n\t    <span class=\"qode-tab-title-inner\">\n        VIZIONI GLOBAL    <\/span>\n<\/span>\n<span class=\"qode-accordion-mark\">\n    <span class=\"qode-accordion-mark-icon\">\n        <span class=\"icon_plus\"><\/span>\n        <span class=\"icon_minus-06\"><\/span>\n    <\/span>\n<\/span>\n<\/h4>\n<div  class=\"qode-accordion-content \" >\n    <div class=\"qode-accordion-content-inner\">\n        [vc_column_text]<span data-sheets-root=\"1\">Analizojm\u00eb transaksionet n\u00eb m\u00ebnyr\u00eb gjith\u00ebp\u00ebrfshir\u00ebse, duke hartuar <strong>planifikimin dhe duke zbatuar strategjin\u00eb<\/strong> e p\u00ebrshtatshme p\u00ebr biznesin t\u00ebnd. Realizojm\u00eb blerje, t\u00ebrheqje t\u00eb kapitalit dhe ofrojm\u00eb k\u00ebshillim n\u00eb sigurimin e fondeve dhe, n\u00ebse \u00ebsht\u00eb e nevojshme, n\u00eb proceset e ristrukturimit qoft\u00eb financiar ashtu edhe operacional.<\/span>[\/vc_column_text]    <\/div>\n<\/div><h4 class=\"clearfix qode-title-holder\">\n<span class=\"qode-tab-title\">\n\t    <span class=\"qode-tab-title-inner\">\n        ZBATIMI    <\/span>\n<\/span>\n<span class=\"qode-accordion-mark\">\n    <span class=\"qode-accordion-mark-icon\">\n        <span class=\"icon_plus\"><\/span>\n        <span class=\"icon_minus-06\"><\/span>\n    <\/span>\n<\/span>\n<\/h4>\n<div  class=\"qode-accordion-content \" >\n    <div class=\"qode-accordion-content-inner\">\n        [vc_column_text el_class=&#8221;txt-justify&#8221;]<\/p>\n<p class=\"p2\">Ekipi yn\u00eb shum\u00eb-disiplinor p\u00ebrfshin profesionist\u00eb q\u00eb sjellin nj\u00eb qasje 360\u00b0. Me <strong>njohuri t\u00eb thella sektoriale<\/strong>, por me p\u00ebrvoj\u00eb afrimiteti.<\/p>\n<p class=\"p2\">Do t\u00eb zgjidhim v\u00ebshtir\u00ebsit\u00eb q\u00eb mund t\u00eb lindin gjat\u00eb procesit q\u00eb do t\u00eb hartohet p\u00ebr sip\u00ebrmarrjen time.<\/p>\n<p>[\/vc_column_text]    <\/div>\n<\/div><h4 class=\"clearfix qode-title-holder\">\n<span class=\"qode-tab-title\">\n\t    <span class=\"qode-tab-title-inner\">\n        REZULTATET    <\/span>\n<\/span>\n<span class=\"qode-accordion-mark\">\n    <span class=\"qode-accordion-mark-icon\">\n        <span class=\"icon_plus\"><\/span>\n        <span class=\"icon_minus-06\"><\/span>\n    <\/span>\n<\/span>\n<\/h4>\n<div  class=\"qode-accordion-content \" >\n    <div class=\"qode-accordion-content-inner\">\n        [vc_column_text el_class=&#8221;txt-justify&#8221;]<\/p>\n<p class=\"p1\"><span data-sheets-root=\"1\">Ofrojm\u00eb <strong>rezultate t\u00eb matshme<\/strong> dhe t\u00eb llogaritshme \u2014 rezultate q\u00eb maksimizojn\u00eb vler\u00ebn e veprimeve q\u00eb nd\u00ebrmarrim.<\/span><\/p>\n<p>[\/vc_column_text]    <\/div>\n<\/div><\/div>[\/qode_elements_holder_item][qode_elements_holder_item cover=&#8221;yes&#8221; vertical_alignment=&#8221;bottom&#8221; advanced_animations=&#8221;no&#8221; background_image=&#8221;579&#8243; item_padding=&#8221;600px 0 0 0&#8243; custom_class=&#8221;bg-bottom&#8221;][\/qode_elements_holder_item][\/qode_elements_holder][\/vc_column][\/vc_row][vc_row css_animation=&#8221;&#8221; row_type=&#8221;row&#8221; use_row_as_full_screen_section=&#8221;no&#8221; type=&#8221;full_width&#8221; angled_section=&#8221;no&#8221; text_align=&#8221;center&#8221; background_image_as_pattern=&#8221;without_pattern&#8221; z_index=&#8221;&#8221; css=&#8221;.vc_custom_1614846915030{background-image: url(https:\/\/www.leadproadvisors.es\/wp-content\/uploads\/2021\/03\/bg_contacta_consultoria.jpg?id=588) !important;background-position: center !important;background-repeat: no-repeat !important;background-size: cover !important;}&#8221; el_class=&#8221;bg-fixed&#8221;][vc_column width=&#8221;1\/4&#8243;][\/vc_column][vc_column width=&#8221;1\/2&#8243; css=&#8221;.vc_custom_1613998915558{padding-right: 20px !important;padding-left: 20px !important;}&#8221;][vc_empty_space height=&#8221;150px&#8221;]<a  itemprop=\"url\" href=\"\/sq\/kontakto\/\" target=\"_self\"  class=\"qbutton  center default\" style=\"\">Kontakto me ne<\/a>[vc_empty_space height=&#8221;150px&#8221;][\/vc_column][vc_column width=&#8221;1\/4&#8243;][\/vc_column][\/vc_row]<\/p>\n<\/div>","protected":false},"excerpt":{"rendered":"<p>[vc_row css_animation=&#8221;&#8221; row_type=&#8221;row&#8221; use_row_as_full_screen_section=&#8221;no&#8221; type=&#8221;full_width&#8221; angled_section=&#8221;no&#8221; text_align=&#8221;left&#8221; background_image_as_pattern=&#8221;without_pattern&#8221;][vc_column][vc_empty_space height=&#8221;120px&#8221;][qode_elements_holder number_of_columns=&#8221;two_columns&#8221;][qode_elements_holder_item vertical_alignment=&#8221;middle&#8221; advanced_animations=&#8221;no&#8221; item_padding=&#8221;0 65px 0 30px&#8221; item_padding_1280_1440=&#8221;0 45px 0 30px&#8221; item_padding_1024_1280=&#8221;0 45px 0 30px&#8221; item_padding_768_1024=&#8221;0 45px 0 30px&#8221; item_padding_600_768=&#8221;0 30px 50px 30px&#8221; item_padding_480_600=&#8221;0 50px 50px 50px&#8221; item_padding_480=&#8221;0 50px 50px 50px&#8221;][vc_column_text css=&#8221;&#8221; el_class=&#8221;txt-left-mobile&#8221;] Ofrojm\u00ebzgjidhje [\/vc_column_text][\/qode_elements_holder_item][qode_elements_holder_item vertical_alignment=&#8221;middle&#8221;&#8230;<\/p>\n","protected":false},"author":1,"featured_media":0,"parent":1380,"menu_order":0,"comment_status":"closed","ping_status":"closed","template":"full_width.php","meta":{"footnotes":""},"class_list":["post-1407","page","type-page","status-publish","hentry"],"yoast_head":"<!-- This site is optimized with the Yoast SEO plugin v25.9 - https:\/\/yoast.com\/wordpress\/plugins\/seo\/ -->\n<title>SH\u00cbRBIME K\u00cbSHILLIMI - LeadPro Advisors<\/title>\n<meta name=\"description\" content=\"CONSULTOR\u00cdA - Corporate Finance y Deal Advisory. Aportamos Soluciones Desde LeadPro Advisors buscamos las mejores oportunidades para mejorar los resultados de tu negocio con el fin de crear valor.\" \/>\n<meta name=\"robots\" content=\"index, follow, max-snippet:-1, max-image-preview:large, max-video-preview:-1\" \/>\n<link rel=\"canonical\" href=\"https:\/\/www.leadproadvisors.es\/sq\/sherbimet\/sherbime-keshillimi\/\" \/>\n<meta property=\"og:locale\" content=\"sq_AL\" \/>\n<meta property=\"og:type\" content=\"article\" \/>\n<meta property=\"og:title\" content=\"SH\u00cbRBIME K\u00cbSHILLIMI - LeadPro Advisors\" \/>\n<meta property=\"og:description\" content=\"CONSULTOR\u00cdA - Corporate Finance y Deal Advisory. Aportamos Soluciones Desde LeadPro Advisors buscamos las mejores oportunidades para mejorar los resultados de tu negocio con el fin de crear valor.\" \/>\n<meta property=\"og:url\" content=\"https:\/\/www.leadproadvisors.es\/sq\/sherbimet\/sherbime-keshillimi\/\" \/>\n<meta property=\"og:site_name\" content=\"LeadPro Advisors\" \/>\n<meta property=\"article:modified_time\" content=\"2025-05-21T09:01:32+00:00\" \/>\n<meta name=\"twitter:card\" content=\"summary_large_image\" \/>\n<meta name=\"twitter:label1\" content=\"Est. reading time\" \/>\n\t<meta name=\"twitter:data1\" content=\"2 minutes\" \/>\n<script type=\"application\/ld+json\" class=\"yoast-schema-graph\">{\"@context\":\"https:\/\/schema.org\",\"@graph\":[{\"@type\":\"WebPage\",\"@id\":\"https:\/\/www.leadproadvisors.es\/sq\/sherbimet\/sherbime-keshillimi\/\",\"url\":\"https:\/\/www.leadproadvisors.es\/sq\/sherbimet\/sherbime-keshillimi\/\",\"name\":\"SH\u00cbRBIME K\u00cbSHILLIMI - LeadPro Advisors\",\"isPartOf\":{\"@id\":\"https:\/\/www.leadproadvisors.es\/sq\/#website\"},\"datePublished\":\"2021-03-04T07:35:24+00:00\",\"dateModified\":\"2025-05-21T09:01:32+00:00\",\"description\":\"CONSULTOR\u00cdA - Corporate Finance y Deal Advisory. Aportamos Soluciones Desde LeadPro Advisors buscamos las mejores oportunidades para mejorar los resultados de tu negocio con el fin de crear valor.\",\"breadcrumb\":{\"@id\":\"https:\/\/www.leadproadvisors.es\/sq\/sherbimet\/sherbime-keshillimi\/#breadcrumb\"},\"inLanguage\":\"sq-AL\",\"potentialAction\":[{\"@type\":\"ReadAction\",\"target\":[\"https:\/\/www.leadproadvisors.es\/sq\/sherbimet\/sherbime-keshillimi\/\"]}]},{\"@type\":\"BreadcrumbList\",\"@id\":\"https:\/\/www.leadproadvisors.es\/sq\/sherbimet\/sherbime-keshillimi\/#breadcrumb\",\"itemListElement\":[{\"@type\":\"ListItem\",\"position\":1,\"name\":\"Portada\",\"item\":\"https:\/\/www.leadproadvisors.es\/sq\/\"},{\"@type\":\"ListItem\",\"position\":2,\"name\":\"Sh\u00ebrbimet\",\"item\":\"https:\/\/www.leadproadvisors.es\/sq\/sherbimet\/\"},{\"@type\":\"ListItem\",\"position\":3,\"name\":\"SH\u00cbRBIME K\u00cbSHILLIMI\"}]},{\"@type\":\"WebSite\",\"@id\":\"https:\/\/www.leadproadvisors.es\/sq\/#website\",\"url\":\"https:\/\/www.leadproadvisors.es\/sq\/\",\"name\":\"LeadPro Advisors\",\"description\":\"Asesor\u00eda LeadPro - Madrid\",\"potentialAction\":[{\"@type\":\"SearchAction\",\"target\":{\"@type\":\"EntryPoint\",\"urlTemplate\":\"https:\/\/www.leadproadvisors.es\/sq\/?s={search_term_string}\"},\"query-input\":{\"@type\":\"PropertyValueSpecification\",\"valueRequired\":true,\"valueName\":\"search_term_string\"}}],\"inLanguage\":\"sq-AL\"}]}<\/script>\n<!-- \/ Yoast SEO plugin. -->","yoast_head_json":{"title":"SH\u00cbRBIME K\u00cbSHILLIMI - LeadPro Advisors","description":"CONSULTOR\u00cdA - Corporate Finance y Deal Advisory. Aportamos Soluciones Desde LeadPro Advisors buscamos las mejores oportunidades para mejorar los resultados de tu negocio con el fin de crear valor.","robots":{"index":"index","follow":"follow","max-snippet":"max-snippet:-1","max-image-preview":"max-image-preview:large","max-video-preview":"max-video-preview:-1"},"canonical":"https:\/\/www.leadproadvisors.es\/sq\/sherbimet\/sherbime-keshillimi\/","og_locale":"sq_AL","og_type":"article","og_title":"SH\u00cbRBIME K\u00cbSHILLIMI - LeadPro Advisors","og_description":"CONSULTOR\u00cdA - Corporate Finance y Deal Advisory. Aportamos Soluciones Desde LeadPro Advisors buscamos las mejores oportunidades para mejorar los resultados de tu negocio con el fin de crear valor.","og_url":"https:\/\/www.leadproadvisors.es\/sq\/sherbimet\/sherbime-keshillimi\/","og_site_name":"LeadPro Advisors","article_modified_time":"2025-05-21T09:01:32+00:00","twitter_card":"summary_large_image","twitter_misc":{"Est. reading time":"2 minutes"},"schema":{"@context":"https:\/\/schema.org","@graph":[{"@type":"WebPage","@id":"https:\/\/www.leadproadvisors.es\/sq\/sherbimet\/sherbime-keshillimi\/","url":"https:\/\/www.leadproadvisors.es\/sq\/sherbimet\/sherbime-keshillimi\/","name":"SH\u00cbRBIME K\u00cbSHILLIMI - LeadPro Advisors","isPartOf":{"@id":"https:\/\/www.leadproadvisors.es\/sq\/#website"},"datePublished":"2021-03-04T07:35:24+00:00","dateModified":"2025-05-21T09:01:32+00:00","description":"CONSULTOR\u00cdA - Corporate Finance y Deal Advisory. Aportamos Soluciones Desde LeadPro Advisors buscamos las mejores oportunidades para mejorar los resultados de tu negocio con el fin de crear valor.","breadcrumb":{"@id":"https:\/\/www.leadproadvisors.es\/sq\/sherbimet\/sherbime-keshillimi\/#breadcrumb"},"inLanguage":"sq-AL","potentialAction":[{"@type":"ReadAction","target":["https:\/\/www.leadproadvisors.es\/sq\/sherbimet\/sherbime-keshillimi\/"]}]},{"@type":"BreadcrumbList","@id":"https:\/\/www.leadproadvisors.es\/sq\/sherbimet\/sherbime-keshillimi\/#breadcrumb","itemListElement":[{"@type":"ListItem","position":1,"name":"Portada","item":"https:\/\/www.leadproadvisors.es\/sq\/"},{"@type":"ListItem","position":2,"name":"Sh\u00ebrbimet","item":"https:\/\/www.leadproadvisors.es\/sq\/sherbimet\/"},{"@type":"ListItem","position":3,"name":"SH\u00cbRBIME K\u00cbSHILLIMI"}]},{"@type":"WebSite","@id":"https:\/\/www.leadproadvisors.es\/sq\/#website","url":"https:\/\/www.leadproadvisors.es\/sq\/","name":"LeadPro Advisors","description":"Asesor\u00eda LeadPro - Madrid","potentialAction":[{"@type":"SearchAction","target":{"@type":"EntryPoint","urlTemplate":"https:\/\/www.leadproadvisors.es\/sq\/?s={search_term_string}"},"query-input":{"@type":"PropertyValueSpecification","valueRequired":true,"valueName":"search_term_string"}}],"inLanguage":"sq-AL"}]}},"_links":{"self":[{"href":"https:\/\/www.leadproadvisors.es\/sq\/wp-json\/wp\/v2\/pages\/1407","targetHints":{"allow":["GET"]}}],"collection":[{"href":"https:\/\/www.leadproadvisors.es\/sq\/wp-json\/wp\/v2\/pages"}],"about":[{"href":"https:\/\/www.leadproadvisors.es\/sq\/wp-json\/wp\/v2\/types\/page"}],"author":[{"embeddable":true,"href":"https:\/\/www.leadproadvisors.es\/sq\/wp-json\/wp\/v2\/users\/1"}],"replies":[{"embeddable":true,"href":"https:\/\/www.leadproadvisors.es\/sq\/wp-json\/wp\/v2\/comments?post=1407"}],"version-history":[{"count":4,"href":"https:\/\/www.leadproadvisors.es\/sq\/wp-json\/wp\/v2\/pages\/1407\/revisions"}],"predecessor-version":[{"id":1412,"href":"https:\/\/www.leadproadvisors.es\/sq\/wp-json\/wp\/v2\/pages\/1407\/revisions\/1412"}],"up":[{"embeddable":true,"href":"https:\/\/www.leadproadvisors.es\/sq\/wp-json\/wp\/v2\/pages\/1380"}],"wp:attachment":[{"href":"https:\/\/www.leadproadvisors.es\/sq\/wp-json\/wp\/v2\/media?parent=1407"}],"curies":[{"name":"wp","href":"https:\/\/api.w.org\/{rel}","templated":true}]}}