{"id":1414,"date":"2021-03-04T08:42:05","date_gmt":"2021-03-04T08:42:05","guid":{"rendered":"https:\/\/www.leadproadvisors.es\/sherbimet\/inversiones\/"},"modified":"2025-05-21T09:08:51","modified_gmt":"2025-05-21T09:08:51","slug":"sektori-i-investimeve","status":"publish","type":"page","link":"https:\/\/www.leadproadvisors.es\/sq\/sherbimet\/sektori-i-investimeve\/","title":{"rendered":"SEKTORI I INVESTIMEVE"},"content":{"rendered":"<div class=\"wpb-content-wrapper\"><p>[vc_row css_animation=&#8221;&#8221; row_type=&#8221;row&#8221; use_row_as_full_screen_section=&#8221;no&#8221; type=&#8221;full_width&#8221; angled_section=&#8221;no&#8221; text_align=&#8221;left&#8221; background_image_as_pattern=&#8221;without_pattern&#8221;][vc_column width=&#8221;1\/4&#8243;][\/vc_column][vc_column css=&#8221;.vc_custom_1617870076635{padding-right: 50px !important;padding-left: 50px !important;}&#8221; offset=&#8221;vc_col-lg-6 vc_col-md-6&#8243;][vc_empty_space height=&#8221;100px&#8221;][vc_column_text css=&#8221;&#8221;]<\/p>\n<h3 style=\"text-align: center;\">N\u00eb LeadPro Advisors kemi nj\u00eb<strong> p\u00ebrvoj\u00eb t\u00eb gjer\u00eb<\/strong> n\u00eb bashk\u00ebpunim me kompani nga nj\u00eb s\u00ebr\u00eb <strong>sektor\u00ebsh t\u00eb ndrysh\u00ebm<\/strong>.<\/h3>\n<p>[\/vc_column_text][vc_empty_space height=&#8221;100px&#8221;][\/vc_column][vc_column width=&#8221;1\/4&#8243;][\/vc_column][\/vc_row][vc_row css_animation=&#8221;&#8221; row_type=&#8221;row&#8221; use_row_as_full_screen_section=&#8221;no&#8221; type=&#8221;grid&#8221; angled_section=&#8221;no&#8221; text_align=&#8221;left&#8221; background_image_as_pattern=&#8221;without_pattern&#8221; z_index=&#8221;&#8221; css=&#8221;.vc_custom_1614851601353{padding-top: 50px !important;padding-bottom: 50px !important;background-color: #ddac07 !important;}&#8221;][vc_column][vc_empty_space height=&#8221;100px&#8221;][qode_elements_holder number_of_columns=&#8221;two_columns&#8221;][qode_elements_holder_item vertical_alignment=&#8221;top&#8221; advanced_animations=&#8221;no&#8221; item_padding=&#8221;0 60px 0 40px&#8221; item_padding_600_768=&#8221;0 0 0 0&#8243; item_padding_480_600=&#8221;0 0 0 0&#8243; item_padding_480=&#8221;0 0 0 0&#8243;][vc_column_text css=&#8221;&#8221;]<\/p>\n<h3 style=\"font-size: 40px;\"><span class=\"s1\" style=\"color: #ffffff;\">Qoft\u00eb <strong>drejtp\u00ebrdrejt\u00eb<\/strong> si dhe me <strong>pal\u00eb t\u00eb treta<\/strong>.<\/span><\/h3>\n<p>[\/vc_column_text][vc_empty_space height=&#8221;100px&#8221;][\/qode_elements_holder_item][qode_elements_holder_item advanced_animations=&#8221;no&#8221;]<div class='q_icon_with_title small normal_icon '><div class=\"icon_holder q_icon_animation\" style=\" transition-delay: 500ms; -webkit-transition-delay: 500ms; -moz-transition-delay: 500ms; -o-transition-delay: 500ms;\"><span data-icon-type=\"normal\"   style=\"\" class=\"qode_iwt_icon_holder q_font_awsome_icon fa-2x  \"><i class=\"qodef-icon-linea-icon icon-arrows-circle-check qode_iwt_icon_element\" style=\"color: #ffffff;\" ><\/i><\/span><\/div><div class=\"icon_text_holder\" style=\"\"><div class=\"icon_text_inner\" style=\"\"><h5 class=\"icon_title\" style=\"color: #ffffff;\">Operojm\u00eb p\u00ebrmes fondeve t\u00eb investimit, investitor\u00ebve privat\u00eb dhe fondeve tona.<\/h5><p style=''><\/p><\/div><\/div><\/div><div class='q_icon_with_title small normal_icon '><div class=\"icon_holder q_icon_animation\" style=\" transition-delay: 500ms; -webkit-transition-delay: 500ms; -moz-transition-delay: 500ms; -o-transition-delay: 500ms;\"><span data-icon-type=\"normal\"   style=\"\" class=\"qode_iwt_icon_holder q_font_awsome_icon fa-2x  \"><i class=\"qodef-icon-linea-icon icon-arrows-circle-check qode_iwt_icon_element\" style=\"color: #ffffff;\" ><\/i><\/span><\/div><div class=\"icon_text_holder\" style=\"\"><div class=\"icon_text_inner\" style=\"\"><h5 class=\"icon_title\" style=\"color: #ffffff;\">P\u00ebr t\u00eb investuar n\u00eb kapital, n\u00eb mund\u00ebsi, pa kufizime n\u00eb sektor apo nivel pjes\u00ebmarrjeje<\/h5><p style=''><\/p><\/div><\/div><\/div><div class='q_icon_with_title small normal_icon '><div class=\"icon_holder q_icon_animation\" style=\" transition-delay: 500ms; -webkit-transition-delay: 500ms; -moz-transition-delay: 500ms; -o-transition-delay: 500ms;\"><span data-icon-type=\"normal\"   style=\"\" class=\"qode_iwt_icon_holder q_font_awsome_icon fa-2x  \"><i class=\"qodef-icon-linea-icon icon-arrows-circle-check qode_iwt_icon_element\" style=\"color: #ffffff;\" ><\/i><\/span><\/div><div class=\"icon_text_holder\" style=\"\"><div class=\"icon_text_inner\" style=\"\"><h5 class=\"icon_title\" style=\"color: #ffffff;\">Duke u p\u00ebrshtatur me rrethanat dhe objektivat e secil\u00ebs sip\u00ebrmarrje.<\/h5><p style=''><\/p><\/div><\/div><\/div>[vc_empty_space height=&#8221;50px&#8221;][\/qode_elements_holder_item][\/qode_elements_holder][\/vc_column][\/vc_row][vc_row css_animation=&#8221;&#8221; row_type=&#8221;row&#8221; use_row_as_full_screen_section=&#8221;no&#8221; type=&#8221;grid&#8221; angled_section=&#8221;no&#8221; text_align=&#8221;left&#8221; background_image_as_pattern=&#8221;without_pattern&#8221; z_index=&#8221;&#8221; css=&#8221;.vc_custom_1614853089260{padding-top: 50px !important;padding-bottom: 50px !important;background-color: #444444 !important;}&#8221;][vc_column][vc_empty_space height=&#8221;100px&#8221;][qode_elements_holder number_of_columns=&#8221;two_columns&#8221;][qode_elements_holder_item vertical_alignment=&#8221;top&#8221; advanced_animations=&#8221;no&#8221; item_padding=&#8221;0 60px 0 40px&#8221; item_padding_600_768=&#8221;0 0 0 0&#8243; item_padding_480_600=&#8221;0 0 0 0&#8243; item_padding_480=&#8221;0 0 0 0&#8243;][vc_column_text css=&#8221;&#8221;]<\/p>\n<h3 style=\"font-size: 40px;\"><span class=\"s1\" style=\"color: #ffffff;\">Kemi nj\u00eb <strong>p\u00ebrvoj\u00eb t\u00eb gjer\u00eb<\/strong> n\u00eb ofrimin e ekspertiz\u00ebs son\u00eb n\u00eb fush\u00ebn e investimeve, e cila p\u00ebrfshin:<br \/>\n<\/span><\/h3>\n<p>[\/vc_column_text][vc_empty_space height=&#8221;100px&#8221;][\/qode_elements_holder_item][qode_elements_holder_item advanced_animations=&#8221;no&#8221;]<div class='q_icon_with_title small normal_icon '><div class=\"icon_holder q_icon_animation\" style=\" transition-delay: 500ms; -webkit-transition-delay: 500ms; -moz-transition-delay: 500ms; -o-transition-delay: 500ms;\"><span data-icon-type=\"normal\"   style=\"\" class=\"qode_iwt_icon_holder q_font_awsome_icon fa-2x  \"><i class=\"qodef-icon-linea-icon icon-arrows-circle-check qode_iwt_icon_element\" style=\"color: #ffffff;\" ><\/i><\/span><\/div><div class=\"icon_text_holder\" style=\"\"><div class=\"icon_text_inner\" style=\"\"><h5 class=\"icon_title\" style=\"color: #ffffff;\">Analiz\u00ebn shteruese t\u00eb investimeve.<\/h5><p style=''><\/p><\/div><\/div><\/div><div class='q_icon_with_title small normal_icon '><div class=\"icon_holder q_icon_animation\" style=\" transition-delay: 500ms; -webkit-transition-delay: 500ms; -moz-transition-delay: 500ms; -o-transition-delay: 500ms;\"><span data-icon-type=\"normal\"   style=\"\" class=\"qode_iwt_icon_holder q_font_awsome_icon fa-2x  \"><i class=\"qodef-icon-linea-icon icon-arrows-circle-check qode_iwt_icon_element\" style=\"color: #ffffff;\" ><\/i><\/span><\/div><div class=\"icon_text_holder\" style=\"\"><div class=\"icon_text_inner\" style=\"\"><h5 class=\"icon_title\" style=\"color: #ffffff;\">K\u00ebshillimi dhe zbatimi n\u00eb aspektin Korporativ.<\/h5><p style=''><\/p><\/div><\/div><\/div><div class='q_icon_with_title small normal_icon '><div class=\"icon_holder q_icon_animation\" style=\" transition-delay: 500ms; -webkit-transition-delay: 500ms; -moz-transition-delay: 500ms; -o-transition-delay: 500ms;\"><span data-icon-type=\"normal\"   style=\"\" class=\"qode_iwt_icon_holder q_font_awsome_icon fa-2x  \"><i class=\"qodef-icon-linea-icon icon-arrows-circle-check qode_iwt_icon_element\" style=\"color: #ffffff;\" ><\/i><\/span><\/div><div class=\"icon_text_holder\" style=\"\"><div class=\"icon_text_inner\" style=\"\"><h5 class=\"icon_title\" style=\"color: #ffffff;\">Menaxhimin financiar dhe operativ.<\/h5><p style=''><\/p><\/div><\/div><\/div><div class='q_icon_with_title small normal_icon '><div class=\"icon_holder q_icon_animation\" style=\" transition-delay: 500ms; -webkit-transition-delay: 500ms; -moz-transition-delay: 500ms; -o-transition-delay: 500ms;\"><span data-icon-type=\"normal\"   style=\"\" class=\"qode_iwt_icon_holder q_font_awsome_icon fa-2x  \"><i class=\"qodef-icon-linea-icon icon-arrows-circle-check qode_iwt_icon_element\" style=\"color: #ffffff;\" ><\/i><\/span><\/div><div class=\"icon_text_holder\" style=\"\"><div class=\"icon_text_inner\" style=\"\"><h5 class=\"icon_title\" style=\"color: #ffffff;\">Mb\u00ebshtetja deri n\u00eb mbylljen e operacionit.<\/h5><p style=''><\/p><\/div><\/div><\/div><div class='q_icon_with_title small normal_icon '><div class=\"icon_holder q_icon_animation\" style=\" transition-delay: 500ms; -webkit-transition-delay: 500ms; -moz-transition-delay: 500ms; -o-transition-delay: 500ms;\"><span data-icon-type=\"normal\"   style=\"\" class=\"qode_iwt_icon_holder q_font_awsome_icon fa-2x  \"><i class=\"qodef-icon-linea-icon icon-arrows-circle-check qode_iwt_icon_element\" style=\"color: #ffffff;\" ><\/i><\/span><\/div><div class=\"icon_text_holder\" style=\"\"><div class=\"icon_text_inner\" style=\"\"><h5 class=\"icon_title\" style=\"color: #ffffff;\">Monitorimin e zhvillimit t\u00eb biznesit.<\/h5><p style=''><\/p><\/div><\/div><\/div>[vc_empty_space height=&#8221;50px&#8221;][\/qode_elements_holder_item][\/qode_elements_holder][\/vc_column][\/vc_row][vc_row css_animation=&#8221;&#8221; row_type=&#8221;row&#8221; use_row_as_full_screen_section=&#8221;no&#8221; type=&#8221;full_width&#8221; angled_section=&#8221;no&#8221; text_align=&#8221;left&#8221; background_image_as_pattern=&#8221;without_pattern&#8221; css=&#8221;.vc_custom_1614853979713{padding-top: 100px !important;padding-bottom: 100px !important;background-color: #ffffff !important;}&#8221; z_index=&#8221;&#8221;][vc_column][vc_row_inner row_type=&#8221;row&#8221; type=&#8221;full_width&#8221; text_align=&#8221;left&#8221; css_animation=&#8221;&#8221;][vc_column_inner width=&#8221;1\/6&#8243;][\/vc_column_inner][vc_column_inner width=&#8221;2\/3&#8243; css=&#8221;.vc_custom_1617866982477{padding-right: 50px !important;padding-left: 50px !important;}&#8221;][vc_column_text css=&#8221;&#8221;]<\/p>\n<h2 class=\"p1\" style=\"text-align: center;\"><img loading=\"lazy\" decoding=\"async\" class=\"alignnone size-medium wp-image-721\" style=\"width: auto; height: 40px;\" role=\"img\" src=\"https:\/\/www.leadproadvisors.es\/wp-content\/uploads\/\/2021\/03\/logo_horizontal.svg\" alt=\"\" width=\"300\" height=\"300\" \/> do t\u00eb jemi <strong>pika mb\u00ebshtet\u00ebse<\/strong> e organizat\u00ebs suaj.<\/h2>\n<p>[\/vc_column_text][\/vc_column_inner][vc_column_inner width=&#8221;1\/6&#8243;][\/vc_column_inner][\/vc_row_inner][\/vc_column][\/vc_row][vc_row css_animation=&#8221;&#8221; row_type=&#8221;row&#8221; use_row_as_full_screen_section=&#8221;no&#8221; type=&#8221;full_width&#8221; angled_section=&#8221;no&#8221; text_align=&#8221;left&#8221; background_image_as_pattern=&#8221;without_pattern&#8221; css=&#8221;.vc_custom_1614854984861{padding-top: 150px !important;padding-bottom: 150px !important;background-image: url(https:\/\/www.leadproadvisors.es\/wp-content\/uploads\/2021\/03\/bg_contacta_consultoria.jpg?id=588) !important;}&#8221; z_index=&#8221;&#8221; el_class=&#8221;bg-fixed&#8221;][vc_column][qode_elements_holder number_of_columns=&#8221;two_columns&#8221;][qode_elements_holder_item vertical_alignment=&#8221;middle&#8221; advanced_animations=&#8221;no&#8221; item_padding=&#8221;0 50px 0 50px&#8221; item_padding_600_768=&#8221;0 50px 50px 0&#8243; item_padding_480_600=&#8221;0 50px 50px 0&#8243; item_padding_480=&#8221;0 50px 50px 0&#8243;][vc_column_text css=&#8221;&#8221;]<\/p>\n<h3 class=\"border-left\" style=\"border-left-color: #fff; padding-left: 50px;\"><span style=\"color: #ffffff;\">S\u00eb bashku do t\u00eb planifikojm\u00eb <strong>strategji<\/strong> <strong>afatgjata<\/strong>, q\u00eb i p\u00ebrshtaten k\u00ebrkesave p\u00ebr kapital t\u00eb biznesit tuaj.<\/span><\/h3>\n<p>[\/vc_column_text][\/qode_elements_holder_item][qode_elements_holder_item horizontal_alignment=&#8221;center&#8221; advanced_animations=&#8221;no&#8221;]<a  itemprop=\"url\" href=\"\/sq\/kontakto\/\" target=\"_self\"  class=\"qbutton  default\" style=\"\">Kontakto me ne<\/a>[\/qode_elements_holder_item][\/qode_elements_holder][\/vc_column][\/vc_row]<\/p>\n<\/div>","protected":false},"excerpt":{"rendered":"<p>[vc_row css_animation=&#8221;&#8221; row_type=&#8221;row&#8221; use_row_as_full_screen_section=&#8221;no&#8221; type=&#8221;full_width&#8221; angled_section=&#8221;no&#8221; text_align=&#8221;left&#8221; background_image_as_pattern=&#8221;without_pattern&#8221;][vc_column width=&#8221;1\/4&#8243;][\/vc_column][vc_column css=&#8221;.vc_custom_1617870076635{padding-right: 50px !important;padding-left: 50px !important;}&#8221; offset=&#8221;vc_col-lg-6 vc_col-md-6&#8243;][vc_empty_space height=&#8221;100px&#8221;][vc_column_text css=&#8221;&#8221;] N\u00eb LeadPro Advisors kemi nj\u00eb p\u00ebrvoj\u00eb t\u00eb gjer\u00eb n\u00eb bashk\u00ebpunim me kompani nga nj\u00eb s\u00ebr\u00eb sektor\u00ebsh t\u00eb ndrysh\u00ebm. [\/vc_column_text][vc_empty_space height=&#8221;100px&#8221;][\/vc_column][vc_column width=&#8221;1\/4&#8243;][\/vc_column][\/vc_row][vc_row css_animation=&#8221;&#8221; row_type=&#8221;row&#8221; use_row_as_full_screen_section=&#8221;no&#8221; type=&#8221;grid&#8221; angled_section=&#8221;no&#8221; text_align=&#8221;left&#8221;&#8230;<\/p>\n","protected":false},"author":1,"featured_media":0,"parent":1380,"menu_order":0,"comment_status":"closed","ping_status":"closed","template":"full_width.php","meta":{"footnotes":""},"class_list":["post-1414","page","type-page","status-publish","hentry"],"yoast_head":"<!-- This site is optimized with the Yoast SEO plugin v25.9 - https:\/\/yoast.com\/wordpress\/plugins\/seo\/ -->\n<title>SEKTORI I INVESTIMEVE - LeadPro Advisors<\/title>\n<meta name=\"description\" content=\"Inversiones - Impulso que necesitas rumbo a la cima. En LeadPro Advisors contamos con una amplia trayectoria participando en compa\u00f1\u00edas de una gran variedad de sectores.\" \/>\n<meta name=\"robots\" content=\"index, follow, max-snippet:-1, max-image-preview:large, max-video-preview:-1\" \/>\n<link rel=\"canonical\" href=\"https:\/\/www.leadproadvisors.es\/sq\/sherbimet\/sektori-i-investimeve\/\" \/>\n<meta property=\"og:locale\" content=\"sq_AL\" \/>\n<meta property=\"og:type\" content=\"article\" \/>\n<meta property=\"og:title\" content=\"SEKTORI I INVESTIMEVE - LeadPro Advisors\" \/>\n<meta property=\"og:description\" content=\"Inversiones - Impulso que necesitas rumbo a la cima. En LeadPro Advisors contamos con una amplia trayectoria participando en compa\u00f1\u00edas de una gran variedad de sectores.\" \/>\n<meta property=\"og:url\" content=\"https:\/\/www.leadproadvisors.es\/sq\/sherbimet\/sektori-i-investimeve\/\" \/>\n<meta property=\"og:site_name\" content=\"LeadPro Advisors\" \/>\n<meta property=\"article:modified_time\" content=\"2025-05-21T09:08:51+00:00\" \/>\n<meta name=\"twitter:card\" content=\"summary_large_image\" \/>\n<meta name=\"twitter:label1\" content=\"Est. reading time\" \/>\n\t<meta name=\"twitter:data1\" content=\"3 minutes\" \/>\n<script type=\"application\/ld+json\" class=\"yoast-schema-graph\">{\"@context\":\"https:\/\/schema.org\",\"@graph\":[{\"@type\":\"WebPage\",\"@id\":\"https:\/\/www.leadproadvisors.es\/sq\/sherbimet\/sektori-i-investimeve\/\",\"url\":\"https:\/\/www.leadproadvisors.es\/sq\/sherbimet\/sektori-i-investimeve\/\",\"name\":\"SEKTORI I INVESTIMEVE - LeadPro Advisors\",\"isPartOf\":{\"@id\":\"https:\/\/www.leadproadvisors.es\/sq\/#website\"},\"primaryImageOfPage\":{\"@id\":\"https:\/\/www.leadproadvisors.es\/sq\/sherbimet\/sektori-i-investimeve\/#primaryimage\"},\"image\":{\"@id\":\"https:\/\/www.leadproadvisors.es\/sq\/sherbimet\/sektori-i-investimeve\/#primaryimage\"},\"thumbnailUrl\":\"https:\/\/www.leadproadvisors.es\/wp-content\/uploads\/\/2021\/03\/logo_horizontal.svg\",\"datePublished\":\"2021-03-04T08:42:05+00:00\",\"dateModified\":\"2025-05-21T09:08:51+00:00\",\"description\":\"Inversiones - Impulso que necesitas rumbo a la cima. En LeadPro Advisors contamos con una amplia trayectoria participando en compa\u00f1\u00edas de una gran variedad de sectores.\",\"breadcrumb\":{\"@id\":\"https:\/\/www.leadproadvisors.es\/sq\/sherbimet\/sektori-i-investimeve\/#breadcrumb\"},\"inLanguage\":\"sq-AL\",\"potentialAction\":[{\"@type\":\"ReadAction\",\"target\":[\"https:\/\/www.leadproadvisors.es\/sq\/sherbimet\/sektori-i-investimeve\/\"]}]},{\"@type\":\"ImageObject\",\"inLanguage\":\"sq-AL\",\"@id\":\"https:\/\/www.leadproadvisors.es\/sq\/sherbimet\/sektori-i-investimeve\/#primaryimage\",\"url\":\"https:\/\/www.leadproadvisors.es\/wp-content\/uploads\/\/2021\/03\/logo_horizontal.svg\",\"contentUrl\":\"https:\/\/www.leadproadvisors.es\/wp-content\/uploads\/\/2021\/03\/logo_horizontal.svg\"},{\"@type\":\"BreadcrumbList\",\"@id\":\"https:\/\/www.leadproadvisors.es\/sq\/sherbimet\/sektori-i-investimeve\/#breadcrumb\",\"itemListElement\":[{\"@type\":\"ListItem\",\"position\":1,\"name\":\"Portada\",\"item\":\"https:\/\/www.leadproadvisors.es\/sq\/\"},{\"@type\":\"ListItem\",\"position\":2,\"name\":\"Sh\u00ebrbimet\",\"item\":\"https:\/\/www.leadproadvisors.es\/sq\/sherbimet\/\"},{\"@type\":\"ListItem\",\"position\":3,\"name\":\"SEKTORI I INVESTIMEVE\"}]},{\"@type\":\"WebSite\",\"@id\":\"https:\/\/www.leadproadvisors.es\/sq\/#website\",\"url\":\"https:\/\/www.leadproadvisors.es\/sq\/\",\"name\":\"LeadPro Advisors\",\"description\":\"Asesor\u00eda LeadPro - Madrid\",\"potentialAction\":[{\"@type\":\"SearchAction\",\"target\":{\"@type\":\"EntryPoint\",\"urlTemplate\":\"https:\/\/www.leadproadvisors.es\/sq\/?s={search_term_string}\"},\"query-input\":{\"@type\":\"PropertyValueSpecification\",\"valueRequired\":true,\"valueName\":\"search_term_string\"}}],\"inLanguage\":\"sq-AL\"}]}<\/script>\n<!-- \/ Yoast SEO plugin. -->","yoast_head_json":{"title":"SEKTORI I INVESTIMEVE - LeadPro Advisors","description":"Inversiones - Impulso que necesitas rumbo a la cima. En LeadPro Advisors contamos con una amplia trayectoria participando en compa\u00f1\u00edas de una gran variedad de sectores.","robots":{"index":"index","follow":"follow","max-snippet":"max-snippet:-1","max-image-preview":"max-image-preview:large","max-video-preview":"max-video-preview:-1"},"canonical":"https:\/\/www.leadproadvisors.es\/sq\/sherbimet\/sektori-i-investimeve\/","og_locale":"sq_AL","og_type":"article","og_title":"SEKTORI I INVESTIMEVE - LeadPro Advisors","og_description":"Inversiones - Impulso que necesitas rumbo a la cima. En LeadPro Advisors contamos con una amplia trayectoria participando en compa\u00f1\u00edas de una gran variedad de sectores.","og_url":"https:\/\/www.leadproadvisors.es\/sq\/sherbimet\/sektori-i-investimeve\/","og_site_name":"LeadPro Advisors","article_modified_time":"2025-05-21T09:08:51+00:00","twitter_card":"summary_large_image","twitter_misc":{"Est. reading time":"3 minutes"},"schema":{"@context":"https:\/\/schema.org","@graph":[{"@type":"WebPage","@id":"https:\/\/www.leadproadvisors.es\/sq\/sherbimet\/sektori-i-investimeve\/","url":"https:\/\/www.leadproadvisors.es\/sq\/sherbimet\/sektori-i-investimeve\/","name":"SEKTORI I INVESTIMEVE - LeadPro Advisors","isPartOf":{"@id":"https:\/\/www.leadproadvisors.es\/sq\/#website"},"primaryImageOfPage":{"@id":"https:\/\/www.leadproadvisors.es\/sq\/sherbimet\/sektori-i-investimeve\/#primaryimage"},"image":{"@id":"https:\/\/www.leadproadvisors.es\/sq\/sherbimet\/sektori-i-investimeve\/#primaryimage"},"thumbnailUrl":"https:\/\/www.leadproadvisors.es\/wp-content\/uploads\/\/2021\/03\/logo_horizontal.svg","datePublished":"2021-03-04T08:42:05+00:00","dateModified":"2025-05-21T09:08:51+00:00","description":"Inversiones - Impulso que necesitas rumbo a la cima. En LeadPro Advisors contamos con una amplia trayectoria participando en compa\u00f1\u00edas de una gran variedad de sectores.","breadcrumb":{"@id":"https:\/\/www.leadproadvisors.es\/sq\/sherbimet\/sektori-i-investimeve\/#breadcrumb"},"inLanguage":"sq-AL","potentialAction":[{"@type":"ReadAction","target":["https:\/\/www.leadproadvisors.es\/sq\/sherbimet\/sektori-i-investimeve\/"]}]},{"@type":"ImageObject","inLanguage":"sq-AL","@id":"https:\/\/www.leadproadvisors.es\/sq\/sherbimet\/sektori-i-investimeve\/#primaryimage","url":"https:\/\/www.leadproadvisors.es\/wp-content\/uploads\/\/2021\/03\/logo_horizontal.svg","contentUrl":"https:\/\/www.leadproadvisors.es\/wp-content\/uploads\/\/2021\/03\/logo_horizontal.svg"},{"@type":"BreadcrumbList","@id":"https:\/\/www.leadproadvisors.es\/sq\/sherbimet\/sektori-i-investimeve\/#breadcrumb","itemListElement":[{"@type":"ListItem","position":1,"name":"Portada","item":"https:\/\/www.leadproadvisors.es\/sq\/"},{"@type":"ListItem","position":2,"name":"Sh\u00ebrbimet","item":"https:\/\/www.leadproadvisors.es\/sq\/sherbimet\/"},{"@type":"ListItem","position":3,"name":"SEKTORI I INVESTIMEVE"}]},{"@type":"WebSite","@id":"https:\/\/www.leadproadvisors.es\/sq\/#website","url":"https:\/\/www.leadproadvisors.es\/sq\/","name":"LeadPro Advisors","description":"Asesor\u00eda LeadPro - Madrid","potentialAction":[{"@type":"SearchAction","target":{"@type":"EntryPoint","urlTemplate":"https:\/\/www.leadproadvisors.es\/sq\/?s={search_term_string}"},"query-input":{"@type":"PropertyValueSpecification","valueRequired":true,"valueName":"search_term_string"}}],"inLanguage":"sq-AL"}]}},"_links":{"self":[{"href":"https:\/\/www.leadproadvisors.es\/sq\/wp-json\/wp\/v2\/pages\/1414","targetHints":{"allow":["GET"]}}],"collection":[{"href":"https:\/\/www.leadproadvisors.es\/sq\/wp-json\/wp\/v2\/pages"}],"about":[{"href":"https:\/\/www.leadproadvisors.es\/sq\/wp-json\/wp\/v2\/types\/page"}],"author":[{"embeddable":true,"href":"https:\/\/www.leadproadvisors.es\/sq\/wp-json\/wp\/v2\/users\/1"}],"replies":[{"embeddable":true,"href":"https:\/\/www.leadproadvisors.es\/sq\/wp-json\/wp\/v2\/comments?post=1414"}],"version-history":[{"count":3,"href":"https:\/\/www.leadproadvisors.es\/sq\/wp-json\/wp\/v2\/pages\/1414\/revisions"}],"predecessor-version":[{"id":1418,"href":"https:\/\/www.leadproadvisors.es\/sq\/wp-json\/wp\/v2\/pages\/1414\/revisions\/1418"}],"up":[{"embeddable":true,"href":"https:\/\/www.leadproadvisors.es\/sq\/wp-json\/wp\/v2\/pages\/1380"}],"wp:attachment":[{"href":"https:\/\/www.leadproadvisors.es\/sq\/wp-json\/wp\/v2\/media?parent=1414"}],"curies":[{"name":"wp","href":"https:\/\/api.w.org\/{rel}","templated":true}]}}