{"id":1431,"date":"2021-03-18T11:01:08","date_gmt":"2021-03-18T11:01:08","guid":{"rendered":"https:\/\/www.leadproadvisors.es\/aviso-legal\/"},"modified":"2025-05-21T09:27:35","modified_gmt":"2025-05-21T09:27:35","slug":"njoftim-ligjor","status":"publish","type":"page","link":"https:\/\/www.leadproadvisors.es\/sq\/njoftim-ligjor\/","title":{"rendered":"Njoftim Ligjor"},"content":{"rendered":"<div class=\"wpb-content-wrapper\"><p>[vc_row css_animation=&#8221;&#8221; row_type=&#8221;row&#8221; use_row_as_full_screen_section=&#8221;no&#8221; type=&#8221;full_width&#8221; angled_section=&#8221;no&#8221; text_align=&#8221;left&#8221; background_image_as_pattern=&#8221;without_pattern&#8221;][vc_column width=&#8221;1\/6&#8243;][\/vc_column][vc_column width=&#8221;2\/3&#8243;][vc_empty_space height=&#8221;100px&#8221;][vc_column_text css=&#8221;&#8221;]<\/p>\n<h1>Njoftim Ligjor<\/h1>\n<p>[\/vc_column_text][vc_column_text css=&#8221;&#8221; el_class=&#8221;txt-legal&#8221;]<b>IDENTIFIKIMI I PAL\u00cbVE<\/b><\/p>\n<p><span style=\"font-weight: 400;\">Ky Njoftim Ligjor p\u00ebr sh\u00ebrbimet e ofruara n\u00eb k\u00ebt\u00eb URL (n\u00eb vijim PORTALI) \u00ebsht\u00eb firmosur nga LEADPRO ADVISORS, S.L., pronare e URL-s\u00eb n\u00eb fjal\u00eb, me NIF Nr. B82216623, me adres\u00eb zyrtare n\u00eb rrug\u00ebn Doctor G\u00f3mez Ulla, 2, 2C 28028 Madrid (Spanj\u00eb).<\/span><\/p>\n<p><span style=\"font-weight: 400;\">N\u00eb \u00e7do moment, subjekti i interesuar mund ta ruaj\u00eb ose printoj\u00eb k\u00ebt\u00eb Njoftim Ligjor, gj\u00eb e cila i k\u00ebshillohet p\u00ebrdoruesit ta b\u00ebj\u00eb. Nga ana tjet\u00ebr, P\u00cbRDORUESI, i cili lundron n\u00ebp\u00ebrmjet portalit dhe, n\u00ebse d\u00ebshiron, mund t\u00eb d\u00ebrgoj\u00eb nj\u00eb postim elektronik n\u00eb adres\u00ebn elektronike mcnavarro@lpadvisors.es, duke sqaruar se t\u00eb dh\u00ebnat e d\u00ebrguara n\u00ebp\u00ebrmjet k\u00ebtij postimi elektronik do t\u00eb p\u00ebrdoren vet\u00ebm p\u00ebr t&#8217;u p\u00ebrgjigjur k\u00ebrkesave t\u00eb b\u00ebra nga P\u00cbRDORUESI. P\u00ebr p\u00ebrdorimin e k\u00ebtij PORTALI k\u00ebrkohet pranimi i qart\u00eb nga ana e P\u00cbRDORUESIT i secil\u00ebs prej klauzolave t\u00eb k\u00ebtij Njoftimi Ligjor. N\u00eb rast se nuk pranohet ky Njoftim Ligjor, P\u00cbRDORUESI duhet t\u00eb mos qaset dhe\/ose t\u00eb mos p\u00ebrdor\u00eb sh\u00ebrbimet e ofruara nga LEADPRO ADVISORS, duke braktisur PORTALIN.<\/span><\/p>\n<p><b>P\u00cbRKUFIZIME<\/b><\/p>\n<p><span style=\"font-weight: 400;\">P\u00ebrdorues: Person fizik ose juridik q\u00eb viziton PORTALIN dhe p\u00ebrdor sh\u00ebrbimet e tij, duke pasur mund\u00ebsin\u00eb t\u00eb d\u00ebrgoj\u00eb k\u00ebrkesa p\u00ebr informacion n\u00ebp\u00ebrmjet adres\u00ebs s\u00eb post\u00ebs elektronike t\u00eb v\u00ebn\u00eb n\u00eb dispozicion n\u00eb portal.<\/span><\/p>\n<p><span style=\"font-weight: 400;\">T\u00eb dh\u00ebna personale: \u00e7do informacion q\u00eb ka lidhje me persona fizik\u00eb t\u00eb identifikuar ose t\u00eb identifikuesh\u00ebm, t\u00eb cilat mund t\u00eb sigurohen nga p\u00ebrdoruesit n\u00eb rast se d\u00ebrgojn\u00eb postim elektronik n\u00eb adres\u00ebn e p\u00ebrgjithshme t\u00eb post\u00ebs elektronike t\u00eb portalit.<\/span><\/p>\n<p><span style=\"font-weight: 400;\">Cookies: varg tekstual q\u00eb instalohet n\u00eb hard diskun e kompjuterit t\u00eb P\u00ebrdoruesit dhe q\u00eb, sa her\u00eb ai hyn n\u00eb Portal, d\u00ebrgon informacion q\u00eb p\u00ebrdoret p\u00ebr t\u00eb identifikuar p\u00ebrdoruesin dhe preferencat e tij t\u00eb lundrimit.<\/span><\/p>\n<p><b>OBJEKTI DHE P\u00cbRKUFIZIMI I SH\u00cbRBIMEVE T\u00cb OFRUARA<\/b><\/p>\n<p><span style=\"font-weight: 400;\">LEADPRO ADVISORS \u00ebsht\u00eb nj\u00eb PORTAL interneti, aktiviteti kryesor i t\u00eb cilit konsiston n\u00eb ofrimin e informacionit mbi sh\u00ebrbimet q\u00eb lidhen me aktivitetin e vet, si dhe informacion mbi kompanin\u00eb. N\u00ebp\u00ebrmjet Portalit, P\u00cbRDORUESIT kan\u00eb qasje n\u00eb p\u00ebrmbajtje t\u00eb ndryshme q\u00eb vendosen n\u00eb dispozicionin e tyre p\u00ebrmes k\u00ebtij mjeti. N\u00eb k\u00ebt\u00eb m\u00ebnyr\u00eb, PORTALI sh\u00ebrben si instrument p\u00ebr prezantimin dhe p\u00ebrhapjen e sh\u00ebrbimeve t\u00eb LEADPRO ADVISORS. P\u00ebr rrjedhoj\u00eb, klauzolat e k\u00ebtij Njoftimi Ligjor do t\u00eb zbatohen p\u00ebr t\u00eb gjitha sh\u00ebrbimet e ofruara n\u00eb faqen e internetit. Karakteristikat e secilit prej k\u00ebtyre sh\u00ebrbimeve p\u00ebrcaktohen n\u00eb PORTAL. P\u00ebrve\u00e7 se sa m\u00eb sip\u00ebr, LEADPRO ADVISORS ruan t\u00eb drejt\u00ebn p\u00ebr t\u00eb modifikuar rrethanat dhe kushtet e sh\u00ebrbimit, pa lajm\u00ebruar paraprakisht p\u00ebrdoruesin, p\u00ebr sa koh\u00eb q\u00eb k\u00ebto ndryshime nuk prekin natyr\u00ebn e marr\u00ebdh\u00ebnies juridike q\u00eb mbahet dhe as k\u00ebt\u00eb Njoftim Ligjor.<\/span><\/p>\n<p><b>P\u00cbRDORUESIT DHE SH\u00cbRBIMET E OFRUARA NGA PORTALI<\/b><\/p>\n<p><span style=\"font-weight: 400;\">PORTALI ofron sh\u00ebrbime t\u00eb hapura p\u00ebr t\u00eb gjith\u00eb p\u00ebrdoruesit q\u00eb e vizitojn\u00eb at\u00eb. P\u00ebrdoruesit e lartp\u00ebrmendur jan\u00eb t\u00eb autorizuar ta p\u00ebrdorin PORTALIN vet\u00ebm pasi t\u00eb ken\u00eb pranuar dhe zbatuar kushtet e p\u00ebrmbledhura k\u00ebtu, dhe n\u00eb rast t\u00eb kund\u00ebrt duhet t\u00eb largohen nga faqja e internetit. P\u00ebrdorimi i k\u00ebtyre sh\u00ebrbimeve informative \u00ebsht\u00eb falas.<\/span>[\/vc_column_text][vc_column_text css=&#8221;&#8221; el_class=&#8221;txt-legal&#8221;]<b>P\u00cbRGJEGJ\u00cbSIT\u00cb:<\/b><\/p>\n<p><b>E portalit:<\/b><\/p>\n<p><span style=\"font-weight: 400;\">Portali nuk do t\u00eb ket\u00eb p\u00ebrgjegj\u00ebsi as t\u00eb drejtp\u00ebrdrejt\u00eb dhe as mb\u00ebshtet\u00ebse, p\u00ebr: Cil\u00ebsin\u00eb e sh\u00ebrbimit, shpejt\u00ebsin\u00eb e qasjes, funksionimin e duhur, as disponueshm\u00ebrin\u00eb ose vijim\u00ebsin\u00eb e funksionimit t\u00eb portalit. D\u00ebmet q\u00eb mund t&#8217;u shkaktohen pajisjeve t\u00eb p\u00ebrdoruesit nga p\u00ebrdorimi i portalit. Mosrespektimin e ligjit, moralin dhe zakonet e mira p\u00ebrgjith\u00ebsisht t\u00eb pranuara, apo rendin publik, si pasoj\u00eb e transmetimit, p\u00ebrhapjes, ruajtjes, v\u00ebnies n\u00eb dispozicion, marrjes, sigurimit apo qasjes n\u00eb p\u00ebrmbajtje. T\u00eb metat apo defektet e \u00e7do lloj p\u00ebrmbajtje t\u00eb transmetuar, t\u00eb p\u00ebrhapur, t\u00eb ruajtur ose t\u00eb v\u00ebn\u00eb n\u00eb dispozicion. Mos p\u00ebrdit\u00ebsimin e t\u00eb dh\u00ebnave t\u00eb dh\u00ebna nga P\u00cbRDORUESI, si dhe p\u00ebr dh\u00ebnien e t\u00eb dh\u00ebnave t\u00eb gabuara apo t\u00eb pav\u00ebrteta gjat\u00eb p\u00ebrdorimit t\u00eb sh\u00ebrbimeve t\u00eb PORTALIT. N\u00ebse LEADPRO ADVISORS kryen ndryshime n\u00eb klauzolat aktuale, t\u00eb cilat ende nuk jan\u00eb b\u00ebr\u00eb t\u00eb ditura n\u00eb faqen e internetit, do t\u2019i njoftoj\u00eb P\u00cbRDORUESIT n\u00eb koh\u00ebn m\u00eb t\u00eb shkurt\u00ebr t\u00eb mundshme, p\u00ebrmes nj\u00eb komunikimi personal ose p\u00ebrmes p\u00ebrdit\u00ebsimit t\u00eb p\u00ebrmbajtjeve n\u00eb PORTAL.<\/span><\/p>\n<p><b>E p\u00ebrdoruesit\/P\u00cbRDORUESIT:<\/b><\/p>\n<p><span style=\"font-weight: 400;\">P\u00cbRDORUESI do t\u00eb jet\u00eb p\u00ebrgjegj\u00ebs p\u00ebr: P\u00ebrmbajtjet e vendosura prej tyre, ve\u00e7an\u00ebrisht p\u00ebr t\u00eb dh\u00ebnat dhe informacionet e futura dhe t\u00eb d\u00ebrguara te LEADPRO ADVISORS. Kryerjen e \u00e7do veprimi t\u00eb paligjsh\u00ebm, d\u00ebmtues t\u00eb t\u00eb drejtave, t\u00eb d\u00ebmsh\u00ebm dhe\/ose q\u00eb shkakton d\u00ebme. Futjen, ruajtjen ose p\u00ebrhapjen n\u00eb ose nga PORTALI, t\u00eb \u00e7do informacioni ose materiali shpif\u00ebs, fyes, t\u00eb pahijsh\u00ebm, k\u00ebrc\u00ebnues, ksenofob, q\u00eb nxit dhun\u00ebn ose diskriminimin p\u00ebr shkak t\u00eb rac\u00ebs, seksit, ideologjis\u00eb, fes\u00eb, ose q\u00eb n\u00eb \u00e7do m\u00ebnyr\u00eb tjet\u00ebr cenon moralin, rendin publik, t\u00eb drejtat themelore, lirit\u00eb publike, nderin, privat\u00ebsin\u00eb ose imazhin e pal\u00ebve t\u00eb treta dhe, n\u00eb p\u00ebrgjith\u00ebsi, rregulloren n\u00eb fuqi. Futjen, ruajtjen ose p\u00ebrhapjen p\u00ebrmes PORTALIT t\u00eb programeve kompjuterike, t\u00eb dh\u00ebnave, viruseve, kodeve, pajisjeve hardware ose telekomunikacioni apo \u00e7do instrumenti tjet\u00ebr elektronik ose fizik, q\u00eb \u00ebsht\u00eb n\u00eb gjendje t\u00eb shkaktoj\u00eb d\u00ebme n\u00eb PORTAL, n\u00eb cilindo prej Sh\u00ebrbimeve, ose n\u00eb secil\u00ebn prej pajisjeve, sistemeve apo rrjeteve t\u00eb PORTALIT ose, n\u00eb p\u00ebrgjith\u00ebsi, t\u00eb \u00e7do pale t\u00eb tret\u00eb, ose q\u00eb n\u00eb \u00e7do m\u00ebnyr\u00eb tjet\u00ebr mund t&#8217;u shkaktoj\u00eb atyre \u00e7far\u00ebdo lloj tjet\u00ebrsimi apo t\u00eb pengoj\u00eb funksionimin e tyre normal.<\/span><\/p>\n<p><b>PRON\u00cbSIA INTELEKTUALE DHE INDUSTRIALE<\/b><\/p>\n<p><span style=\"font-weight: 400;\">Tekstet, imazhet, markat, grafikat dhe logot e portalit jan\u00eb t\u00eb mbrojtura nga ligjet mbi Pron\u00ebsin\u00eb Intelektuale dhe Industriale. Ndalohet riprodhimi, shp\u00ebrndarja, komunikimi publik dhe transformimi i tyre, p\u00ebrve\u00e7se p\u00ebr p\u00ebrdorim personal dhe privat. PORTALI nuk garanton q\u00eb p\u00ebrmbajtjet jan\u00eb t\u00eb sakta ose pa gabime, apo q\u00eb p\u00ebrdorimi i lir\u00eb i tyre nga p\u00ebrdoruesi nuk cenon t\u00eb drejtat e pal\u00ebve t\u00eb treta. P\u00ebrdorimi korrekt ose jokorrekt i k\u00ebsaj faqeje dhe p\u00ebrmbajtjeve t\u00eb saj mbetet n\u00ebn p\u00ebrgjegj\u00ebsin\u00eb e p\u00ebrdoruesit. Po ashtu, ndalohet riprodhimi, ritransmetimi, kopjimi, transferimi ose rishp\u00ebrndarja, e plot\u00eb ose e pjesshme, e informacionit t\u00eb p\u00ebrfshir\u00eb n\u00eb k\u00ebto faqe, pavar\u00ebsisht nga q\u00ebllimi apo mjeti i p\u00ebrdorur p\u00ebr k\u00ebt\u00eb, si dhe e produkteve t\u00eb blera p\u00ebrmes faqes s\u00eb internetit.<\/span><\/p>\n<p><b>P\u00cbRDORIMI I TEKNOLOGJIS\u00cb COOKIE<\/b><\/p>\n<p><span style=\"font-weight: 400;\">LEADPRO ADVISORS rezervon t\u00eb drejt\u00ebn p\u00ebr t\u00eb p\u00ebrdorur t\u00eb ashtuquajturat &#8220;cookies&#8221;, n\u00eb \u00e7do lloj p\u00ebrdorimi t\u00eb Portalit. Megjithat\u00eb, P\u00ebrdoruesit informohen p\u00ebr mund\u00ebsin\u00eb e refuzimit t\u00eb p\u00ebrdorimit t\u00eb tyre n\u00eb kompjuterin personal.<\/span>[\/vc_column_text][vc_column_text css=&#8221;&#8221; el_class=&#8221;txt-legal&#8221;]<b>LIDHJE OSE LINKS<\/b><\/p>\n<p><span style=\"font-weight: 400;\">PORTALI mund t\u00eb p\u00ebrmbaj\u00eb lidhje ose links drejt faqeve t\u00eb pal\u00ebve t\u00eb treta. Faqe e internetit t\u00eb sip\u00ebrp\u00ebrmendura nuk kan\u00eb qen\u00eb objekt kontrolli apo shqyrtimi t\u00eb tyre nga PORTALI. LEADPRO ADVISORS n\u00eb asnj\u00eb rast nuk mund t\u00eb konsiderohet p\u00ebrgjegj\u00ebse p\u00ebr p\u00ebrmbajtjet e k\u00ebtyre faqeve t\u00eb internetit, as p\u00ebr masat e marra nga k\u00ebto faqe n\u00eb lidhje me privat\u00ebsin\u00eb apo trajtimin e t\u00eb dh\u00ebnave tuaja personale. LEADPRO ADVISORS ju rekomandon t\u00eb lexoni me kujdes kushtet e p\u00ebrdorimit dhe politik\u00ebn e privat\u00ebsis\u00eb s\u00eb k\u00ebtyre faqeve. N\u00eb rast se jeni t\u00eb interesuar t\u00eb aktivizoni nj\u00eb lidhje drejt faqes son\u00eb t\u00eb internetit, duhet ta komunikoni k\u00ebt\u00eb te LEADPRO ADVISORS, duke marr\u00eb paraprakisht p\u00eblqimin e shprehur p\u00ebr krijimin e lidhjes. LEADPRO ADVISORS rezervon t\u00eb drejt\u00ebn e kund\u00ebrshtimit ndaj aktivizimit t\u00eb lidhjeve me faqen e saj t\u00eb internetit.<\/span><\/p>\n<p><b>JURIDIKSIONI<\/b><\/p>\n<p><span style=\"font-weight: 400;\">Klauzolat e k\u00ebtij Njoftimi Ligjor jan\u00eb hartuar n\u00eb spanjisht dhe i n\u00ebnshtrohen legjislacionit spanjoll n\u00eb fuqi. P\u00ebr \u00e7do lloj mosmarr\u00ebveshjeje q\u00eb lind nga p\u00ebrdorimi i sh\u00ebrbimeve ose produkteve t\u00eb ofruara n\u00eb PORTAL, pal\u00ebt, me pranimin e k\u00ebtij Njoftimi Ligjor, i n\u00ebnshtrohen Gjykatave dhe Tribunaleve kompetente t\u00eb Madridit, p\u00ebrve\u00e7se kur nj\u00eb Ligj p\u00ebrcakton nj\u00eb juridiksion tjet\u00ebr, n\u00eb var\u00ebsi t\u00eb natyr\u00ebs s\u00eb marr\u00ebdh\u00ebnies.<\/span>[\/vc_column_text][vc_empty_space height=&#8221;100px&#8221;][\/vc_column][vc_column width=&#8221;1\/6&#8243;][\/vc_column][\/vc_row]<\/p>\n<\/div>","protected":false},"excerpt":{"rendered":"<p>[vc_row css_animation=&#8221;&#8221; row_type=&#8221;row&#8221; use_row_as_full_screen_section=&#8221;no&#8221; type=&#8221;full_width&#8221; angled_section=&#8221;no&#8221; text_align=&#8221;left&#8221; background_image_as_pattern=&#8221;without_pattern&#8221;][vc_column width=&#8221;1\/6&#8243;][\/vc_column][vc_column width=&#8221;2\/3&#8243;][vc_empty_space height=&#8221;100px&#8221;][vc_column_text css=&#8221;&#8221;] Njoftim Ligjor [\/vc_column_text][vc_column_text css=&#8221;&#8221; el_class=&#8221;txt-legal&#8221;]IDENTIFIKIMI I PAL\u00cbVE Ky Njoftim Ligjor p\u00ebr sh\u00ebrbimet e ofruara n\u00eb k\u00ebt\u00eb URL (n\u00eb vijim PORTALI) \u00ebsht\u00eb firmosur nga LEADPRO ADVISORS, S.L., pronare e URL-s\u00eb n\u00eb fjal\u00eb, me NIF&#8230;<\/p>\n","protected":false},"author":1,"featured_media":0,"parent":0,"menu_order":0,"comment_status":"closed","ping_status":"closed","template":"","meta":{"footnotes":""},"class_list":["post-1431","page","type-page","status-publish","hentry"],"yoast_head":"<!-- This site is optimized with the Yoast SEO plugin v25.9 - https:\/\/yoast.com\/wordpress\/plugins\/seo\/ -->\n<title>Njoftim Ligjor - LeadPro Advisors<\/title>\n<meta name=\"robots\" content=\"noindex, follow\" \/>\n<meta property=\"og:locale\" content=\"sq_AL\" \/>\n<meta property=\"og:type\" content=\"article\" \/>\n<meta property=\"og:title\" content=\"Njoftim Ligjor - LeadPro Advisors\" \/>\n<meta property=\"og:description\" content=\"[vc_row css_animation=&#8221;&#8221; row_type=&#8221;row&#8221; use_row_as_full_screen_section=&#8221;no&#8221; type=&#8221;full_width&#8221; angled_section=&#8221;no&#8221; text_align=&#8221;left&#8221; background_image_as_pattern=&#8221;without_pattern&#8221;][vc_column width=&#8221;1\/6&#8243;][\/vc_column][vc_column width=&#8221;2\/3&#8243;][vc_empty_space height=&#8221;100px&#8221;][vc_column_text css=&#8221;&#8221;] Njoftim Ligjor [\/vc_column_text][vc_column_text css=&#8221;&#8221; el_class=&#8221;txt-legal&#8221;]IDENTIFIKIMI I PAL\u00cbVE Ky Njoftim Ligjor p\u00ebr sh\u00ebrbimet e ofruara n\u00eb k\u00ebt\u00eb URL (n\u00eb vijim PORTALI) \u00ebsht\u00eb firmosur nga LEADPRO ADVISORS, S.L., pronare e URL-s\u00eb n\u00eb fjal\u00eb, me NIF...\" \/>\n<meta property=\"og:url\" content=\"https:\/\/www.leadproadvisors.es\/sq\/njoftim-ligjor\/\" \/>\n<meta property=\"og:site_name\" content=\"LeadPro Advisors\" \/>\n<meta property=\"article:modified_time\" content=\"2025-05-21T09:27:35+00:00\" \/>\n<meta name=\"twitter:card\" content=\"summary_large_image\" \/>\n<meta name=\"twitter:label1\" content=\"Est. reading time\" \/>\n\t<meta name=\"twitter:data1\" content=\"6 minutes\" \/>\n<script type=\"application\/ld+json\" class=\"yoast-schema-graph\">{\"@context\":\"https:\/\/schema.org\",\"@graph\":[{\"@type\":\"WebPage\",\"@id\":\"https:\/\/www.leadproadvisors.es\/sq\/njoftim-ligjor\/\",\"url\":\"https:\/\/www.leadproadvisors.es\/sq\/njoftim-ligjor\/\",\"name\":\"Njoftim Ligjor - LeadPro Advisors\",\"isPartOf\":{\"@id\":\"https:\/\/www.leadproadvisors.es\/sq\/#website\"},\"datePublished\":\"2021-03-18T11:01:08+00:00\",\"dateModified\":\"2025-05-21T09:27:35+00:00\",\"breadcrumb\":{\"@id\":\"https:\/\/www.leadproadvisors.es\/sq\/njoftim-ligjor\/#breadcrumb\"},\"inLanguage\":\"sq-AL\",\"potentialAction\":[{\"@type\":\"ReadAction\",\"target\":[\"https:\/\/www.leadproadvisors.es\/sq\/njoftim-ligjor\/\"]}]},{\"@type\":\"BreadcrumbList\",\"@id\":\"https:\/\/www.leadproadvisors.es\/sq\/njoftim-ligjor\/#breadcrumb\",\"itemListElement\":[{\"@type\":\"ListItem\",\"position\":1,\"name\":\"Portada\",\"item\":\"https:\/\/www.leadproadvisors.es\/sq\/\"},{\"@type\":\"ListItem\",\"position\":2,\"name\":\"Njoftim Ligjor\"}]},{\"@type\":\"WebSite\",\"@id\":\"https:\/\/www.leadproadvisors.es\/sq\/#website\",\"url\":\"https:\/\/www.leadproadvisors.es\/sq\/\",\"name\":\"LeadPro Advisors\",\"description\":\"Asesor\u00eda LeadPro - Madrid\",\"potentialAction\":[{\"@type\":\"SearchAction\",\"target\":{\"@type\":\"EntryPoint\",\"urlTemplate\":\"https:\/\/www.leadproadvisors.es\/sq\/?s={search_term_string}\"},\"query-input\":{\"@type\":\"PropertyValueSpecification\",\"valueRequired\":true,\"valueName\":\"search_term_string\"}}],\"inLanguage\":\"sq-AL\"}]}<\/script>\n<!-- \/ Yoast SEO plugin. -->","yoast_head_json":{"title":"Njoftim Ligjor - LeadPro Advisors","robots":{"index":"noindex","follow":"follow"},"og_locale":"sq_AL","og_type":"article","og_title":"Njoftim Ligjor - LeadPro Advisors","og_description":"[vc_row css_animation=&#8221;&#8221; row_type=&#8221;row&#8221; use_row_as_full_screen_section=&#8221;no&#8221; type=&#8221;full_width&#8221; angled_section=&#8221;no&#8221; text_align=&#8221;left&#8221; background_image_as_pattern=&#8221;without_pattern&#8221;][vc_column width=&#8221;1\/6&#8243;][\/vc_column][vc_column width=&#8221;2\/3&#8243;][vc_empty_space height=&#8221;100px&#8221;][vc_column_text css=&#8221;&#8221;] Njoftim Ligjor [\/vc_column_text][vc_column_text css=&#8221;&#8221; el_class=&#8221;txt-legal&#8221;]IDENTIFIKIMI I PAL\u00cbVE Ky Njoftim Ligjor p\u00ebr sh\u00ebrbimet e ofruara n\u00eb k\u00ebt\u00eb URL (n\u00eb vijim PORTALI) \u00ebsht\u00eb firmosur nga LEADPRO ADVISORS, S.L., pronare e URL-s\u00eb n\u00eb fjal\u00eb, me NIF...","og_url":"https:\/\/www.leadproadvisors.es\/sq\/njoftim-ligjor\/","og_site_name":"LeadPro Advisors","article_modified_time":"2025-05-21T09:27:35+00:00","twitter_card":"summary_large_image","twitter_misc":{"Est. reading time":"6 minutes"},"schema":{"@context":"https:\/\/schema.org","@graph":[{"@type":"WebPage","@id":"https:\/\/www.leadproadvisors.es\/sq\/njoftim-ligjor\/","url":"https:\/\/www.leadproadvisors.es\/sq\/njoftim-ligjor\/","name":"Njoftim Ligjor - LeadPro Advisors","isPartOf":{"@id":"https:\/\/www.leadproadvisors.es\/sq\/#website"},"datePublished":"2021-03-18T11:01:08+00:00","dateModified":"2025-05-21T09:27:35+00:00","breadcrumb":{"@id":"https:\/\/www.leadproadvisors.es\/sq\/njoftim-ligjor\/#breadcrumb"},"inLanguage":"sq-AL","potentialAction":[{"@type":"ReadAction","target":["https:\/\/www.leadproadvisors.es\/sq\/njoftim-ligjor\/"]}]},{"@type":"BreadcrumbList","@id":"https:\/\/www.leadproadvisors.es\/sq\/njoftim-ligjor\/#breadcrumb","itemListElement":[{"@type":"ListItem","position":1,"name":"Portada","item":"https:\/\/www.leadproadvisors.es\/sq\/"},{"@type":"ListItem","position":2,"name":"Njoftim Ligjor"}]},{"@type":"WebSite","@id":"https:\/\/www.leadproadvisors.es\/sq\/#website","url":"https:\/\/www.leadproadvisors.es\/sq\/","name":"LeadPro Advisors","description":"Asesor\u00eda LeadPro - Madrid","potentialAction":[{"@type":"SearchAction","target":{"@type":"EntryPoint","urlTemplate":"https:\/\/www.leadproadvisors.es\/sq\/?s={search_term_string}"},"query-input":{"@type":"PropertyValueSpecification","valueRequired":true,"valueName":"search_term_string"}}],"inLanguage":"sq-AL"}]}},"_links":{"self":[{"href":"https:\/\/www.leadproadvisors.es\/sq\/wp-json\/wp\/v2\/pages\/1431","targetHints":{"allow":["GET"]}}],"collection":[{"href":"https:\/\/www.leadproadvisors.es\/sq\/wp-json\/wp\/v2\/pages"}],"about":[{"href":"https:\/\/www.leadproadvisors.es\/sq\/wp-json\/wp\/v2\/types\/page"}],"author":[{"embeddable":true,"href":"https:\/\/www.leadproadvisors.es\/sq\/wp-json\/wp\/v2\/users\/1"}],"replies":[{"embeddable":true,"href":"https:\/\/www.leadproadvisors.es\/sq\/wp-json\/wp\/v2\/comments?post=1431"}],"version-history":[{"count":2,"href":"https:\/\/www.leadproadvisors.es\/sq\/wp-json\/wp\/v2\/pages\/1431\/revisions"}],"predecessor-version":[{"id":1433,"href":"https:\/\/www.leadproadvisors.es\/sq\/wp-json\/wp\/v2\/pages\/1431\/revisions\/1433"}],"wp:attachment":[{"href":"https:\/\/www.leadproadvisors.es\/sq\/wp-json\/wp\/v2\/media?parent=1431"}],"curies":[{"name":"wp","href":"https:\/\/api.w.org\/{rel}","templated":true}]}}