{"id":1435,"date":"2021-03-18T11:10:08","date_gmt":"2021-03-18T11:10:08","guid":{"rendered":"https:\/\/www.leadproadvisors.es\/politica-de-cookies\/"},"modified":"2025-05-21T09:31:18","modified_gmt":"2025-05-21T09:31:18","slug":"politika-e-cookies","status":"publish","type":"page","link":"https:\/\/www.leadproadvisors.es\/sq\/politika-e-cookies\/","title":{"rendered":"Politika e Cookies"},"content":{"rendered":"<div class=\"wpb-content-wrapper\"><p>[vc_row css_animation=&#8221;&#8221; row_type=&#8221;row&#8221; use_row_as_full_screen_section=&#8221;no&#8221; type=&#8221;full_width&#8221; angled_section=&#8221;no&#8221; text_align=&#8221;left&#8221; background_image_as_pattern=&#8221;without_pattern&#8221;][vc_column width=&#8221;1\/6&#8243;][\/vc_column][vc_column width=&#8221;2\/3&#8243;][vc_empty_space height=&#8221;100px&#8221;][vc_column_text css=&#8221;&#8221;]<\/p>\n<h1 class=\"p1\"><b>Politika e Cookies<\/b><\/h1>\n<p>[\/vc_column_text][vc_empty_space height=&#8221;40px&#8221;][vc_column_text css=&#8221;&#8221; el_class=&#8221;txt-legal&#8221;]<span style=\"font-weight: 400;\">Nj\u00eb cookie \u00ebsht\u00eb nj\u00eb skedar kompjuterik i pad\u00ebmsh\u00ebm, q\u00eb ruhet n\u00eb shfletuesin tuaj dhe n\u00eb dosjet e p\u00ebrkohshme t\u00eb kompjuterit tuaj kur vizitoni nj\u00eb faqe interneti. Ky skedar sh\u00ebrben, nd\u00ebr t\u00eb tjera, p\u00ebr t\u2019i mund\u00ebsuar faqes s\u00eb internetit t\u00eb kujtoj\u00eb vizit\u00ebn tuaj t\u00eb m\u00ebparshme kur riktheheni p\u00ebr ta vizituar p\u00ebrs\u00ebri. Cookies zakonisht ruajn\u00eb informacione teknike (shfletues, mjedis kompjuterik etj.), preferencat personale, personalizimin, statistika, lidhje me rrjete sociale, etj. Objektivi i tyre \u00ebsht\u00eb p\u00ebrshtatja e p\u00ebrmbajtjes sipas profilit dhe nevojave tuaja.<\/span><\/p>\n<p><span style=\"font-weight: 400;\">Nj\u00eb cookie nuk \u00ebsht\u00eb virus, as trojan, nuk hap dritare emergjente (pop-up), as nuk ruan t\u00eb dh\u00ebna personale (kart\u00eb identiteti, llogari bankare, etj.) dhe as nuk kryen aktivitete t\u00eb spiunazhit kompjuterik. P\u00ebr m\u00eb tep\u00ebr, cookies nuk ju identifikojn\u00eb ju personalisht, por identifikojn\u00eb kombinimin shfletues-sistem operativ me t\u00eb cilin ju qaseni n\u00eb faqen e internetit. \u00c7do shfletues mund t\u00eb mb\u00ebshtes\u00eb cookies t\u00eb ndryshme dhe t\u00eb ruaj\u00eb informacione t\u00eb ndryshme, n\u00eb var\u00ebsi t\u00eb konfigurimit t\u00eb tij.<\/span><\/p>\n<p><span style=\"font-weight: 400;\">Shfletuesi \u00ebsht\u00eb programi p\u00ebrgjegj\u00ebs p\u00ebr p\u00ebrpunimin e cookies, ruajtjen e tyre dhe, n\u00ebse k\u00ebrkohet, p\u00ebr fshirjen ose bllokimin e instalimit t\u00eb tyre. Si rrjedhoj\u00eb, kjo faqe interneti nuk mund t\u00eb garantoj\u00eb p\u00ebrpunimin korrekt t\u00eb cookies nga softueri q\u00eb p\u00ebrdorni p\u00ebr t\u2019u qasur n\u00eb t\u00eb.<\/span><\/p>\n<p><span style=\"font-weight: 400;\">Ju mund t\u2019i fshini apo bllokoni plot\u00ebsisht ose p\u00ebr \u00e7do domain, ato cookies q\u00eb ruhen n\u00eb shfletuesin tuaj. Mbani mend se ky bllokim mund t\u00eb shkaktoj\u00eb efekte t\u00eb pad\u00ebshirueshme, si p\u00ebr shembull pamund\u00ebsin\u00eb p\u00ebr t\u2019u qasur n\u00eb zonat private t\u00eb faqes, ndarjen e informacion p\u00ebrmes rrjeteve sociale, komentimin e lajmeve, ose madje edhe pamund\u00ebsin\u00eb p\u00ebr t\u00eb realizuar blerje p\u00ebrmes internetit, pasi nuk mund t\u00eb qaseni n\u00eb m\u00ebnyr\u00eb t\u00eb suksesshme shport\u00ebn e blerjeve.<\/span><\/p>\n<p><span style=\"font-weight: 400;\">Kjo faqe interneti nuk \u00ebsht\u00eb p\u00ebrgjegj\u00ebse p\u00ebr politikat e privat\u00ebsis\u00eb s\u00eb pal\u00ebve t\u00eb treta me t\u00eb cilat ju ndani informacion n\u00ebp\u00ebrmjet saj, apo p\u00ebrmes butonave t\u00eb saj sociale si ato t\u00eb rrjeteve sociale (Facebook, Twitter etj.). N\u00eb rast paqart\u00ebsish mbi k\u00ebt\u00eb politik\u00eb privat\u00ebsie, ju lutemi kontaktoni me ne.<\/span><\/p>\n<p><span style=\"text-decoration: underline;\"><span style=\"font-weight: 400;\">Cookies t\u00eb p\u00ebrdorura<\/span><\/span><\/p>\n<p><span style=\"font-weight: 400;\">Kjo faqe interneti p\u00ebrdor cookies e veta, si m\u00eb posht\u00eb:<\/span><\/p>\n<p><span style=\"text-decoration: underline;\"><span style=\"font-weight: 400;\">Cookies t\u00eb sesionit:<\/span><\/span><span style=\"font-weight: 400;\"> Kan\u00eb si q\u00ebllim shmangien e spam-it dhe t\u00eb garantojn\u00eb se p\u00ebrdoruesi q\u00eb nd\u00ebrvepron me faqen \u00ebsht\u00eb njeri dhe jo robot.<\/span><\/p>\n<p><span style=\"text-decoration: underline;\"><span style=\"font-weight: 400;\">Cookies t\u00eb p\u00ebrdoruesit:<\/span><\/span><span style=\"font-weight: 400;\"> Kan\u00eb si q\u00ebllim lejimin e qasjes n\u00eb faqe n\u00ebp\u00ebrmjet emrit t\u00eb p\u00ebrdoruesit dhe fjal\u00ebkalimit, duke mbajtur mend preferencat tuaja.<\/span><\/p>\n<p><span style=\"font-weight: 400;\">Kjo faqe interneti p\u00ebrdor gjithashtu cookies t\u00eb pal\u00ebve t\u00eb treta:<\/span><\/p>\n<p><span style=\"text-decoration: underline;\"><span style=\"font-weight: 400;\">Cookies analitike:<\/span><\/span><span style=\"font-weight: 400;\"> Kan\u00eb si q\u00ebllim krijimin e statistikave mbi trafikun dhe vizitat n\u00eb k\u00ebt\u00eb faqe. K\u00ebto cookies jan\u00eb pron\u00ebsi e Google, ndaj p\u00ebr \u00e7do veprim lidhur me to duhet t\u00eb kontaktoni me k\u00ebt\u00eb kompani. Google ka n\u00ebnshkruar marr\u00ebveshje \u201cPort i Sigurt\u00eb\u201d n\u00eb m\u00ebnyr\u00eb q\u00eb t\u00eb dh\u00ebnat tuaja, edhe pse mund t\u00eb ruhen n\u00eb server\u00eb jasht\u00eb Bashkimit Evropian, t\u00eb trajtohen n\u00eb p\u00ebrputhje me rregulloren komunitare p\u00ebr mbrojtjen e t\u00eb dh\u00ebnave.<\/span>[\/vc_column_text][vc_column_text css=&#8221;&#8221; el_class=&#8221;txt-legal&#8221;]<span style=\"text-decoration: underline;\"><span style=\"font-weight: 400;\">Rrjete sociale:<\/span><\/span><span style=\"font-weight: 400;\"> Rrjetet sociale p\u00ebrdorin cookies t\u00eb veta p\u00ebr t\u00eb ndar\u00eb p\u00ebrmbajtjen dhe ofruesit e videove, si YouTube, p\u00ebrdorin cookies p\u00ebr t\u2019ju mund\u00ebsuar shikimin e tyre.<\/span><\/p>\n<p><span style=\"font-weight: 400;\"><span style=\"text-decoration: underline;\">Cookies reklamuese<\/span>:<\/span> <span style=\"font-weight: 400;\">Kan\u00eb si q\u00ebllim evidentimin e numrit t\u00eb shfaqjeve t\u00eb reklamave q\u00eb shoq\u00ebrojn\u00eb faqen ton\u00eb p\u00ebr t\u00eb ofruar statistika mbi numrin e klikimeve mbi to. K\u00ebto reklama p\u00ebrdorin cookies q\u00eb jan\u00eb pron\u00ebsi e Google (Adsense).<\/span><\/p>\n<p><span style=\"text-decoration: underline;\"><span style=\"font-weight: 400;\">\u00c7aktivizimi ose fshirja e cookies<\/span><\/span><\/p>\n<p><span style=\"font-weight: 400;\">Ju mund t\u00eb \u00e7aktivizoni cookies tek preferencat e lundrimit n\u00eb shfletuesin tuaj n\u00eb \u00e7do moment. N\u00eb vazhdim ju tregojm\u00eb, n\u00eb m\u00ebnyr\u00eb t\u00eb p\u00ebrgjithshme dhe duke marr\u00eb parasysh q\u00eb mund t\u00eb ndryshojn\u00eb n\u00eb var\u00ebsi t\u00eb versionit t\u00eb instaluar, vendndodhjet m\u00eb t\u00eb zakonshme ku mund t\u00eb gjeni konfigurimin e cookies n\u00eb shfletuesit m\u00eb popullor\u00eb:<\/span><\/p>\n<ul>\n<li style=\"font-weight: 400;\" aria-level=\"1\"><span style=\"font-weight: 400;\">Internet Explorer: Tools \u2192 Internet Options \u2192 Privacy \u2192 Settings.<\/span><\/li>\n<li style=\"font-weight: 400;\" aria-level=\"1\"><span style=\"font-weight: 400;\">Mozilla Firefox: Tools \u2192 Options \u2192 Privacy \u2192 History \u2192 Custom Settings.<\/span><\/li>\n<li style=\"font-weight: 400;\" aria-level=\"1\"><span style=\"font-weight: 400;\">Google Chrome: Settings \u2192 Show advanced options \u2192 Privacy \u2192 Content settings.<\/span><\/li>\n<li style=\"font-weight: 400;\" aria-level=\"1\"><span style=\"font-weight: 400;\">Opera: Settings \u2192 Options \u2192 Advanced \u2192 Cookies. <\/span> <span style=\"font-weight: 400;\">Safari: Preferences \u2192 Security.<\/span><\/li>\n<\/ul>\n<p><span style=\"font-weight: 400;\">Gjithashtu, ju kujtojm\u00eb se shum\u00eb nga shfletuesit ekzistues sot ofrojn\u00eb mund\u00ebsin\u00eb e lundrimit privat, duke fshir\u00eb cookies dhe historikun e lundrimit sapo mbyllet shfletuesi. P\u00ebr m\u00eb shum\u00eb informacion kontaktoni ofruesin e softuerit tuaj.<\/span>[\/vc_column_text][vc_empty_space height=&#8221;100px&#8221;][\/vc_column][vc_column width=&#8221;1\/6&#8243;][\/vc_column][\/vc_row]<\/p>\n<\/div>","protected":false},"excerpt":{"rendered":"<p>[vc_row css_animation=&#8221;&#8221; row_type=&#8221;row&#8221; use_row_as_full_screen_section=&#8221;no&#8221; type=&#8221;full_width&#8221; angled_section=&#8221;no&#8221; text_align=&#8221;left&#8221; background_image_as_pattern=&#8221;without_pattern&#8221;][vc_column width=&#8221;1\/6&#8243;][\/vc_column][vc_column width=&#8221;2\/3&#8243;][vc_empty_space height=&#8221;100px&#8221;][vc_column_text css=&#8221;&#8221;] Politika e Cookies [\/vc_column_text][vc_empty_space height=&#8221;40px&#8221;][vc_column_text css=&#8221;&#8221; el_class=&#8221;txt-legal&#8221;]Nj\u00eb cookie \u00ebsht\u00eb nj\u00eb skedar kompjuterik i pad\u00ebmsh\u00ebm, q\u00eb ruhet n\u00eb shfletuesin tuaj dhe n\u00eb dosjet e p\u00ebrkohshme t\u00eb kompjuterit tuaj kur vizitoni nj\u00eb faqe interneti. Ky&#8230;<\/p>\n","protected":false},"author":1,"featured_media":0,"parent":0,"menu_order":0,"comment_status":"closed","ping_status":"closed","template":"","meta":{"footnotes":""},"class_list":["post-1435","page","type-page","status-publish","hentry"],"yoast_head":"<!-- This site is optimized with the Yoast SEO plugin v25.9 - https:\/\/yoast.com\/wordpress\/plugins\/seo\/ -->\n<title>Politika e Cookies - LeadPro Advisors<\/title>\n<meta name=\"robots\" content=\"noindex, follow\" \/>\n<meta property=\"og:locale\" content=\"sq_AL\" \/>\n<meta property=\"og:type\" content=\"article\" \/>\n<meta property=\"og:title\" content=\"Politika e Cookies - LeadPro Advisors\" \/>\n<meta property=\"og:description\" content=\"[vc_row css_animation=&#8221;&#8221; row_type=&#8221;row&#8221; use_row_as_full_screen_section=&#8221;no&#8221; type=&#8221;full_width&#8221; angled_section=&#8221;no&#8221; text_align=&#8221;left&#8221; background_image_as_pattern=&#8221;without_pattern&#8221;][vc_column width=&#8221;1\/6&#8243;][\/vc_column][vc_column width=&#8221;2\/3&#8243;][vc_empty_space height=&#8221;100px&#8221;][vc_column_text css=&#8221;&#8221;] Politika e Cookies [\/vc_column_text][vc_empty_space height=&#8221;40px&#8221;][vc_column_text css=&#8221;&#8221; el_class=&#8221;txt-legal&#8221;]Nj\u00eb cookie \u00ebsht\u00eb nj\u00eb skedar kompjuterik i pad\u00ebmsh\u00ebm, q\u00eb ruhet n\u00eb shfletuesin tuaj dhe n\u00eb dosjet e p\u00ebrkohshme t\u00eb kompjuterit tuaj kur vizitoni nj\u00eb faqe interneti. Ky...\" \/>\n<meta property=\"og:url\" content=\"https:\/\/www.leadproadvisors.es\/sq\/politika-e-cookies\/\" \/>\n<meta property=\"og:site_name\" content=\"LeadPro Advisors\" \/>\n<meta property=\"article:modified_time\" content=\"2025-05-21T09:31:18+00:00\" \/>\n<meta name=\"twitter:card\" content=\"summary_large_image\" \/>\n<meta name=\"twitter:label1\" content=\"Est. reading time\" \/>\n\t<meta name=\"twitter:data1\" content=\"4 minutes\" \/>\n<script type=\"application\/ld+json\" class=\"yoast-schema-graph\">{\"@context\":\"https:\/\/schema.org\",\"@graph\":[{\"@type\":\"WebPage\",\"@id\":\"https:\/\/www.leadproadvisors.es\/sq\/politika-e-cookies\/\",\"url\":\"https:\/\/www.leadproadvisors.es\/sq\/politika-e-cookies\/\",\"name\":\"Politika e Cookies - LeadPro Advisors\",\"isPartOf\":{\"@id\":\"https:\/\/www.leadproadvisors.es\/sq\/#website\"},\"datePublished\":\"2021-03-18T11:10:08+00:00\",\"dateModified\":\"2025-05-21T09:31:18+00:00\",\"breadcrumb\":{\"@id\":\"https:\/\/www.leadproadvisors.es\/sq\/politika-e-cookies\/#breadcrumb\"},\"inLanguage\":\"sq-AL\",\"potentialAction\":[{\"@type\":\"ReadAction\",\"target\":[\"https:\/\/www.leadproadvisors.es\/sq\/politika-e-cookies\/\"]}]},{\"@type\":\"BreadcrumbList\",\"@id\":\"https:\/\/www.leadproadvisors.es\/sq\/politika-e-cookies\/#breadcrumb\",\"itemListElement\":[{\"@type\":\"ListItem\",\"position\":1,\"name\":\"Portada\",\"item\":\"https:\/\/www.leadproadvisors.es\/sq\/\"},{\"@type\":\"ListItem\",\"position\":2,\"name\":\"Politika e Cookies\"}]},{\"@type\":\"WebSite\",\"@id\":\"https:\/\/www.leadproadvisors.es\/sq\/#website\",\"url\":\"https:\/\/www.leadproadvisors.es\/sq\/\",\"name\":\"LeadPro Advisors\",\"description\":\"Asesor\u00eda LeadPro - Madrid\",\"potentialAction\":[{\"@type\":\"SearchAction\",\"target\":{\"@type\":\"EntryPoint\",\"urlTemplate\":\"https:\/\/www.leadproadvisors.es\/sq\/?s={search_term_string}\"},\"query-input\":{\"@type\":\"PropertyValueSpecification\",\"valueRequired\":true,\"valueName\":\"search_term_string\"}}],\"inLanguage\":\"sq-AL\"}]}<\/script>\n<!-- \/ Yoast SEO plugin. -->","yoast_head_json":{"title":"Politika e Cookies - LeadPro Advisors","robots":{"index":"noindex","follow":"follow"},"og_locale":"sq_AL","og_type":"article","og_title":"Politika e Cookies - LeadPro Advisors","og_description":"[vc_row css_animation=&#8221;&#8221; row_type=&#8221;row&#8221; use_row_as_full_screen_section=&#8221;no&#8221; type=&#8221;full_width&#8221; angled_section=&#8221;no&#8221; text_align=&#8221;left&#8221; background_image_as_pattern=&#8221;without_pattern&#8221;][vc_column width=&#8221;1\/6&#8243;][\/vc_column][vc_column width=&#8221;2\/3&#8243;][vc_empty_space height=&#8221;100px&#8221;][vc_column_text css=&#8221;&#8221;] Politika e Cookies [\/vc_column_text][vc_empty_space height=&#8221;40px&#8221;][vc_column_text css=&#8221;&#8221; el_class=&#8221;txt-legal&#8221;]Nj\u00eb cookie \u00ebsht\u00eb nj\u00eb skedar kompjuterik i pad\u00ebmsh\u00ebm, q\u00eb ruhet n\u00eb shfletuesin tuaj dhe n\u00eb dosjet e p\u00ebrkohshme t\u00eb kompjuterit tuaj kur vizitoni nj\u00eb faqe interneti. Ky...","og_url":"https:\/\/www.leadproadvisors.es\/sq\/politika-e-cookies\/","og_site_name":"LeadPro Advisors","article_modified_time":"2025-05-21T09:31:18+00:00","twitter_card":"summary_large_image","twitter_misc":{"Est. reading time":"4 minutes"},"schema":{"@context":"https:\/\/schema.org","@graph":[{"@type":"WebPage","@id":"https:\/\/www.leadproadvisors.es\/sq\/politika-e-cookies\/","url":"https:\/\/www.leadproadvisors.es\/sq\/politika-e-cookies\/","name":"Politika e Cookies - LeadPro Advisors","isPartOf":{"@id":"https:\/\/www.leadproadvisors.es\/sq\/#website"},"datePublished":"2021-03-18T11:10:08+00:00","dateModified":"2025-05-21T09:31:18+00:00","breadcrumb":{"@id":"https:\/\/www.leadproadvisors.es\/sq\/politika-e-cookies\/#breadcrumb"},"inLanguage":"sq-AL","potentialAction":[{"@type":"ReadAction","target":["https:\/\/www.leadproadvisors.es\/sq\/politika-e-cookies\/"]}]},{"@type":"BreadcrumbList","@id":"https:\/\/www.leadproadvisors.es\/sq\/politika-e-cookies\/#breadcrumb","itemListElement":[{"@type":"ListItem","position":1,"name":"Portada","item":"https:\/\/www.leadproadvisors.es\/sq\/"},{"@type":"ListItem","position":2,"name":"Politika e Cookies"}]},{"@type":"WebSite","@id":"https:\/\/www.leadproadvisors.es\/sq\/#website","url":"https:\/\/www.leadproadvisors.es\/sq\/","name":"LeadPro Advisors","description":"Asesor\u00eda LeadPro - Madrid","potentialAction":[{"@type":"SearchAction","target":{"@type":"EntryPoint","urlTemplate":"https:\/\/www.leadproadvisors.es\/sq\/?s={search_term_string}"},"query-input":{"@type":"PropertyValueSpecification","valueRequired":true,"valueName":"search_term_string"}}],"inLanguage":"sq-AL"}]}},"_links":{"self":[{"href":"https:\/\/www.leadproadvisors.es\/sq\/wp-json\/wp\/v2\/pages\/1435","targetHints":{"allow":["GET"]}}],"collection":[{"href":"https:\/\/www.leadproadvisors.es\/sq\/wp-json\/wp\/v2\/pages"}],"about":[{"href":"https:\/\/www.leadproadvisors.es\/sq\/wp-json\/wp\/v2\/types\/page"}],"author":[{"embeddable":true,"href":"https:\/\/www.leadproadvisors.es\/sq\/wp-json\/wp\/v2\/users\/1"}],"replies":[{"embeddable":true,"href":"https:\/\/www.leadproadvisors.es\/sq\/wp-json\/wp\/v2\/comments?post=1435"}],"version-history":[{"count":2,"href":"https:\/\/www.leadproadvisors.es\/sq\/wp-json\/wp\/v2\/pages\/1435\/revisions"}],"predecessor-version":[{"id":1437,"href":"https:\/\/www.leadproadvisors.es\/sq\/wp-json\/wp\/v2\/pages\/1435\/revisions\/1437"}],"wp:attachment":[{"href":"https:\/\/www.leadproadvisors.es\/sq\/wp-json\/wp\/v2\/media?parent=1435"}],"curies":[{"name":"wp","href":"https:\/\/api.w.org\/{rel}","templated":true}]}}